{"id":11899,"date":"2024-11-20T21:01:07","date_gmt":"2024-11-20T20:01:07","guid":{"rendered":"https:\/\/keszul.mozaikhub.hu\/?page_id=11899"},"modified":"2025-08-29T10:50:15","modified_gmt":"2025-08-29T08:50:15","slug":"microgrants-for-new-initiatives","status":"publish","type":"page","link":"https:\/\/mozaikhub.hu\/en\/financial-support\/microgrants-for-new-initiatives\/","title":{"rendered":"Microgrants for new initiatives"},"content":{"rendered":"\t\t<div data-elementor-type=\"wp-page\" data-elementor-id=\"11899\" class=\"elementor elementor-11899 elementor-10933\" data-elementor-post-type=\"page\">\n\t\t\t\t<div class=\"elementor-element elementor-element-011bb66 e-flex e-con-boxed e-con e-parent\" data-id=\"011bb66\" data-element_type=\"container\" data-e-type=\"container\" data-settings=\"{&quot;background_background&quot;:&quot;classic&quot;}\">\n\t\t\t\t\t<div class=\"e-con-inner\">\n\t\t\t\t<div class=\"elementor-element elementor-element-717d561 elementor-widget elementor-widget-heading\" data-id=\"717d561\" data-element_type=\"widget\" data-e-type=\"widget\" data-widget_type=\"heading.default\">\n\t\t\t\t<div class=\"elementor-widget-container\">\n\t\t\t\t\t<h1 class=\"elementor-heading-title elementor-size-default\">Microgrants for new initiatives<\/h1>\t\t\t\t<\/div>\n\t\t\t\t<\/div>\n\t\t<div class=\"elementor-element elementor-element-bfe0779 e-flex e-con-boxed e-con e-child\" data-id=\"bfe0779\" data-element_type=\"container\" data-e-type=\"container\" data-settings=\"{&quot;background_background&quot;:&quot;classic&quot;}\">\n\t\t\t\t\t<div class=\"e-con-inner\">\n\t\t\t\t<div class=\"elementor-element elementor-element-5c8c9e8 elementor-widget elementor-widget-text-editor\" data-id=\"5c8c9e8\" data-element_type=\"widget\" data-e-type=\"widget\" data-widget_type=\"text-editor.default\">\n\t\t\t\t<div class=\"elementor-widget-container\">\n\t\t\t\t\t\t\t\t\t<p>The Mozaik Jewish Community Hub offers grants for project leaders, project groups, and activists in the Jewish community.<\/p><p>The primary goals of the grant are to encourage and support NGOs working to advance Jewish life, community and values, to contribute to the capacity building of Jewish community NGOs.<\/p><p><strong>Microgrants can only be received, if the project was brought to life by personal initiatives\u00a0<\/strong><strong>and it\u2019s execution is not carried out in an organizational frame.\u00a0<\/strong><\/p><p>Grant applications for projects can be submitted all year long in the following areas:<\/p><ul><li>Education<\/li><li>Culture<\/li><li>Heritage<\/li><li>Tradition<\/li><li>Health and social care<\/li><li>Capacity building<\/li><li>Community Development<\/li><\/ul>\t\t\t\t\t\t\t\t<\/div>\n\t\t\t\t<\/div>\n\t\t\t\t<div class=\"elementor-element elementor-element-0e1627a elementor-widget elementor-widget-heading\" data-id=\"0e1627a\" data-element_type=\"widget\" data-e-type=\"widget\" data-widget_type=\"heading.default\">\n\t\t\t\t<div class=\"elementor-widget-container\">\n\t\t\t\t\t<h3 class=\"elementor-heading-title elementor-size-default\">Applying for a grant:<\/h3>\t\t\t\t<\/div>\n\t\t\t\t<\/div>\n\t\t\t\t<div class=\"elementor-element elementor-element-d819a11 elementor-widget elementor-widget-text-editor\" data-id=\"d819a11\" data-element_type=\"widget\" data-e-type=\"widget\" data-widget_type=\"text-editor.default\">\n\t\t\t\t<div class=\"elementor-widget-container\">\n\t\t\t\t\t\t\t\t\t<ul><li>One organization can apply with one project for one grant per year.<\/li><li>The maximum grant request is 1.000.000 forints (approx. 3000 dollars).<\/li><li>The applicant has the opportunity to discuss the content of the application in person, before applying.<\/li><\/ul>\t\t\t\t\t\t\t\t<\/div>\n\t\t\t\t<\/div>\n\t\t\t\t<div class=\"elementor-element elementor-element-839cfea elementor-widget elementor-widget-heading\" data-id=\"839cfea\" data-element_type=\"widget\" data-e-type=\"widget\" data-widget_type=\"heading.default\">\n\t\t\t\t<div class=\"elementor-widget-container\">\n\t\t\t\t\t<h3 class=\"elementor-heading-title elementor-size-default\">The submitted grant proposals should meet the following criteria:<\/h3>\t\t\t\t<\/div>\n\t\t\t\t<\/div>\n\t\t\t\t<div class=\"elementor-element elementor-element-39cb98c elementor-icon-list--layout-traditional elementor-list-item-link-full_width elementor-widget elementor-widget-icon-list\" data-id=\"39cb98c\" data-element_type=\"widget\" data-e-type=\"widget\" data-widget_type=\"icon-list.default\">\n\t\t\t\t<div class=\"elementor-widget-container\">\n\t\t\t\t\t\t\t<ul class=\"elementor-icon-list-items\">\n\t\t\t\t\t\t\t<li class=\"elementor-icon-list-item\">\n\t\t\t\t\t\t\t\t\t\t\t<span class=\"elementor-icon-list-icon\">\n\t\t\t\t\t\t\t<svg xmlns=\"http:\/\/www.w3.org\/2000\/svg\" viewBox=\"0 0 200.03 223.98\"><title>triangle<\/title><g id=\"f83910a4-bf3a-43fa-ba45-274be1a58a4f\" data-name=\"Layer 2\"><g id=\"b013ec88-99f2-4a39-a111-9eec8ee86ea4\" data-name=\"Layer 1\"><path d=\"M36,220.69l152-87.9a24,24,0,0,0,0-41.6h0L36,3.29A23.9,23.9,0,0,0,0,24V200a23.9,23.9,0,0,0,36,20.7Z\"><\/path><\/g><\/g><\/svg>\t\t\t\t\t\t<\/span>\n\t\t\t\t\t\t\t\t\t\t<span class=\"elementor-icon-list-text\"><span>Relevance and real need: <\/span>the project and the planned activities should be based on real needs.<\/span>\n\t\t\t\t\t\t\t\t\t<\/li>\n\t\t\t\t\t\t\t\t<li class=\"elementor-icon-list-item\">\n\t\t\t\t\t\t\t\t\t\t\t<span class=\"elementor-icon-list-icon\">\n\t\t\t\t\t\t\t<svg xmlns=\"http:\/\/www.w3.org\/2000\/svg\" viewBox=\"0 0 200.03 223.98\"><title>triangle<\/title><g id=\"f83910a4-bf3a-43fa-ba45-274be1a58a4f\" data-name=\"Layer 2\"><g id=\"b013ec88-99f2-4a39-a111-9eec8ee86ea4\" data-name=\"Layer 1\"><path d=\"M36,220.69l152-87.9a24,24,0,0,0,0-41.6h0L36,3.29A23.9,23.9,0,0,0,0,24V200a23.9,23.9,0,0,0,36,20.7Z\"><\/path><\/g><\/g><\/svg>\t\t\t\t\t\t<\/span>\n\t\t\t\t\t\t\t\t\t\t<span class=\"elementor-icon-list-text\"><span>Community value: <\/span>the project should carry an added value to the Jewish community of Hungary.<\/span>\n\t\t\t\t\t\t\t\t\t<\/li>\n\t\t\t\t\t\t\t\t<li class=\"elementor-icon-list-item\">\n\t\t\t\t\t\t\t\t\t\t\t<span class=\"elementor-icon-list-icon\">\n\t\t\t\t\t\t\t<svg xmlns=\"http:\/\/www.w3.org\/2000\/svg\" viewBox=\"0 0 200.03 223.98\"><title>triangle<\/title><g id=\"f83910a4-bf3a-43fa-ba45-274be1a58a4f\" data-name=\"Layer 2\"><g id=\"b013ec88-99f2-4a39-a111-9eec8ee86ea4\" data-name=\"Layer 1\"><path d=\"M36,220.69l152-87.9a24,24,0,0,0,0-41.6h0L36,3.29A23.9,23.9,0,0,0,0,24V200a23.9,23.9,0,0,0,36,20.7Z\"><\/path><\/g><\/g><\/svg>\t\t\t\t\t\t<\/span>\n\t\t\t\t\t\t\t\t\t\t<span class=\"elementor-icon-list-text\"><span>Impact: <\/span>the project should intend to achieve real, measurable long-term impact.<\/span>\n\t\t\t\t\t\t\t\t\t<\/li>\n\t\t\t\t\t\t\t\t<li class=\"elementor-icon-list-item\">\n\t\t\t\t\t\t\t\t\t\t\t<span class=\"elementor-icon-list-icon\">\n\t\t\t\t\t\t\t<svg xmlns=\"http:\/\/www.w3.org\/2000\/svg\" viewBox=\"0 0 200.03 223.98\"><title>triangle<\/title><g id=\"f83910a4-bf3a-43fa-ba45-274be1a58a4f\" data-name=\"Layer 2\"><g id=\"b013ec88-99f2-4a39-a111-9eec8ee86ea4\" data-name=\"Layer 1\"><path d=\"M36,220.69l152-87.9a24,24,0,0,0,0-41.6h0L36,3.29A23.9,23.9,0,0,0,0,24V200a23.9,23.9,0,0,0,36,20.7Z\"><\/path><\/g><\/g><\/svg>\t\t\t\t\t\t<\/span>\n\t\t\t\t\t\t\t\t\t\t<span class=\"elementor-icon-list-text\"><span>Knowledge and capacity: <\/span>the organization should provide sufficient professional capacity.<\/span>\n\t\t\t\t\t\t\t\t\t<\/li>\n\t\t\t\t\t\t\t\t<li class=\"elementor-icon-list-item\">\n\t\t\t\t\t\t\t\t\t\t\t<span class=\"elementor-icon-list-icon\">\n\t\t\t\t\t\t\t<svg xmlns=\"http:\/\/www.w3.org\/2000\/svg\" viewBox=\"0 0 200.03 223.98\"><title>triangle<\/title><g id=\"f83910a4-bf3a-43fa-ba45-274be1a58a4f\" data-name=\"Layer 2\"><g id=\"b013ec88-99f2-4a39-a111-9eec8ee86ea4\" data-name=\"Layer 1\"><path d=\"M36,220.69l152-87.9a24,24,0,0,0,0-41.6h0L36,3.29A23.9,23.9,0,0,0,0,24V200a23.9,23.9,0,0,0,36,20.7Z\"><\/path><\/g><\/g><\/svg>\t\t\t\t\t\t<\/span>\n\t\t\t\t\t\t\t\t\t\t<span class=\"elementor-icon-list-text\"><span>Effectiveness:  <\/span>the objectives of the project should be achievable based on the time frame and schedule formulated in the grant application.<\/span>\n\t\t\t\t\t\t\t\t\t<\/li>\n\t\t\t\t\t\t\t\t<li class=\"elementor-icon-list-item\">\n\t\t\t\t\t\t\t\t\t\t\t<span class=\"elementor-icon-list-icon\">\n\t\t\t\t\t\t\t<svg xmlns=\"http:\/\/www.w3.org\/2000\/svg\" viewBox=\"0 0 200.03 223.98\"><title>triangle<\/title><g id=\"f83910a4-bf3a-43fa-ba45-274be1a58a4f\" data-name=\"Layer 2\"><g id=\"b013ec88-99f2-4a39-a111-9eec8ee86ea4\" data-name=\"Layer 1\"><path d=\"M36,220.69l152-87.9a24,24,0,0,0,0-41.6h0L36,3.29A23.9,23.9,0,0,0,0,24V200a23.9,23.9,0,0,0,36,20.7Z\"><\/path><\/g><\/g><\/svg>\t\t\t\t\t\t<\/span>\n\t\t\t\t\t\t\t\t\t\t<span class=\"elementor-icon-list-text\"><span>Efficiency and cost-benefit ration: <\/span>the project budget should reflect the planned activities.<\/span>\n\t\t\t\t\t\t\t\t\t<\/li>\n\t\t\t\t\t\t\t\t<li class=\"elementor-icon-list-item\">\n\t\t\t\t\t\t\t\t\t\t\t<span class=\"elementor-icon-list-icon\">\n\t\t\t\t\t\t\t<svg xmlns=\"http:\/\/www.w3.org\/2000\/svg\" viewBox=\"0 0 200.03 223.98\"><title>triangle<\/title><g id=\"f83910a4-bf3a-43fa-ba45-274be1a58a4f\" data-name=\"Layer 2\"><g id=\"b013ec88-99f2-4a39-a111-9eec8ee86ea4\" data-name=\"Layer 1\"><path d=\"M36,220.69l152-87.9a24,24,0,0,0,0-41.6h0L36,3.29A23.9,23.9,0,0,0,0,24V200a23.9,23.9,0,0,0,36,20.7Z\"><\/path><\/g><\/g><\/svg>\t\t\t\t\t\t<\/span>\n\t\t\t\t\t\t\t\t\t\t<span class=\"elementor-icon-list-text\"><span>Sustainability: <\/span>the organization should aim for long term use of achievements of the project and for creating the conditions of the project\u2019s continuity.<\/span>\n\t\t\t\t\t\t\t\t\t<\/li>\n\t\t\t\t\t\t<\/ul>\n\t\t\t\t\t\t<\/div>\n\t\t\t\t<\/div>\n\t\t\t\t<div class=\"elementor-element elementor-element-384e95c elementor-widget elementor-widget-heading\" data-id=\"384e95c\" data-element_type=\"widget\" data-e-type=\"widget\" data-widget_type=\"heading.default\">\n\t\t\t\t<div class=\"elementor-widget-container\">\n\t\t\t\t\t<h3 class=\"elementor-heading-title elementor-size-default\">Evaluation of grant applications<\/h3>\t\t\t\t<\/div>\n\t\t\t\t<\/div>\n\t\t\t\t<div class=\"elementor-element elementor-element-885a903 elementor-widget elementor-widget-text-editor\" data-id=\"885a903\" data-element_type=\"widget\" data-e-type=\"widget\" data-widget_type=\"text-editor.default\">\n\t\t\t\t<div class=\"elementor-widget-container\">\n\t\t\t\t\t\t\t\t\t<p>The\u00a0grant applications are evaluated\u00a0by an impartial committee of 3. In the evaluation process, besides the above mentioned criteria, the following aspects will be considered:<\/p><ul><li>organizational structure, capability and human resources in implementing the project<\/li><li>number of volunteers and pro bono professionals engaged in the project<\/li><li>innovative and creative methods used in the implementation<\/li><li>communication of the project<\/li><li>experience from similar previous activities\/projects<\/li><li>partner organizations in the project<\/li><\/ul>\t\t\t\t\t\t\t\t<\/div>\n\t\t\t\t<\/div>\n\t\t\t\t<div class=\"elementor-element elementor-element-d1e3e71 elementor-widget elementor-widget-heading\" data-id=\"d1e3e71\" data-element_type=\"widget\" data-e-type=\"widget\" data-widget_type=\"heading.default\">\n\t\t\t\t<div class=\"elementor-widget-container\">\n\t\t\t\t\t<h3 class=\"elementor-heading-title elementor-size-default\">The following documents should be provided when submitting the application:<\/h3>\t\t\t\t<\/div>\n\t\t\t\t<\/div>\n\t\t\t\t<div class=\"elementor-element elementor-element-83355b0 elementor-widget elementor-widget-text-editor\" data-id=\"83355b0\" data-element_type=\"widget\" data-e-type=\"widget\" data-widget_type=\"text-editor.default\">\n\t\t\t\t<div class=\"elementor-widget-container\">\n\t\t\t\t\t\t\t\t\t<ul><li>Application form,<\/li><li>Project budget.<\/li><\/ul>\t\t\t\t\t\t\t\t<\/div>\n\t\t\t\t<\/div>\n\t\t\t\t<div class=\"elementor-element elementor-element-11f28e8 elementor-widget elementor-widget-heading\" data-id=\"11f28e8\" data-element_type=\"widget\" data-e-type=\"widget\" data-widget_type=\"heading.default\">\n\t\t\t\t<div class=\"elementor-widget-container\">\n\t\t\t\t\t<h3 class=\"elementor-heading-title elementor-size-default\">The following documents are required for the final report and the closing of the grant procedure:<\/h3>\t\t\t\t<\/div>\n\t\t\t\t<\/div>\n\t\t\t\t<div class=\"elementor-element elementor-element-664d4de elementor-widget elementor-widget-text-editor\" data-id=\"664d4de\" data-element_type=\"widget\" data-e-type=\"widget\" data-widget_type=\"text-editor.default\">\n\t\t\t\t<div class=\"elementor-widget-container\">\n\t\t\t\t\t\t\t\t\t<ul><li>Narrative report,<\/li><li>Financial report,<\/li><li>Photos and\/or videos of the activities carried out during the project.<\/li><\/ul>\t\t\t\t\t\t\t\t<\/div>\n\t\t\t\t<\/div>\n\t\t\t\t<div class=\"elementor-element elementor-element-26cc0cd elementor-widget-divider--separator-type-pattern elementor-widget-divider--view-line elementor-widget elementor-widget-divider\" data-id=\"26cc0cd\" data-element_type=\"widget\" data-e-type=\"widget\" data-widget_type=\"divider.default\">\n\t\t\t\t<div class=\"elementor-widget-container\">\n\t\t\t\t\t\t\t<div class=\"elementor-divider\" style=\"--divider-pattern-url: url(&quot;data:image\/svg+xml,%3Csvg xmlns=&#039;http:\/\/www.w3.org\/2000\/svg&#039; preserveAspectRatio=&#039;none&#039; overflow=&#039;visible&#039; height=&#039;100%&#039; viewBox=&#039;0 0 24 24&#039; fill=&#039;none&#039; stroke=&#039;black&#039; stroke-width=&#039;2.5&#039; stroke-linecap=&#039;square&#039; stroke-miterlimit=&#039;10&#039;%3E%3Cpolyline points=&#039;0,18 12,6 24,18 &#039;\/%3E%3C\/svg%3E&quot;);\">\n\t\t\t<span class=\"elementor-divider-separator\">\n\t\t\t\t\t\t<\/span>\n\t\t<\/div>\n\t\t\t\t\t\t<\/div>\n\t\t\t\t<\/div>\n\t\t\t\t<div class=\"elementor-element elementor-element-1b5a6e6 elementor-widget elementor-widget-text-editor\" data-id=\"1b5a6e6\" data-element_type=\"widget\" data-e-type=\"widget\" data-widget_type=\"text-editor.default\">\n\t\t\t\t<div class=\"elementor-widget-container\">\n\t\t\t\t\t\t\t\t\t<p><em>For further information please contact Bence Tordai, Mozaik Jewish Community Hub program manager at <a href=\"mailto:bendemo@jdc.org\">bendemo@jdc.org<\/a> or +3620 332 67612.<\/em><\/p>\t\t\t\t\t\t\t\t<\/div>\n\t\t\t\t<\/div>\n\t\t\t\t\t<\/div>\n\t\t\t\t<\/div>\n\t\t\t\t\t<\/div>\n\t\t\t\t<\/div>\n\t\t\t\t<\/div>\n\t\t","protected":false},"excerpt":{"rendered":"<p>Microgrants for new initiatives The Mozaik Jewish Community Hub offers grants for project leaders, project groups, and activists in the Jewish community. The primary goals of the grant are to [&hellip;]<\/p>\n","protected":false},"author":1,"featured_media":0,"parent":11879,"menu_order":0,"comment_status":"closed","ping_status":"closed","template":"","meta":{"_acf_changed":false,"_glsr_average":0,"_glsr_ranking":0,"_glsr_reviews":0,"footnotes":""},"class_list":["post-11899","page","type-page","status-publish","hentry"],"acf":[],"yoast_head":"<!-- This site is optimized with the Yoast SEO Premium plugin v27.2 (Yoast SEO v27.2) - https:\/\/yoast.com\/product\/yoast-seo-premium-wordpress\/ -->\n<title>Microgrants for new initiatives - Mozaik Hub<\/title>\n<meta name=\"robots\" content=\"index, follow, max-snippet:-1, max-image-preview:large, max-video-preview:-1\" \/>\n<link rel=\"canonical\" href=\"https:\/\/mozaikhub.hu\/en\/financial-support\/microgrants-for-new-initiatives\/\" \/>\n<meta property=\"og:locale\" content=\"en_US\" \/>\n<meta property=\"og:type\" content=\"article\" \/>\n<meta property=\"og:title\" content=\"Microgrants for new initiatives\" \/>\n<meta property=\"og:description\" content=\"Microgrants for new initiatives The Mozaik Jewish Community Hub offers grants for project leaders, project groups, and activists in the Jewish community. The primary goals of the grant are to [&hellip;]\" \/>\n<meta property=\"og:url\" content=\"https:\/\/mozaikhub.hu\/en\/financial-support\/microgrants-for-new-initiatives\/\" \/>\n<meta property=\"og:site_name\" content=\"Mozaik Hub\" \/>\n<meta property=\"article:publisher\" content=\"https:\/\/www.facebook.com\/mozaikhub\/\" \/>\n<meta property=\"article:modified_time\" content=\"2025-08-29T08:50:15+00:00\" \/>\n<meta property=\"og:image\" content=\"https:\/\/mozaikhub.hu\/wp-content\/uploads\/2025\/01\/mozaik-hub.jpg\" \/>\n\t<meta property=\"og:image:width\" content=\"1200\" \/>\n\t<meta property=\"og:image:height\" content=\"675\" \/>\n\t<meta property=\"og:image:type\" content=\"image\/jpeg\" \/>\n<meta name=\"twitter:card\" content=\"summary_large_image\" \/>\n<meta name=\"twitter:site\" content=\"@mozaikhub\" \/>\n<meta name=\"twitter:label1\" content=\"Est. reading time\" \/>\n\t<meta name=\"twitter:data1\" content=\"2 minutes\" \/>\n<script type=\"application\/ld+json\" class=\"yoast-schema-graph\">{\"@context\":\"https:\/\/schema.org\",\"@graph\":[{\"@type\":\"WebPage\",\"@id\":\"https:\/\/mozaikhub.hu\/en\/financial-support\/microgrants-for-new-initiatives\/\",\"url\":\"https:\/\/mozaikhub.hu\/en\/financial-support\/microgrants-for-new-initiatives\/\",\"name\":\"Microgrants for new initiatives - Mozaik Hub\",\"isPartOf\":{\"@id\":\"https:\/\/mozaikhub.hu\/#website\"},\"datePublished\":\"2024-11-20T20:01:07+00:00\",\"dateModified\":\"2025-08-29T08:50:15+00:00\",\"breadcrumb\":{\"@id\":\"https:\/\/mozaikhub.hu\/en\/financial-support\/microgrants-for-new-initiatives\/#breadcrumb\"},\"inLanguage\":\"en-US\",\"potentialAction\":[{\"@type\":\"ReadAction\",\"target\":[\"https:\/\/mozaikhub.hu\/en\/financial-support\/microgrants-for-new-initiatives\/\"]}]},{\"@type\":\"BreadcrumbList\",\"@id\":\"https:\/\/mozaikhub.hu\/en\/financial-support\/microgrants-for-new-initiatives\/#breadcrumb\",\"itemListElement\":[{\"@type\":\"ListItem\",\"position\":1,\"name\":\"Home\",\"item\":\"https:\/\/mozaikhub.hu\/\"},{\"@type\":\"ListItem\",\"position\":2,\"name\":\"Financial support\",\"item\":\"https:\/\/mozaikhub.hu\/en\/financial-support\/\"},{\"@type\":\"ListItem\",\"position\":3,\"name\":\"Microgrants for new initiatives\"}]},{\"@type\":\"WebSite\",\"@id\":\"https:\/\/mozaikhub.hu\/#website\",\"url\":\"https:\/\/mozaikhub.hu\/\",\"name\":\"Mozaik Hub\",\"description\":\"Mozaik Zsid\u00f3 K\u00f6z\u00f6ss\u00e9gi Hub\",\"publisher\":{\"@id\":\"https:\/\/mozaikhub.hu\/#organization\"},\"potentialAction\":[{\"@type\":\"SearchAction\",\"target\":{\"@type\":\"EntryPoint\",\"urlTemplate\":\"https:\/\/mozaikhub.hu\/?s={search_term_string}\"},\"query-input\":{\"@type\":\"PropertyValueSpecification\",\"valueRequired\":true,\"valueName\":\"search_term_string\"}}],\"inLanguage\":\"en-US\"},{\"@type\":\"Organization\",\"@id\":\"https:\/\/mozaikhub.hu\/#organization\",\"name\":\"Mozaik Hub\",\"url\":\"https:\/\/mozaikhub.hu\/\",\"logo\":{\"@type\":\"ImageObject\",\"inLanguage\":\"en-US\",\"@id\":\"https:\/\/mozaikhub.hu\/#\/schema\/logo\/image\/\",\"url\":\"https:\/\/mozaikhub.hu\/wp-content\/uploads\/2024\/03\/logo-hu.svg\",\"contentUrl\":\"https:\/\/mozaikhub.hu\/wp-content\/uploads\/2024\/03\/logo-hu.svg\",\"width\":194,\"height\":50,\"caption\":\"Mozaik Hub\"},\"image\":{\"@id\":\"https:\/\/mozaikhub.hu\/#\/schema\/logo\/image\/\"},\"sameAs\":[\"https:\/\/www.facebook.com\/mozaikhub\/\",\"https:\/\/x.com\/mozaikhub\",\"https:\/\/www.instagram.com\/mozaik_hub\/\",\"https:\/\/www.youtube.com\/channel\/UCWarUAYokOYV6Xs-jpcUUNw\"]}]}<\/script>\n<!-- \/ Yoast SEO Premium plugin. -->","yoast_head_json":{"title":"Microgrants for new initiatives - Mozaik Hub","robots":{"index":"index","follow":"follow","max-snippet":"max-snippet:-1","max-image-preview":"max-image-preview:large","max-video-preview":"max-video-preview:-1"},"canonical":"https:\/\/mozaikhub.hu\/en\/financial-support\/microgrants-for-new-initiatives\/","og_locale":"en_US","og_type":"article","og_title":"Microgrants for new initiatives","og_description":"Microgrants for new initiatives The Mozaik Jewish Community Hub offers grants for project leaders, project groups, and activists in the Jewish community. The primary goals of the grant are to [&hellip;]","og_url":"https:\/\/mozaikhub.hu\/en\/financial-support\/microgrants-for-new-initiatives\/","og_site_name":"Mozaik Hub","article_publisher":"https:\/\/www.facebook.com\/mozaikhub\/","article_modified_time":"2025-08-29T08:50:15+00:00","og_image":[{"width":1200,"height":675,"url":"https:\/\/mozaikhub.hu\/wp-content\/uploads\/2025\/01\/mozaik-hub.jpg","type":"image\/jpeg"}],"twitter_card":"summary_large_image","twitter_site":"@mozaikhub","twitter_misc":{"Est. reading time":"2 minutes"},"schema":{"@context":"https:\/\/schema.org","@graph":[{"@type":"WebPage","@id":"https:\/\/mozaikhub.hu\/en\/financial-support\/microgrants-for-new-initiatives\/","url":"https:\/\/mozaikhub.hu\/en\/financial-support\/microgrants-for-new-initiatives\/","name":"Microgrants for new initiatives - Mozaik Hub","isPartOf":{"@id":"https:\/\/mozaikhub.hu\/#website"},"datePublished":"2024-11-20T20:01:07+00:00","dateModified":"2025-08-29T08:50:15+00:00","breadcrumb":{"@id":"https:\/\/mozaikhub.hu\/en\/financial-support\/microgrants-for-new-initiatives\/#breadcrumb"},"inLanguage":"en-US","potentialAction":[{"@type":"ReadAction","target":["https:\/\/mozaikhub.hu\/en\/financial-support\/microgrants-for-new-initiatives\/"]}]},{"@type":"BreadcrumbList","@id":"https:\/\/mozaikhub.hu\/en\/financial-support\/microgrants-for-new-initiatives\/#breadcrumb","itemListElement":[{"@type":"ListItem","position":1,"name":"Home","item":"https:\/\/mozaikhub.hu\/"},{"@type":"ListItem","position":2,"name":"Financial support","item":"https:\/\/mozaikhub.hu\/en\/financial-support\/"},{"@type":"ListItem","position":3,"name":"Microgrants for new initiatives"}]},{"@type":"WebSite","@id":"https:\/\/mozaikhub.hu\/#website","url":"https:\/\/mozaikhub.hu\/","name":"Mozaik Hub","description":"Mozaik Zsid\u00f3 K\u00f6z\u00f6ss\u00e9gi Hub","publisher":{"@id":"https:\/\/mozaikhub.hu\/#organization"},"potentialAction":[{"@type":"SearchAction","target":{"@type":"EntryPoint","urlTemplate":"https:\/\/mozaikhub.hu\/?s={search_term_string}"},"query-input":{"@type":"PropertyValueSpecification","valueRequired":true,"valueName":"search_term_string"}}],"inLanguage":"en-US"},{"@type":"Organization","@id":"https:\/\/mozaikhub.hu\/#organization","name":"Mozaik Hub","url":"https:\/\/mozaikhub.hu\/","logo":{"@type":"ImageObject","inLanguage":"en-US","@id":"https:\/\/mozaikhub.hu\/#\/schema\/logo\/image\/","url":"https:\/\/mozaikhub.hu\/wp-content\/uploads\/2024\/03\/logo-hu.svg","contentUrl":"https:\/\/mozaikhub.hu\/wp-content\/uploads\/2024\/03\/logo-hu.svg","width":194,"height":50,"caption":"Mozaik Hub"},"image":{"@id":"https:\/\/mozaikhub.hu\/#\/schema\/logo\/image\/"},"sameAs":["https:\/\/www.facebook.com\/mozaikhub\/","https:\/\/x.com\/mozaikhub","https:\/\/www.instagram.com\/mozaik_hub\/","https:\/\/www.youtube.com\/channel\/UCWarUAYokOYV6Xs-jpcUUNw"]}]}},"_links":{"self":[{"href":"https:\/\/mozaikhub.hu\/en\/wp-json\/wp\/v2\/pages\/11899","targetHints":{"allow":["GET"]}}],"collection":[{"href":"https:\/\/mozaikhub.hu\/en\/wp-json\/wp\/v2\/pages"}],"about":[{"href":"https:\/\/mozaikhub.hu\/en\/wp-json\/wp\/v2\/types\/page"}],"author":[{"embeddable":true,"href":"https:\/\/mozaikhub.hu\/en\/wp-json\/wp\/v2\/users\/1"}],"replies":[{"embeddable":true,"href":"https:\/\/mozaikhub.hu\/en\/wp-json\/wp\/v2\/comments?post=11899"}],"version-history":[{"count":10,"href":"https:\/\/mozaikhub.hu\/en\/wp-json\/wp\/v2\/pages\/11899\/revisions"}],"predecessor-version":[{"id":12545,"href":"https:\/\/mozaikhub.hu\/en\/wp-json\/wp\/v2\/pages\/11899\/revisions\/12545"}],"up":[{"embeddable":true,"href":"https:\/\/mozaikhub.hu\/en\/wp-json\/wp\/v2\/pages\/11879"}],"wp:attachment":[{"href":"https:\/\/mozaikhub.hu\/en\/wp-json\/wp\/v2\/media?parent=11899"}],"curies":[{"name":"wp","href":"https:\/\/api.w.org\/{rel}","templated":true}]}}