{"id":11879,"date":"2024-06-11T20:14:12","date_gmt":"2024-06-11T18:14:12","guid":{"rendered":"https:\/\/keszul.mozaikhub.hu\/financial-support\/"},"modified":"2025-02-12T13:15:02","modified_gmt":"2025-02-12T12:15:02","slug":"financial-support","status":"publish","type":"page","link":"https:\/\/mozaikhub.hu\/en\/financial-support\/","title":{"rendered":"Financial support"},"content":{"rendered":"\t\t<div data-elementor-type=\"wp-page\" data-elementor-id=\"11879\" class=\"elementor elementor-11879 elementor-1101\" data-elementor-post-type=\"page\">\n\t\t\t\t<div class=\"elementor-element elementor-element-4df290f e-flex e-con-boxed e-con e-parent\" data-id=\"4df290f\" data-element_type=\"container\" data-e-type=\"container\" data-settings=\"{&quot;background_background&quot;:&quot;classic&quot;}\">\n\t\t\t\t\t<div class=\"e-con-inner\">\n\t\t\t\t<div class=\"elementor-element elementor-element-ceae511 elementor-widget elementor-widget-heading\" data-id=\"ceae511\" data-element_type=\"widget\" data-e-type=\"widget\" data-widget_type=\"heading.default\">\n\t\t\t\t<div class=\"elementor-widget-container\">\n\t\t\t\t\t<h1 class=\"elementor-heading-title elementor-size-default\">Financial support<\/h1>\t\t\t\t<\/div>\n\t\t\t\t<\/div>\n\t\t<div class=\"elementor-element elementor-element-b455846 e-flex e-con-boxed e-con e-child\" data-id=\"b455846\" data-element_type=\"container\" data-e-type=\"container\" data-settings=\"{&quot;background_background&quot;:&quot;classic&quot;}\">\n\t\t\t\t\t<div class=\"e-con-inner\">\n\t\t\t\t<div class=\"elementor-element elementor-element-eddf5b0 elementor-widget elementor-widget-text-editor\" data-id=\"eddf5b0\" data-element_type=\"widget\" data-e-type=\"widget\" data-widget_type=\"text-editor.default\">\n\t\t\t\t<div class=\"elementor-widget-container\">\n\t\t\t\t\t\t\t\t\t<h3><a href=\"https:\/\/mozaikhub.hu\/en\/financial-support\/financial-support-for-organizations\/\">Financial support for organizations<\/a><\/h3><p>The Mozaik Hub, as the operator of JDC Hungary Foundation\u2019s grant procedure offers grant opportunities for Jewish community organizations in Hungary.The primary goals of the grant are to support NGOs working to advance Jewish life, community and values, and to contribute to the capacity building of Jewish community NGOs. <br \/><a href=\"https:\/\/mozaikhub.hu\/en\/financial-support\/financial-support-for-organizations\/\">Read more<\/a><\/p><h3><a href=\"https:\/\/mozaikhub.hu\/en\/financial-support\/microgrants-for-new-initiatives\/\">Microgrants for new initiatives<\/a><\/h3><p>The Mozaik Hub offers grant opportunities for project owners, project groups and community activists to develop new initiatives and projects. The aim of the grant is to support projects working to advance Jewish life, community and values. Projects a which are implemented by individuals or informal project groups and not in the framework of existing organizations are eligible to receive microgrants. <br \/><a href=\"https:\/\/mozaikhub.hu\/en\/financial-support\/microgrants-for-new-initiatives\/\">Read more<\/a><\/p>\t\t\t\t\t\t\t\t<\/div>\n\t\t\t\t<\/div>\n\t\t\t\t\t<\/div>\n\t\t\t\t<\/div>\n\t\t\t\t\t<\/div>\n\t\t\t\t<\/div>\n\t\t\t\t<\/div>\n\t\t","protected":false},"excerpt":{"rendered":"<p>Financial support Financial support for organizations The Mozaik Hub, as the operator of JDC Hungary Foundation\u2019s grant procedure offers grant opportunities for Jewish community organizations in Hungary.The primary goals of [&hellip;]<\/p>\n","protected":false},"author":1,"featured_media":0,"parent":0,"menu_order":0,"comment_status":"closed","ping_status":"closed","template":"","meta":{"_acf_changed":false,"_glsr_average":0,"_glsr_ranking":0,"_glsr_reviews":0,"footnotes":""},"class_list":["post-11879","page","type-page","status-publish","hentry"],"acf":[],"yoast_head":"<!-- This site is optimized with the Yoast SEO Premium plugin v27.2 (Yoast SEO v27.2) - https:\/\/yoast.com\/product\/yoast-seo-premium-wordpress\/ -->\n<title>Financial support - Mozaik Hub<\/title>\n<meta name=\"description\" content=\"The Mozaik Hub, as the operator of JDC Hungary Foundation\u2019s grant procedure offers grant opportunities for Jewish community organizations in Hungary.The primary goals of the grant are to support NGOs working to advance Jewish life, community and values, and to contribute to the capacity building of Jewish community NGOs.\" \/>\n<meta name=\"robots\" content=\"index, follow, max-snippet:-1, max-image-preview:large, max-video-preview:-1\" \/>\n<link rel=\"canonical\" href=\"https:\/\/mozaikhub.hu\/en\/financial-support\/\" \/>\n<meta property=\"og:locale\" content=\"en_US\" \/>\n<meta property=\"og:type\" content=\"article\" \/>\n<meta property=\"og:title\" content=\"Financial support\" \/>\n<meta property=\"og:description\" content=\"The Mozaik Hub, as the operator of JDC Hungary Foundation\u2019s grant procedure offers grant opportunities for Jewish community organizations in Hungary.The primary goals of the grant are to support NGOs working to advance Jewish life, community and values, and to contribute to the capacity building of Jewish community NGOs.\" \/>\n<meta property=\"og:url\" content=\"https:\/\/mozaikhub.hu\/en\/financial-support\/\" \/>\n<meta property=\"og:site_name\" content=\"Mozaik Hub\" \/>\n<meta property=\"article:publisher\" content=\"https:\/\/www.facebook.com\/mozaikhub\/\" \/>\n<meta property=\"article:modified_time\" content=\"2025-02-12T12:15:02+00:00\" \/>\n<meta property=\"og:image\" content=\"https:\/\/mozaikhub.hu\/wp-content\/uploads\/2025\/01\/mozaik-hub.jpg\" \/>\n\t<meta property=\"og:image:width\" content=\"1200\" \/>\n\t<meta property=\"og:image:height\" content=\"675\" \/>\n\t<meta property=\"og:image:type\" content=\"image\/jpeg\" \/>\n<meta name=\"twitter:card\" content=\"summary_large_image\" \/>\n<meta name=\"twitter:site\" content=\"@mozaikhub\" \/>\n<meta name=\"twitter:label1\" content=\"Est. reading time\" \/>\n\t<meta name=\"twitter:data1\" content=\"1 minute\" \/>\n<script type=\"application\/ld+json\" class=\"yoast-schema-graph\">{\"@context\":\"https:\/\/schema.org\",\"@graph\":[{\"@type\":\"WebPage\",\"@id\":\"https:\/\/mozaikhub.hu\/en\/financial-support\/\",\"url\":\"https:\/\/mozaikhub.hu\/en\/financial-support\/\",\"name\":\"Financial support - Mozaik Hub\",\"isPartOf\":{\"@id\":\"https:\/\/mozaikhub.hu\/#website\"},\"datePublished\":\"2024-06-11T18:14:12+00:00\",\"dateModified\":\"2025-02-12T12:15:02+00:00\",\"description\":\"The Mozaik Hub, as the operator of JDC Hungary Foundation\u2019s grant procedure offers grant opportunities for Jewish community organizations in Hungary.The primary goals of the grant are to support NGOs working to advance Jewish life, community and values, and to contribute to the capacity building of Jewish community NGOs.\",\"breadcrumb\":{\"@id\":\"https:\/\/mozaikhub.hu\/en\/financial-support\/#breadcrumb\"},\"inLanguage\":\"en-US\",\"potentialAction\":[{\"@type\":\"ReadAction\",\"target\":[\"https:\/\/mozaikhub.hu\/en\/financial-support\/\"]}]},{\"@type\":\"BreadcrumbList\",\"@id\":\"https:\/\/mozaikhub.hu\/en\/financial-support\/#breadcrumb\",\"itemListElement\":[{\"@type\":\"ListItem\",\"position\":1,\"name\":\"Home\",\"item\":\"https:\/\/mozaikhub.hu\/\"},{\"@type\":\"ListItem\",\"position\":2,\"name\":\"Financial support\"}]},{\"@type\":\"WebSite\",\"@id\":\"https:\/\/mozaikhub.hu\/#website\",\"url\":\"https:\/\/mozaikhub.hu\/\",\"name\":\"Mozaik Hub\",\"description\":\"Mozaik Zsid\u00f3 K\u00f6z\u00f6ss\u00e9gi Hub\",\"publisher\":{\"@id\":\"https:\/\/mozaikhub.hu\/#organization\"},\"potentialAction\":[{\"@type\":\"SearchAction\",\"target\":{\"@type\":\"EntryPoint\",\"urlTemplate\":\"https:\/\/mozaikhub.hu\/?s={search_term_string}\"},\"query-input\":{\"@type\":\"PropertyValueSpecification\",\"valueRequired\":true,\"valueName\":\"search_term_string\"}}],\"inLanguage\":\"en-US\"},{\"@type\":\"Organization\",\"@id\":\"https:\/\/mozaikhub.hu\/#organization\",\"name\":\"Mozaik Hub\",\"url\":\"https:\/\/mozaikhub.hu\/\",\"logo\":{\"@type\":\"ImageObject\",\"inLanguage\":\"en-US\",\"@id\":\"https:\/\/mozaikhub.hu\/#\/schema\/logo\/image\/\",\"url\":\"https:\/\/mozaikhub.hu\/wp-content\/uploads\/2024\/03\/logo-hu.svg\",\"contentUrl\":\"https:\/\/mozaikhub.hu\/wp-content\/uploads\/2024\/03\/logo-hu.svg\",\"width\":194,\"height\":50,\"caption\":\"Mozaik Hub\"},\"image\":{\"@id\":\"https:\/\/mozaikhub.hu\/#\/schema\/logo\/image\/\"},\"sameAs\":[\"https:\/\/www.facebook.com\/mozaikhub\/\",\"https:\/\/x.com\/mozaikhub\",\"https:\/\/www.instagram.com\/mozaik_hub\/\",\"https:\/\/www.youtube.com\/channel\/UCWarUAYokOYV6Xs-jpcUUNw\"]}]}<\/script>\n<!-- \/ Yoast SEO Premium plugin. -->","yoast_head_json":{"title":"Financial support - Mozaik Hub","description":"The Mozaik Hub, as the operator of JDC Hungary Foundation\u2019s grant procedure offers grant opportunities for Jewish community organizations in Hungary.The primary goals of the grant are to support NGOs working to advance Jewish life, community and values, and to contribute to the capacity building of Jewish community NGOs.","robots":{"index":"index","follow":"follow","max-snippet":"max-snippet:-1","max-image-preview":"max-image-preview:large","max-video-preview":"max-video-preview:-1"},"canonical":"https:\/\/mozaikhub.hu\/en\/financial-support\/","og_locale":"en_US","og_type":"article","og_title":"Financial support","og_description":"The Mozaik Hub, as the operator of JDC Hungary Foundation\u2019s grant procedure offers grant opportunities for Jewish community organizations in Hungary.The primary goals of the grant are to support NGOs working to advance Jewish life, community and values, and to contribute to the capacity building of Jewish community NGOs.","og_url":"https:\/\/mozaikhub.hu\/en\/financial-support\/","og_site_name":"Mozaik Hub","article_publisher":"https:\/\/www.facebook.com\/mozaikhub\/","article_modified_time":"2025-02-12T12:15:02+00:00","og_image":[{"width":1200,"height":675,"url":"https:\/\/mozaikhub.hu\/wp-content\/uploads\/2025\/01\/mozaik-hub.jpg","type":"image\/jpeg"}],"twitter_card":"summary_large_image","twitter_site":"@mozaikhub","twitter_misc":{"Est. reading time":"1 minute"},"schema":{"@context":"https:\/\/schema.org","@graph":[{"@type":"WebPage","@id":"https:\/\/mozaikhub.hu\/en\/financial-support\/","url":"https:\/\/mozaikhub.hu\/en\/financial-support\/","name":"Financial support - Mozaik Hub","isPartOf":{"@id":"https:\/\/mozaikhub.hu\/#website"},"datePublished":"2024-06-11T18:14:12+00:00","dateModified":"2025-02-12T12:15:02+00:00","description":"The Mozaik Hub, as the operator of JDC Hungary Foundation\u2019s grant procedure offers grant opportunities for Jewish community organizations in Hungary.The primary goals of the grant are to support NGOs working to advance Jewish life, community and values, and to contribute to the capacity building of Jewish community NGOs.","breadcrumb":{"@id":"https:\/\/mozaikhub.hu\/en\/financial-support\/#breadcrumb"},"inLanguage":"en-US","potentialAction":[{"@type":"ReadAction","target":["https:\/\/mozaikhub.hu\/en\/financial-support\/"]}]},{"@type":"BreadcrumbList","@id":"https:\/\/mozaikhub.hu\/en\/financial-support\/#breadcrumb","itemListElement":[{"@type":"ListItem","position":1,"name":"Home","item":"https:\/\/mozaikhub.hu\/"},{"@type":"ListItem","position":2,"name":"Financial support"}]},{"@type":"WebSite","@id":"https:\/\/mozaikhub.hu\/#website","url":"https:\/\/mozaikhub.hu\/","name":"Mozaik Hub","description":"Mozaik Zsid\u00f3 K\u00f6z\u00f6ss\u00e9gi Hub","publisher":{"@id":"https:\/\/mozaikhub.hu\/#organization"},"potentialAction":[{"@type":"SearchAction","target":{"@type":"EntryPoint","urlTemplate":"https:\/\/mozaikhub.hu\/?s={search_term_string}"},"query-input":{"@type":"PropertyValueSpecification","valueRequired":true,"valueName":"search_term_string"}}],"inLanguage":"en-US"},{"@type":"Organization","@id":"https:\/\/mozaikhub.hu\/#organization","name":"Mozaik Hub","url":"https:\/\/mozaikhub.hu\/","logo":{"@type":"ImageObject","inLanguage":"en-US","@id":"https:\/\/mozaikhub.hu\/#\/schema\/logo\/image\/","url":"https:\/\/mozaikhub.hu\/wp-content\/uploads\/2024\/03\/logo-hu.svg","contentUrl":"https:\/\/mozaikhub.hu\/wp-content\/uploads\/2024\/03\/logo-hu.svg","width":194,"height":50,"caption":"Mozaik Hub"},"image":{"@id":"https:\/\/mozaikhub.hu\/#\/schema\/logo\/image\/"},"sameAs":["https:\/\/www.facebook.com\/mozaikhub\/","https:\/\/x.com\/mozaikhub","https:\/\/www.instagram.com\/mozaik_hub\/","https:\/\/www.youtube.com\/channel\/UCWarUAYokOYV6Xs-jpcUUNw"]}]}},"_links":{"self":[{"href":"https:\/\/mozaikhub.hu\/en\/wp-json\/wp\/v2\/pages\/11879","targetHints":{"allow":["GET"]}}],"collection":[{"href":"https:\/\/mozaikhub.hu\/en\/wp-json\/wp\/v2\/pages"}],"about":[{"href":"https:\/\/mozaikhub.hu\/en\/wp-json\/wp\/v2\/types\/page"}],"author":[{"embeddable":true,"href":"https:\/\/mozaikhub.hu\/en\/wp-json\/wp\/v2\/users\/1"}],"replies":[{"embeddable":true,"href":"https:\/\/mozaikhub.hu\/en\/wp-json\/wp\/v2\/comments?post=11879"}],"version-history":[{"count":7,"href":"https:\/\/mozaikhub.hu\/en\/wp-json\/wp\/v2\/pages\/11879\/revisions"}],"predecessor-version":[{"id":12251,"href":"https:\/\/mozaikhub.hu\/en\/wp-json\/wp\/v2\/pages\/11879\/revisions\/12251"}],"wp:attachment":[{"href":"https:\/\/mozaikhub.hu\/en\/wp-json\/wp\/v2\/media?parent=11879"}],"curies":[{"name":"wp","href":"https:\/\/api.w.org\/{rel}","templated":true}]}}