{"id":11867,"date":"2024-06-11T20:14:03","date_gmt":"2024-06-11T18:14:03","guid":{"rendered":"https:\/\/keszul.mozaikhub.hu\/?page_id=11867"},"modified":"2025-02-12T13:10:12","modified_gmt":"2025-02-12T12:10:12","slug":"forums","status":"publish","type":"page","link":"https:\/\/mozaikhub.hu\/en\/forums\/","title":{"rendered":"Forums"},"content":{"rendered":"\t\t<div data-elementor-type=\"wp-page\" data-elementor-id=\"11867\" class=\"elementor elementor-11867 elementor-1099\" data-elementor-post-type=\"page\">\n\t\t\t\t<div class=\"elementor-element elementor-element-bf5759e e-flex e-con-boxed e-con e-parent\" data-id=\"bf5759e\" data-element_type=\"container\" data-e-type=\"container\" data-settings=\"{&quot;background_background&quot;:&quot;classic&quot;}\">\n\t\t\t\t\t<div class=\"e-con-inner\">\n\t\t\t\t<div class=\"elementor-element elementor-element-c0a04fe elementor-widget elementor-widget-heading\" data-id=\"c0a04fe\" data-element_type=\"widget\" data-e-type=\"widget\" data-widget_type=\"heading.default\">\n\t\t\t\t<div class=\"elementor-widget-container\">\n\t\t\t\t\t<h1 class=\"elementor-heading-title elementor-size-default\">Forums<\/h1>\t\t\t\t<\/div>\n\t\t\t\t<\/div>\n\t\t<div class=\"elementor-element elementor-element-32c9d89 e-flex e-con-boxed e-con e-child\" data-id=\"32c9d89\" data-element_type=\"container\" data-e-type=\"container\" data-settings=\"{&quot;background_background&quot;:&quot;classic&quot;}\">\n\t\t\t\t\t<div class=\"e-con-inner\">\n\t\t\t\t<div class=\"elementor-element elementor-element-b21c148 elementor-widget elementor-widget-text-editor\" data-id=\"b21c148\" data-element_type=\"widget\" data-e-type=\"widget\" data-widget_type=\"text-editor.default\">\n\t\t\t\t<div class=\"elementor-widget-container\">\n\t\t\t\t\t\t\t\t\t<p>Besides our nonprofit management and skill trainings we also provide space for forum events. Organized by the Mozaik Hub or by our partners, forums are professional events covering a specific topic, theme or area. Participation in these events is usually invitation based. Forum topics cover a wider spectrum, in which besides current issues in or about the Jewish community you can find topics, themes and ares like:<\/p>\t\t\t\t\t\t\t\t<\/div>\n\t\t\t\t<\/div>\n\t\t\t\t<div class=\"elementor-element elementor-element-7ff741a elementor-icon-list--layout-traditional elementor-list-item-link-full_width elementor-widget elementor-widget-icon-list\" data-id=\"7ff741a\" data-element_type=\"widget\" data-e-type=\"widget\" data-widget_type=\"icon-list.default\">\n\t\t\t\t<div class=\"elementor-widget-container\">\n\t\t\t\t\t\t\t<ul class=\"elementor-icon-list-items\">\n\t\t\t\t\t\t\t<li class=\"elementor-icon-list-item\">\n\t\t\t\t\t\t\t\t\t\t\t<span class=\"elementor-icon-list-icon\">\n\t\t\t\t\t\t\t<svg xmlns=\"http:\/\/www.w3.org\/2000\/svg\" viewBox=\"0 0 200.03 223.98\"><title>triangle<\/title><g id=\"f83910a4-bf3a-43fa-ba45-274be1a58a4f\" data-name=\"Layer 2\"><g id=\"b013ec88-99f2-4a39-a111-9eec8ee86ea4\" data-name=\"Layer 1\"><path d=\"M36,220.69l152-87.9a24,24,0,0,0,0-41.6h0L36,3.29A23.9,23.9,0,0,0,0,24V200a23.9,23.9,0,0,0,36,20.7Z\"><\/path><\/g><\/g><\/svg>\t\t\t\t\t\t<\/span>\n\t\t\t\t\t\t\t\t\t\t<span class=\"elementor-icon-list-text\">Nonprofit sector<\/span>\n\t\t\t\t\t\t\t\t\t<\/li>\n\t\t\t\t\t\t\t\t<li class=\"elementor-icon-list-item\">\n\t\t\t\t\t\t\t\t\t\t\t<span class=\"elementor-icon-list-icon\">\n\t\t\t\t\t\t\t<svg xmlns=\"http:\/\/www.w3.org\/2000\/svg\" viewBox=\"0 0 200.03 223.98\"><title>triangle<\/title><g id=\"f83910a4-bf3a-43fa-ba45-274be1a58a4f\" data-name=\"Layer 2\"><g id=\"b013ec88-99f2-4a39-a111-9eec8ee86ea4\" data-name=\"Layer 1\"><path d=\"M36,220.69l152-87.9a24,24,0,0,0,0-41.6h0L36,3.29A23.9,23.9,0,0,0,0,24V200a23.9,23.9,0,0,0,36,20.7Z\"><\/path><\/g><\/g><\/svg>\t\t\t\t\t\t<\/span>\n\t\t\t\t\t\t\t\t\t\t<span class=\"elementor-icon-list-text\">Nonprofit management <\/span>\n\t\t\t\t\t\t\t\t\t<\/li>\n\t\t\t\t\t\t\t\t<li class=\"elementor-icon-list-item\">\n\t\t\t\t\t\t\t\t\t\t\t<span class=\"elementor-icon-list-icon\">\n\t\t\t\t\t\t\t<svg xmlns=\"http:\/\/www.w3.org\/2000\/svg\" viewBox=\"0 0 200.03 223.98\"><title>triangle<\/title><g id=\"f83910a4-bf3a-43fa-ba45-274be1a58a4f\" data-name=\"Layer 2\"><g id=\"b013ec88-99f2-4a39-a111-9eec8ee86ea4\" data-name=\"Layer 1\"><path d=\"M36,220.69l152-87.9a24,24,0,0,0,0-41.6h0L36,3.29A23.9,23.9,0,0,0,0,24V200a23.9,23.9,0,0,0,36,20.7Z\"><\/path><\/g><\/g><\/svg>\t\t\t\t\t\t<\/span>\n\t\t\t\t\t\t\t\t\t\t<span class=\"elementor-icon-list-text\">Community and society<\/span>\n\t\t\t\t\t\t\t\t\t<\/li>\n\t\t\t\t\t\t\t\t<li class=\"elementor-icon-list-item\">\n\t\t\t\t\t\t\t\t\t\t\t<span class=\"elementor-icon-list-icon\">\n\t\t\t\t\t\t\t<svg xmlns=\"http:\/\/www.w3.org\/2000\/svg\" viewBox=\"0 0 200.03 223.98\"><title>triangle<\/title><g id=\"f83910a4-bf3a-43fa-ba45-274be1a58a4f\" data-name=\"Layer 2\"><g id=\"b013ec88-99f2-4a39-a111-9eec8ee86ea4\" data-name=\"Layer 1\"><path d=\"M36,220.69l152-87.9a24,24,0,0,0,0-41.6h0L36,3.29A23.9,23.9,0,0,0,0,24V200a23.9,23.9,0,0,0,36,20.7Z\"><\/path><\/g><\/g><\/svg>\t\t\t\t\t\t<\/span>\n\t\t\t\t\t\t\t\t\t\t<span class=\"elementor-icon-list-text\">Education<\/span>\n\t\t\t\t\t\t\t\t\t<\/li>\n\t\t\t\t\t\t\t\t<li class=\"elementor-icon-list-item\">\n\t\t\t\t\t\t\t\t\t\t\t<span class=\"elementor-icon-list-icon\">\n\t\t\t\t\t\t\t<svg xmlns=\"http:\/\/www.w3.org\/2000\/svg\" viewBox=\"0 0 200.03 223.98\"><title>triangle<\/title><g id=\"f83910a4-bf3a-43fa-ba45-274be1a58a4f\" data-name=\"Layer 2\"><g id=\"b013ec88-99f2-4a39-a111-9eec8ee86ea4\" data-name=\"Layer 1\"><path d=\"M36,220.69l152-87.9a24,24,0,0,0,0-41.6h0L36,3.29A23.9,23.9,0,0,0,0,24V200a23.9,23.9,0,0,0,36,20.7Z\"><\/path><\/g><\/g><\/svg>\t\t\t\t\t\t<\/span>\n\t\t\t\t\t\t\t\t\t\t<span class=\"elementor-icon-list-text\">Media<\/span>\n\t\t\t\t\t\t\t\t\t<\/li>\n\t\t\t\t\t\t<\/ul>\n\t\t\t\t\t\t<\/div>\n\t\t\t\t<\/div>\n\t\t\t\t<div class=\"elementor-element elementor-element-2ae1842 elementor-widget elementor-widget-text-editor\" data-id=\"2ae1842\" data-element_type=\"widget\" data-e-type=\"widget\" data-widget_type=\"text-editor.default\">\n\t\t\t\t<div class=\"elementor-widget-container\">\n\t\t\t\t\t\t\t\t\t<p>Besides the forums organized by the Mozaik Hub, we would like to share our infrastructure and capacity providing space for other professional events. If you wish to organize thematic events, forums, meetings etc. in the areas mentioned above, please contact us.<\/p>\t\t\t\t\t\t\t\t<\/div>\n\t\t\t\t<\/div>\n\t\t\t\t<div class=\"elementor-element elementor-element-6123ccf elementor-widget elementor-widget-heading\" data-id=\"6123ccf\" data-element_type=\"widget\" data-e-type=\"widget\" data-widget_type=\"heading.default\">\n\t\t\t\t<div class=\"elementor-widget-container\">\n\t\t\t\t\t<h2 class=\"elementor-heading-title elementor-size-default\">Forum events<\/h2>\t\t\t\t<\/div>\n\t\t\t\t<\/div>\n\t\t\t\t<div class=\"elementor-element elementor-element-3e7dea3 elementor-widget elementor-widget-text-editor\" data-id=\"3e7dea3\" data-element_type=\"widget\" data-e-type=\"widget\" data-widget_type=\"text-editor.default\">\n\t\t\t\t<div class=\"elementor-widget-container\">\n\t\t\t\t\t\t\t\t\t<h3><a href=\"http:\/\/fiatalok.mozaikhub.hu\/en\" target=\"_blank\" rel=\"noopener\">Vision of Jewish youth about the community<\/a><\/h3><p>The forum, Vision of Jewish youth took place in the Mozaik Jewish Community Hub in December 2015 \u00a0The event was organized in partnership with the Tom Lantos Institute and the Mazsihisz (Federation) Youth Council. 15 young professionals and activists from 12 organizations and programs participated in the forum.<br \/><a href=\"http:\/\/fiatalok.mozaikhub.hu\/en\" target=\"_blank\" rel=\"noopener noreferrer\">Read more<\/a><\/p><h3><a href=\"http:\/\/lmbtq.mozaikhub.hu\/en\" target=\"_blank\" rel=\"noopener\">LGBTQI inclusion<\/a><\/h3><p>On 17th March 2016 the first community forum on LGBTQI inclusion was organized in the Mozaik Jewish Community Hub. Initiated by the Balint JCC and the Mozaik Hub, the forum\u2019s main goal was to start a dialog with organizational and community leaders about LGBTQ inclusion in the Jewish community of Hungary.\u00a0<\/p><p>The forum continued in May with a whole day seminar in which 15 NGO and institution professionals, community leaders and experts participated.\u00a0The second forum event focused on providing a better understanding of the current situation and introducing best practices and international examples.<br \/><a href=\"http:\/\/lmbtq.mozaikhub.hu\/en\" target=\"_blank\" rel=\"noopener noreferrer\">Read more<\/a><\/p><h3><a href=\"https:\/\/mozaikhub.hu\/en\/forums\/forum-on-social-responsibility-in-the-jewish-community\/\" target=\"_blank\" rel=\"noopener noreferrer\">Social responsibility in the Jewish community<\/a><\/h3><p>The first forum event on social responsibility in the Jewish community took place on June 30, 2016 in the Mozaik Hub. The forum was attended by thirteen people in total; in addition to community leaders, experts, and activists, the representatives of Mazsihisz (The Federation of Hungarian Jewish Communities), EMIH, Haver Foundation, Marom Association, B\u00e1lint Jewish Community Center, and OR-ZSE (Budapest University of Jewish Studies) were also present.\u00a0The forum\u2019s primary goal is to provide a \u00a0platform for dialog for the representatives of those institutions, organizations, and initiatives in the Jewish community that are active in social care. The long term goals of these forums are to support collective thinking, to help cooperation, and to increase the impact of the work in the social field.<br \/><a href=\"https:\/\/mozaikhub.hu\/en\/forums\/forum-on-social-responsibility-in-the-jewish-community\/\" target=\"_blank\" rel=\"noopener noreferrer\">Read more<\/a><\/p>\t\t\t\t\t\t\t\t<\/div>\n\t\t\t\t<\/div>\n\t\t\t\t\t<\/div>\n\t\t\t\t<\/div>\n\t\t\t\t\t<\/div>\n\t\t\t\t<\/div>\n\t\t\t\t<\/div>\n\t\t","protected":false},"excerpt":{"rendered":"<p>Forums Besides our nonprofit management and skill trainings we also provide space for forum events. Organized by the Mozaik Hub or by our partners, forums are professional events covering a [&hellip;]<\/p>\n","protected":false},"author":1,"featured_media":0,"parent":0,"menu_order":0,"comment_status":"closed","ping_status":"closed","template":"","meta":{"_acf_changed":false,"_glsr_average":0,"_glsr_ranking":0,"_glsr_reviews":0,"footnotes":""},"class_list":["post-11867","page","type-page","status-publish","hentry"],"acf":[],"yoast_head":"<!-- This site is optimized with the Yoast SEO Premium plugin v27.2 (Yoast SEO v27.2) - https:\/\/yoast.com\/product\/yoast-seo-premium-wordpress\/ -->\n<title>Forums - Mozaik Hub<\/title>\n<meta name=\"description\" content=\"esides our nonprofit management and skill trainings we also provide space for forum events. Organized by the Mozaik Hub or by our partners, forums are professional events covering a specific topic, theme or area. Participation in these events is usually invitation based.\" \/>\n<meta name=\"robots\" content=\"index, follow, max-snippet:-1, max-image-preview:large, max-video-preview:-1\" \/>\n<link rel=\"canonical\" href=\"https:\/\/mozaikhub.hu\/en\/forums\/\" \/>\n<meta property=\"og:locale\" content=\"en_US\" \/>\n<meta property=\"og:type\" content=\"article\" \/>\n<meta property=\"og:title\" content=\"Forums\" \/>\n<meta property=\"og:description\" content=\"esides our nonprofit management and skill trainings we also provide space for forum events. Organized by the Mozaik Hub or by our partners, forums are professional events covering a specific topic, theme or area. Participation in these events is usually invitation based.\" \/>\n<meta property=\"og:url\" content=\"https:\/\/mozaikhub.hu\/en\/forums\/\" \/>\n<meta property=\"og:site_name\" content=\"Mozaik Hub\" \/>\n<meta property=\"article:publisher\" content=\"https:\/\/www.facebook.com\/mozaikhub\/\" \/>\n<meta property=\"article:modified_time\" content=\"2025-02-12T12:10:12+00:00\" \/>\n<meta property=\"og:image\" content=\"https:\/\/mozaikhub.hu\/wp-content\/uploads\/2025\/01\/mozaik-hub.jpg\" \/>\n\t<meta property=\"og:image:width\" content=\"1200\" \/>\n\t<meta property=\"og:image:height\" content=\"675\" \/>\n\t<meta property=\"og:image:type\" content=\"image\/jpeg\" \/>\n<meta name=\"twitter:card\" content=\"summary_large_image\" \/>\n<meta name=\"twitter:site\" content=\"@mozaikhub\" \/>\n<meta name=\"twitter:label1\" content=\"Est. reading time\" \/>\n\t<meta name=\"twitter:data1\" content=\"3 minutes\" \/>\n<script type=\"application\/ld+json\" class=\"yoast-schema-graph\">{\"@context\":\"https:\/\/schema.org\",\"@graph\":[{\"@type\":\"WebPage\",\"@id\":\"https:\/\/mozaikhub.hu\/en\/forums\/\",\"url\":\"https:\/\/mozaikhub.hu\/en\/forums\/\",\"name\":\"Forums - Mozaik Hub\",\"isPartOf\":{\"@id\":\"https:\/\/mozaikhub.hu\/#website\"},\"datePublished\":\"2024-06-11T18:14:03+00:00\",\"dateModified\":\"2025-02-12T12:10:12+00:00\",\"description\":\"esides our nonprofit management and skill trainings we also provide space for forum events. Organized by the Mozaik Hub or by our partners, forums are professional events covering a specific topic, theme or area. Participation in these events is usually invitation based.\",\"breadcrumb\":{\"@id\":\"https:\/\/mozaikhub.hu\/en\/forums\/#breadcrumb\"},\"inLanguage\":\"en-US\",\"potentialAction\":[{\"@type\":\"ReadAction\",\"target\":[\"https:\/\/mozaikhub.hu\/en\/forums\/\"]}]},{\"@type\":\"BreadcrumbList\",\"@id\":\"https:\/\/mozaikhub.hu\/en\/forums\/#breadcrumb\",\"itemListElement\":[{\"@type\":\"ListItem\",\"position\":1,\"name\":\"Home\",\"item\":\"https:\/\/mozaikhub.hu\/\"},{\"@type\":\"ListItem\",\"position\":2,\"name\":\"Forums\"}]},{\"@type\":\"WebSite\",\"@id\":\"https:\/\/mozaikhub.hu\/#website\",\"url\":\"https:\/\/mozaikhub.hu\/\",\"name\":\"Mozaik Hub\",\"description\":\"Mozaik Zsid\u00f3 K\u00f6z\u00f6ss\u00e9gi Hub\",\"publisher\":{\"@id\":\"https:\/\/mozaikhub.hu\/#organization\"},\"potentialAction\":[{\"@type\":\"SearchAction\",\"target\":{\"@type\":\"EntryPoint\",\"urlTemplate\":\"https:\/\/mozaikhub.hu\/?s={search_term_string}\"},\"query-input\":{\"@type\":\"PropertyValueSpecification\",\"valueRequired\":true,\"valueName\":\"search_term_string\"}}],\"inLanguage\":\"en-US\"},{\"@type\":\"Organization\",\"@id\":\"https:\/\/mozaikhub.hu\/#organization\",\"name\":\"Mozaik Hub\",\"url\":\"https:\/\/mozaikhub.hu\/\",\"logo\":{\"@type\":\"ImageObject\",\"inLanguage\":\"en-US\",\"@id\":\"https:\/\/mozaikhub.hu\/#\/schema\/logo\/image\/\",\"url\":\"https:\/\/mozaikhub.hu\/wp-content\/uploads\/2024\/03\/logo-hu.svg\",\"contentUrl\":\"https:\/\/mozaikhub.hu\/wp-content\/uploads\/2024\/03\/logo-hu.svg\",\"width\":194,\"height\":50,\"caption\":\"Mozaik Hub\"},\"image\":{\"@id\":\"https:\/\/mozaikhub.hu\/#\/schema\/logo\/image\/\"},\"sameAs\":[\"https:\/\/www.facebook.com\/mozaikhub\/\",\"https:\/\/x.com\/mozaikhub\",\"https:\/\/www.instagram.com\/mozaik_hub\/\",\"https:\/\/www.youtube.com\/channel\/UCWarUAYokOYV6Xs-jpcUUNw\"]}]}<\/script>\n<!-- \/ Yoast SEO Premium plugin. -->","yoast_head_json":{"title":"Forums - Mozaik Hub","description":"esides our nonprofit management and skill trainings we also provide space for forum events. Organized by the Mozaik Hub or by our partners, forums are professional events covering a specific topic, theme or area. Participation in these events is usually invitation based.","robots":{"index":"index","follow":"follow","max-snippet":"max-snippet:-1","max-image-preview":"max-image-preview:large","max-video-preview":"max-video-preview:-1"},"canonical":"https:\/\/mozaikhub.hu\/en\/forums\/","og_locale":"en_US","og_type":"article","og_title":"Forums","og_description":"esides our nonprofit management and skill trainings we also provide space for forum events. Organized by the Mozaik Hub or by our partners, forums are professional events covering a specific topic, theme or area. Participation in these events is usually invitation based.","og_url":"https:\/\/mozaikhub.hu\/en\/forums\/","og_site_name":"Mozaik Hub","article_publisher":"https:\/\/www.facebook.com\/mozaikhub\/","article_modified_time":"2025-02-12T12:10:12+00:00","og_image":[{"width":1200,"height":675,"url":"https:\/\/mozaikhub.hu\/wp-content\/uploads\/2025\/01\/mozaik-hub.jpg","type":"image\/jpeg"}],"twitter_card":"summary_large_image","twitter_site":"@mozaikhub","twitter_misc":{"Est. reading time":"3 minutes"},"schema":{"@context":"https:\/\/schema.org","@graph":[{"@type":"WebPage","@id":"https:\/\/mozaikhub.hu\/en\/forums\/","url":"https:\/\/mozaikhub.hu\/en\/forums\/","name":"Forums - Mozaik Hub","isPartOf":{"@id":"https:\/\/mozaikhub.hu\/#website"},"datePublished":"2024-06-11T18:14:03+00:00","dateModified":"2025-02-12T12:10:12+00:00","description":"esides our nonprofit management and skill trainings we also provide space for forum events. Organized by the Mozaik Hub or by our partners, forums are professional events covering a specific topic, theme or area. Participation in these events is usually invitation based.","breadcrumb":{"@id":"https:\/\/mozaikhub.hu\/en\/forums\/#breadcrumb"},"inLanguage":"en-US","potentialAction":[{"@type":"ReadAction","target":["https:\/\/mozaikhub.hu\/en\/forums\/"]}]},{"@type":"BreadcrumbList","@id":"https:\/\/mozaikhub.hu\/en\/forums\/#breadcrumb","itemListElement":[{"@type":"ListItem","position":1,"name":"Home","item":"https:\/\/mozaikhub.hu\/"},{"@type":"ListItem","position":2,"name":"Forums"}]},{"@type":"WebSite","@id":"https:\/\/mozaikhub.hu\/#website","url":"https:\/\/mozaikhub.hu\/","name":"Mozaik Hub","description":"Mozaik Zsid\u00f3 K\u00f6z\u00f6ss\u00e9gi Hub","publisher":{"@id":"https:\/\/mozaikhub.hu\/#organization"},"potentialAction":[{"@type":"SearchAction","target":{"@type":"EntryPoint","urlTemplate":"https:\/\/mozaikhub.hu\/?s={search_term_string}"},"query-input":{"@type":"PropertyValueSpecification","valueRequired":true,"valueName":"search_term_string"}}],"inLanguage":"en-US"},{"@type":"Organization","@id":"https:\/\/mozaikhub.hu\/#organization","name":"Mozaik Hub","url":"https:\/\/mozaikhub.hu\/","logo":{"@type":"ImageObject","inLanguage":"en-US","@id":"https:\/\/mozaikhub.hu\/#\/schema\/logo\/image\/","url":"https:\/\/mozaikhub.hu\/wp-content\/uploads\/2024\/03\/logo-hu.svg","contentUrl":"https:\/\/mozaikhub.hu\/wp-content\/uploads\/2024\/03\/logo-hu.svg","width":194,"height":50,"caption":"Mozaik Hub"},"image":{"@id":"https:\/\/mozaikhub.hu\/#\/schema\/logo\/image\/"},"sameAs":["https:\/\/www.facebook.com\/mozaikhub\/","https:\/\/x.com\/mozaikhub","https:\/\/www.instagram.com\/mozaik_hub\/","https:\/\/www.youtube.com\/channel\/UCWarUAYokOYV6Xs-jpcUUNw"]}]}},"_links":{"self":[{"href":"https:\/\/mozaikhub.hu\/en\/wp-json\/wp\/v2\/pages\/11867","targetHints":{"allow":["GET"]}}],"collection":[{"href":"https:\/\/mozaikhub.hu\/en\/wp-json\/wp\/v2\/pages"}],"about":[{"href":"https:\/\/mozaikhub.hu\/en\/wp-json\/wp\/v2\/types\/page"}],"author":[{"embeddable":true,"href":"https:\/\/mozaikhub.hu\/en\/wp-json\/wp\/v2\/users\/1"}],"replies":[{"embeddable":true,"href":"https:\/\/mozaikhub.hu\/en\/wp-json\/wp\/v2\/comments?post=11867"}],"version-history":[{"count":11,"href":"https:\/\/mozaikhub.hu\/en\/wp-json\/wp\/v2\/pages\/11867\/revisions"}],"predecessor-version":[{"id":12246,"href":"https:\/\/mozaikhub.hu\/en\/wp-json\/wp\/v2\/pages\/11867\/revisions\/12246"}],"wp:attachment":[{"href":"https:\/\/mozaikhub.hu\/en\/wp-json\/wp\/v2\/media?parent=11867"}],"curies":[{"name":"wp","href":"https:\/\/api.w.org\/{rel}","templated":true}]}}