{"id":11848,"date":"2024-06-11T20:13:52","date_gmt":"2024-06-11T18:13:52","guid":{"rendered":"https:\/\/keszul.mozaikhub.hu\/?page_id=11848"},"modified":"2025-02-10T10:56:55","modified_gmt":"2025-02-10T09:56:55","slug":"trainings-and-workshops","status":"publish","type":"page","link":"https:\/\/mozaikhub.hu\/en\/trainings-and-workshops\/","title":{"rendered":"Trainings and workshops"},"content":{"rendered":"\t\t<div data-elementor-type=\"wp-page\" data-elementor-id=\"11848\" class=\"elementor elementor-11848 elementor-1097\" data-elementor-post-type=\"page\">\n\t\t\t\t<div class=\"elementor-element elementor-element-84c8795 e-flex e-con-boxed e-con e-parent\" data-id=\"84c8795\" data-element_type=\"container\" data-e-type=\"container\" data-settings=\"{&quot;background_background&quot;:&quot;classic&quot;}\">\n\t\t\t\t\t<div class=\"e-con-inner\">\n\t\t\t\t<div class=\"elementor-element elementor-element-0917f4e elementor-widget elementor-widget-heading\" data-id=\"0917f4e\" data-element_type=\"widget\" data-e-type=\"widget\" data-widget_type=\"heading.default\">\n\t\t\t\t<div class=\"elementor-widget-container\">\n\t\t\t\t\t<h1 class=\"elementor-heading-title elementor-size-default\">Trainings and workshops<\/h1>\t\t\t\t<\/div>\n\t\t\t\t<\/div>\n\t\t<div class=\"elementor-element elementor-element-8652c21 e-flex e-con-boxed e-con e-child\" data-id=\"8652c21\" data-element_type=\"container\" data-e-type=\"container\" data-settings=\"{&quot;background_background&quot;:&quot;classic&quot;}\">\n\t\t\t\t\t<div class=\"e-con-inner\">\n\t\t\t\t<div class=\"elementor-element elementor-element-1df3a32 elementor-widget elementor-widget-text-editor\" data-id=\"1df3a32\" data-element_type=\"widget\" data-e-type=\"widget\" data-widget_type=\"text-editor.default\">\n\t\t\t\t<div class=\"elementor-widget-container\">\n\t\t\t\t\t\t\t\t\t<p>The Mozaik Hub serves as a training and knowledge platform that aims to:<\/p>\t\t\t\t\t\t\t\t<\/div>\n\t\t\t\t<\/div>\n\t\t\t\t<div class=\"elementor-element elementor-element-ca8788c elementor-icon-list--layout-traditional elementor-list-item-link-full_width elementor-widget elementor-widget-icon-list\" data-id=\"ca8788c\" data-element_type=\"widget\" data-e-type=\"widget\" data-widget_type=\"icon-list.default\">\n\t\t\t\t<div class=\"elementor-widget-container\">\n\t\t\t\t\t\t\t<ul class=\"elementor-icon-list-items\">\n\t\t\t\t\t\t\t<li class=\"elementor-icon-list-item\">\n\t\t\t\t\t\t\t\t\t\t\t<span class=\"elementor-icon-list-icon\">\n\t\t\t\t\t\t\t<svg xmlns=\"http:\/\/www.w3.org\/2000\/svg\" viewBox=\"0 0 200.03 223.98\"><title>triangle<\/title><g id=\"f83910a4-bf3a-43fa-ba45-274be1a58a4f\" data-name=\"Layer 2\"><g id=\"b013ec88-99f2-4a39-a111-9eec8ee86ea4\" data-name=\"Layer 1\"><path d=\"M36,220.69l152-87.9a24,24,0,0,0,0-41.6h0L36,3.29A23.9,23.9,0,0,0,0,24V200a23.9,23.9,0,0,0,36,20.7Z\"><\/path><\/g><\/g><\/svg>\t\t\t\t\t\t<\/span>\n\t\t\t\t\t\t\t\t\t\t<span class=\"elementor-icon-list-text\"><span>contribute to the professional development of NGOs, social enterprises and other grass-roots initiatives from the Jewish community and beyond<\/span><\/span>\n\t\t\t\t\t\t\t\t\t<\/li>\n\t\t\t\t\t\t\t\t<li class=\"elementor-icon-list-item\">\n\t\t\t\t\t\t\t\t\t\t\t<span class=\"elementor-icon-list-icon\">\n\t\t\t\t\t\t\t<svg xmlns=\"http:\/\/www.w3.org\/2000\/svg\" viewBox=\"0 0 200.03 223.98\"><title>triangle<\/title><g id=\"f83910a4-bf3a-43fa-ba45-274be1a58a4f\" data-name=\"Layer 2\"><g id=\"b013ec88-99f2-4a39-a111-9eec8ee86ea4\" data-name=\"Layer 1\"><path d=\"M36,220.69l152-87.9a24,24,0,0,0,0-41.6h0L36,3.29A23.9,23.9,0,0,0,0,24V200a23.9,23.9,0,0,0,36,20.7Z\"><\/path><\/g><\/g><\/svg>\t\t\t\t\t\t<\/span>\n\t\t\t\t\t\t\t\t\t\t<span class=\"elementor-icon-list-text\"><span>inspire social entrepreneurs who want to take responsibility for the good of the community and the Hungarian society.<\/span><\/span>\n\t\t\t\t\t\t\t\t\t<\/li>\n\t\t\t\t\t\t<\/ul>\n\t\t\t\t\t\t<\/div>\n\t\t\t\t<\/div>\n\t\t\t\t<div class=\"elementor-element elementor-element-ecb26c2 elementor-widget elementor-widget-text-editor\" data-id=\"ecb26c2\" data-element_type=\"widget\" data-e-type=\"widget\" data-widget_type=\"text-editor.default\">\n\t\t\t\t<div class=\"elementor-widget-container\">\n\t\t\t\t\t\t\t\t\t<p>In addition to the various learning events we organize at the Hub, a great deal of educational materials are also available on the Hungarian versions of our website.<\/p>\t\t\t\t\t\t\t\t<\/div>\n\t\t\t\t<\/div>\n\t\t\t\t<div class=\"elementor-element elementor-element-2a8925f elementor-widget elementor-widget-video\" data-id=\"2a8925f\" data-element_type=\"widget\" data-e-type=\"widget\" data-settings=\"{&quot;youtube_url&quot;:&quot;https:\\\/\\\/www.youtube.com\\\/watch?v=zdNt_m84Lzg&quot;,&quot;video_type&quot;:&quot;youtube&quot;,&quot;controls&quot;:&quot;yes&quot;}\" data-widget_type=\"video.default\">\n\t\t\t\t<div class=\"elementor-widget-container\">\n\t\t\t\t\t\t\t<div class=\"elementor-wrapper elementor-open-inline\">\n\t\t\t<div class=\"elementor-video\"><\/div>\t\t<\/div>\n\t\t\t\t\t\t<\/div>\n\t\t\t\t<\/div>\n\t\t\t\t<div class=\"elementor-element elementor-element-411ed80 elementor-widget elementor-widget-text-editor\" data-id=\"411ed80\" data-element_type=\"widget\" data-e-type=\"widget\" data-widget_type=\"text-editor.default\">\n\t\t\t\t<div class=\"elementor-widget-container\">\n\t\t\t\t\t\t\t\t\t<p>All training events are designed and implemented in a way that, in addition to acquiring knowledge and developing skills, they also focus on the long term change in participants\u2019 approach and mindset.<\/p>\t\t\t\t\t\t\t\t<\/div>\n\t\t\t\t<\/div>\n\t\t\t\t<div class=\"elementor-element elementor-element-5faa982 elementor-widget elementor-widget-heading\" data-id=\"5faa982\" data-element_type=\"widget\" data-e-type=\"widget\" data-widget_type=\"heading.default\">\n\t\t\t\t<div class=\"elementor-widget-container\">\n\t\t\t\t\t<h2 class=\"elementor-heading-title elementor-size-default\">Training curriculum \u2013 areas and topics<\/h2>\t\t\t\t<\/div>\n\t\t\t\t<\/div>\n\t\t\t\t<div class=\"elementor-element elementor-element-48414a1 elementor-widget elementor-widget-text-editor\" data-id=\"48414a1\" data-element_type=\"widget\" data-e-type=\"widget\" data-widget_type=\"text-editor.default\">\n\t\t\t\t<div class=\"elementor-widget-container\">\n\t\t\t\t\t\t\t\t\t<p>Creating and implementing the learning events, we are cooperating with professionals, trainers and lecturers from and outside of Hungary. All our learning events are free for any registered NGO in Hungary and all social entrepreneurs actively working on a project or new initiative.<\/p>\t\t\t\t\t\t\t\t<\/div>\n\t\t\t\t<\/div>\n\t\t\t\t<div class=\"elementor-element elementor-element-770d2d1 elementor-icon-list--layout-traditional elementor-list-item-link-full_width elementor-widget elementor-widget-icon-list\" data-id=\"770d2d1\" data-element_type=\"widget\" data-e-type=\"widget\" data-widget_type=\"icon-list.default\">\n\t\t\t\t<div class=\"elementor-widget-container\">\n\t\t\t\t\t\t\t<ul class=\"elementor-icon-list-items\">\n\t\t\t\t\t\t\t<li class=\"elementor-icon-list-item\">\n\t\t\t\t\t\t\t\t\t\t\t<span class=\"elementor-icon-list-icon\">\n\t\t\t\t\t\t\t<svg xmlns=\"http:\/\/www.w3.org\/2000\/svg\" viewBox=\"0 0 200.03 223.98\"><title>triangle<\/title><g id=\"f83910a4-bf3a-43fa-ba45-274be1a58a4f\" data-name=\"Layer 2\"><g id=\"b013ec88-99f2-4a39-a111-9eec8ee86ea4\" data-name=\"Layer 1\"><path d=\"M36,220.69l152-87.9a24,24,0,0,0,0-41.6h0L36,3.29A23.9,23.9,0,0,0,0,24V200a23.9,23.9,0,0,0,36,20.7Z\"><\/path><\/g><\/g><\/svg>\t\t\t\t\t\t<\/span>\n\t\t\t\t\t\t\t\t\t\t<span class=\"elementor-icon-list-text\">Strategic thinking and planning<\/span>\n\t\t\t\t\t\t\t\t\t<\/li>\n\t\t\t\t\t\t\t\t<li class=\"elementor-icon-list-item\">\n\t\t\t\t\t\t\t\t\t\t\t<span class=\"elementor-icon-list-icon\">\n\t\t\t\t\t\t\t<svg xmlns=\"http:\/\/www.w3.org\/2000\/svg\" viewBox=\"0 0 200.03 223.98\"><title>triangle<\/title><g id=\"f83910a4-bf3a-43fa-ba45-274be1a58a4f\" data-name=\"Layer 2\"><g id=\"b013ec88-99f2-4a39-a111-9eec8ee86ea4\" data-name=\"Layer 1\"><path d=\"M36,220.69l152-87.9a24,24,0,0,0,0-41.6h0L36,3.29A23.9,23.9,0,0,0,0,24V200a23.9,23.9,0,0,0,36,20.7Z\"><\/path><\/g><\/g><\/svg>\t\t\t\t\t\t<\/span>\n\t\t\t\t\t\t\t\t\t\t<span class=\"elementor-icon-list-text\">Project management<\/span>\n\t\t\t\t\t\t\t\t\t<\/li>\n\t\t\t\t\t\t\t\t<li class=\"elementor-icon-list-item\">\n\t\t\t\t\t\t\t\t\t\t\t<span class=\"elementor-icon-list-icon\">\n\t\t\t\t\t\t\t<svg xmlns=\"http:\/\/www.w3.org\/2000\/svg\" viewBox=\"0 0 200.03 223.98\"><title>triangle<\/title><g id=\"f83910a4-bf3a-43fa-ba45-274be1a58a4f\" data-name=\"Layer 2\"><g id=\"b013ec88-99f2-4a39-a111-9eec8ee86ea4\" data-name=\"Layer 1\"><path d=\"M36,220.69l152-87.9a24,24,0,0,0,0-41.6h0L36,3.29A23.9,23.9,0,0,0,0,24V200a23.9,23.9,0,0,0,36,20.7Z\"><\/path><\/g><\/g><\/svg>\t\t\t\t\t\t<\/span>\n\t\t\t\t\t\t\t\t\t\t<span class=\"elementor-icon-list-text\">Resource development<\/span>\n\t\t\t\t\t\t\t\t\t<\/li>\n\t\t\t\t\t\t\t\t<li class=\"elementor-icon-list-item\">\n\t\t\t\t\t\t\t\t\t\t\t<span class=\"elementor-icon-list-icon\">\n\t\t\t\t\t\t\t<svg xmlns=\"http:\/\/www.w3.org\/2000\/svg\" viewBox=\"0 0 200.03 223.98\"><title>triangle<\/title><g id=\"f83910a4-bf3a-43fa-ba45-274be1a58a4f\" data-name=\"Layer 2\"><g id=\"b013ec88-99f2-4a39-a111-9eec8ee86ea4\" data-name=\"Layer 1\"><path d=\"M36,220.69l152-87.9a24,24,0,0,0,0-41.6h0L36,3.29A23.9,23.9,0,0,0,0,24V200a23.9,23.9,0,0,0,36,20.7Z\"><\/path><\/g><\/g><\/svg>\t\t\t\t\t\t<\/span>\n\t\t\t\t\t\t\t\t\t\t<span class=\"elementor-icon-list-text\">Volunteer management<\/span>\n\t\t\t\t\t\t\t\t\t<\/li>\n\t\t\t\t\t\t\t\t<li class=\"elementor-icon-list-item\">\n\t\t\t\t\t\t\t\t\t\t\t<span class=\"elementor-icon-list-icon\">\n\t\t\t\t\t\t\t<svg xmlns=\"http:\/\/www.w3.org\/2000\/svg\" viewBox=\"0 0 200.03 223.98\"><title>triangle<\/title><g id=\"f83910a4-bf3a-43fa-ba45-274be1a58a4f\" data-name=\"Layer 2\"><g id=\"b013ec88-99f2-4a39-a111-9eec8ee86ea4\" data-name=\"Layer 1\"><path d=\"M36,220.69l152-87.9a24,24,0,0,0,0-41.6h0L36,3.29A23.9,23.9,0,0,0,0,24V200a23.9,23.9,0,0,0,36,20.7Z\"><\/path><\/g><\/g><\/svg>\t\t\t\t\t\t<\/span>\n\t\t\t\t\t\t\t\t\t\t<span class=\"elementor-icon-list-text\">Financial management<\/span>\n\t\t\t\t\t\t\t\t\t<\/li>\n\t\t\t\t\t\t\t\t<li class=\"elementor-icon-list-item\">\n\t\t\t\t\t\t\t\t\t\t\t<span class=\"elementor-icon-list-icon\">\n\t\t\t\t\t\t\t<svg xmlns=\"http:\/\/www.w3.org\/2000\/svg\" viewBox=\"0 0 200.03 223.98\"><title>triangle<\/title><g id=\"f83910a4-bf3a-43fa-ba45-274be1a58a4f\" data-name=\"Layer 2\"><g id=\"b013ec88-99f2-4a39-a111-9eec8ee86ea4\" data-name=\"Layer 1\"><path d=\"M36,220.69l152-87.9a24,24,0,0,0,0-41.6h0L36,3.29A23.9,23.9,0,0,0,0,24V200a23.9,23.9,0,0,0,36,20.7Z\"><\/path><\/g><\/g><\/svg>\t\t\t\t\t\t<\/span>\n\t\t\t\t\t\t\t\t\t\t<span class=\"elementor-icon-list-text\">Online and social media communication<\/span>\n\t\t\t\t\t\t\t\t\t<\/li>\n\t\t\t\t\t\t\t\t<li class=\"elementor-icon-list-item\">\n\t\t\t\t\t\t\t\t\t\t\t<span class=\"elementor-icon-list-icon\">\n\t\t\t\t\t\t\t<svg xmlns=\"http:\/\/www.w3.org\/2000\/svg\" viewBox=\"0 0 200.03 223.98\"><title>triangle<\/title><g id=\"f83910a4-bf3a-43fa-ba45-274be1a58a4f\" data-name=\"Layer 2\"><g id=\"b013ec88-99f2-4a39-a111-9eec8ee86ea4\" data-name=\"Layer 1\"><path d=\"M36,220.69l152-87.9a24,24,0,0,0,0-41.6h0L36,3.29A23.9,23.9,0,0,0,0,24V200a23.9,23.9,0,0,0,36,20.7Z\"><\/path><\/g><\/g><\/svg>\t\t\t\t\t\t<\/span>\n\t\t\t\t\t\t\t\t\t\t<span class=\"elementor-icon-list-text\">Storytelling<\/span>\n\t\t\t\t\t\t\t\t\t<\/li>\n\t\t\t\t\t\t\t\t<li class=\"elementor-icon-list-item\">\n\t\t\t\t\t\t\t\t\t\t\t<span class=\"elementor-icon-list-icon\">\n\t\t\t\t\t\t\t<svg xmlns=\"http:\/\/www.w3.org\/2000\/svg\" viewBox=\"0 0 200.03 223.98\"><title>triangle<\/title><g id=\"f83910a4-bf3a-43fa-ba45-274be1a58a4f\" data-name=\"Layer 2\"><g id=\"b013ec88-99f2-4a39-a111-9eec8ee86ea4\" data-name=\"Layer 1\"><path d=\"M36,220.69l152-87.9a24,24,0,0,0,0-41.6h0L36,3.29A23.9,23.9,0,0,0,0,24V200a23.9,23.9,0,0,0,36,20.7Z\"><\/path><\/g><\/g><\/svg>\t\t\t\t\t\t<\/span>\n\t\t\t\t\t\t\t\t\t\t<span class=\"elementor-icon-list-text\">Press and publicity - PR workshop<\/span>\n\t\t\t\t\t\t\t\t\t<\/li>\n\t\t\t\t\t\t<\/ul>\n\t\t\t\t\t\t<\/div>\n\t\t\t\t<\/div>\n\t\t\t\t\t<\/div>\n\t\t\t\t<\/div>\n\t\t\t\t\t<\/div>\n\t\t\t\t<\/div>\n\t\t\t\t<\/div>\n\t\t","protected":false},"excerpt":{"rendered":"<p>Trainings and workshops The Mozaik Hub serves as a training and knowledge platform that aims to: triangle contribute to the professional development of NGOs, social enterprises and other grass-roots initiatives [&hellip;]<\/p>\n","protected":false},"author":1,"featured_media":0,"parent":0,"menu_order":0,"comment_status":"closed","ping_status":"closed","template":"","meta":{"_acf_changed":false,"_glsr_average":0,"_glsr_ranking":0,"_glsr_reviews":0,"footnotes":""},"class_list":["post-11848","page","type-page","status-publish","hentry"],"acf":[],"yoast_head":"<!-- This site is optimized with the Yoast SEO Premium plugin v27.2 (Yoast SEO v27.2) - https:\/\/yoast.com\/product\/yoast-seo-premium-wordpress\/ -->\n<title>Trainings and workshops - Mozaik Hub<\/title>\n<meta name=\"robots\" content=\"index, follow, max-snippet:-1, max-image-preview:large, max-video-preview:-1\" \/>\n<link rel=\"canonical\" href=\"https:\/\/mozaikhub.hu\/kepzesek-es-workshopok\/\" \/>\n<meta property=\"og:locale\" content=\"en_US\" \/>\n<meta property=\"og:type\" content=\"article\" \/>\n<meta property=\"og:title\" content=\"Trainings and workshops\" \/>\n<meta property=\"og:description\" content=\"Trainings and workshops The Mozaik Hub serves as a training and knowledge platform that aims to: triangle contribute to the professional development of NGOs, social enterprises and other grass-roots initiatives [&hellip;]\" \/>\n<meta property=\"og:url\" content=\"https:\/\/mozaikhub.hu\/kepzesek-es-workshopok\/\" \/>\n<meta property=\"og:site_name\" content=\"Mozaik Hub\" \/>\n<meta property=\"article:publisher\" content=\"https:\/\/www.facebook.com\/mozaikhub\/\" \/>\n<meta property=\"article:modified_time\" content=\"2025-02-10T09:56:55+00:00\" \/>\n<meta property=\"og:image\" content=\"https:\/\/mozaikhub.hu\/wp-content\/uploads\/2025\/01\/mozaik-hub.jpg\" \/>\n\t<meta property=\"og:image:width\" content=\"1200\" \/>\n\t<meta property=\"og:image:height\" content=\"675\" \/>\n\t<meta property=\"og:image:type\" content=\"image\/jpeg\" \/>\n<meta name=\"twitter:card\" content=\"summary_large_image\" \/>\n<meta name=\"twitter:site\" content=\"@mozaikhub\" \/>\n<meta name=\"twitter:label1\" content=\"Est. reading time\" \/>\n\t<meta name=\"twitter:data1\" content=\"1 minute\" \/>\n<script type=\"application\/ld+json\" class=\"yoast-schema-graph\">{\"@context\":\"https:\/\/schema.org\",\"@graph\":[{\"@type\":\"WebPage\",\"@id\":\"https:\/\/mozaikhub.hu\/kepzesek-es-workshopok\/\",\"url\":\"https:\/\/mozaikhub.hu\/kepzesek-es-workshopok\/\",\"name\":\"Trainings and workshops - Mozaik Hub\",\"isPartOf\":{\"@id\":\"https:\/\/mozaikhub.hu\/#website\"},\"datePublished\":\"2024-06-11T18:13:52+00:00\",\"dateModified\":\"2025-02-10T09:56:55+00:00\",\"breadcrumb\":{\"@id\":\"https:\/\/mozaikhub.hu\/kepzesek-es-workshopok\/#breadcrumb\"},\"inLanguage\":\"en-US\",\"potentialAction\":[{\"@type\":\"ReadAction\",\"target\":[\"https:\/\/mozaikhub.hu\/kepzesek-es-workshopok\/\"]}]},{\"@type\":\"BreadcrumbList\",\"@id\":\"https:\/\/mozaikhub.hu\/kepzesek-es-workshopok\/#breadcrumb\",\"itemListElement\":[{\"@type\":\"ListItem\",\"position\":1,\"name\":\"Home\",\"item\":\"https:\/\/mozaikhub.hu\/\"},{\"@type\":\"ListItem\",\"position\":2,\"name\":\"Trainings and workshops\"}]},{\"@type\":\"WebSite\",\"@id\":\"https:\/\/mozaikhub.hu\/#website\",\"url\":\"https:\/\/mozaikhub.hu\/\",\"name\":\"Mozaik Hub\",\"description\":\"Mozaik Zsid\u00f3 K\u00f6z\u00f6ss\u00e9gi Hub\",\"publisher\":{\"@id\":\"https:\/\/mozaikhub.hu\/#organization\"},\"potentialAction\":[{\"@type\":\"SearchAction\",\"target\":{\"@type\":\"EntryPoint\",\"urlTemplate\":\"https:\/\/mozaikhub.hu\/?s={search_term_string}\"},\"query-input\":{\"@type\":\"PropertyValueSpecification\",\"valueRequired\":true,\"valueName\":\"search_term_string\"}}],\"inLanguage\":\"en-US\"},{\"@type\":\"Organization\",\"@id\":\"https:\/\/mozaikhub.hu\/#organization\",\"name\":\"Mozaik Hub\",\"url\":\"https:\/\/mozaikhub.hu\/\",\"logo\":{\"@type\":\"ImageObject\",\"inLanguage\":\"en-US\",\"@id\":\"https:\/\/mozaikhub.hu\/#\/schema\/logo\/image\/\",\"url\":\"https:\/\/mozaikhub.hu\/wp-content\/uploads\/2024\/03\/logo-hu.svg\",\"contentUrl\":\"https:\/\/mozaikhub.hu\/wp-content\/uploads\/2024\/03\/logo-hu.svg\",\"width\":194,\"height\":50,\"caption\":\"Mozaik Hub\"},\"image\":{\"@id\":\"https:\/\/mozaikhub.hu\/#\/schema\/logo\/image\/\"},\"sameAs\":[\"https:\/\/www.facebook.com\/mozaikhub\/\",\"https:\/\/x.com\/mozaikhub\",\"https:\/\/www.instagram.com\/mozaik_hub\/\",\"https:\/\/www.youtube.com\/channel\/UCWarUAYokOYV6Xs-jpcUUNw\"]}]}<\/script>\n<!-- \/ Yoast SEO Premium plugin. -->","yoast_head_json":{"title":"Trainings and workshops - Mozaik Hub","robots":{"index":"index","follow":"follow","max-snippet":"max-snippet:-1","max-image-preview":"max-image-preview:large","max-video-preview":"max-video-preview:-1"},"canonical":"https:\/\/mozaikhub.hu\/kepzesek-es-workshopok\/","og_locale":"en_US","og_type":"article","og_title":"Trainings and workshops","og_description":"Trainings and workshops The Mozaik Hub serves as a training and knowledge platform that aims to: triangle contribute to the professional development of NGOs, social enterprises and other grass-roots initiatives [&hellip;]","og_url":"https:\/\/mozaikhub.hu\/kepzesek-es-workshopok\/","og_site_name":"Mozaik Hub","article_publisher":"https:\/\/www.facebook.com\/mozaikhub\/","article_modified_time":"2025-02-10T09:56:55+00:00","og_image":[{"width":1200,"height":675,"url":"https:\/\/mozaikhub.hu\/wp-content\/uploads\/2025\/01\/mozaik-hub.jpg","type":"image\/jpeg"}],"twitter_card":"summary_large_image","twitter_site":"@mozaikhub","twitter_misc":{"Est. reading time":"1 minute"},"schema":{"@context":"https:\/\/schema.org","@graph":[{"@type":"WebPage","@id":"https:\/\/mozaikhub.hu\/kepzesek-es-workshopok\/","url":"https:\/\/mozaikhub.hu\/kepzesek-es-workshopok\/","name":"Trainings and workshops - Mozaik Hub","isPartOf":{"@id":"https:\/\/mozaikhub.hu\/#website"},"datePublished":"2024-06-11T18:13:52+00:00","dateModified":"2025-02-10T09:56:55+00:00","breadcrumb":{"@id":"https:\/\/mozaikhub.hu\/kepzesek-es-workshopok\/#breadcrumb"},"inLanguage":"en-US","potentialAction":[{"@type":"ReadAction","target":["https:\/\/mozaikhub.hu\/kepzesek-es-workshopok\/"]}]},{"@type":"BreadcrumbList","@id":"https:\/\/mozaikhub.hu\/kepzesek-es-workshopok\/#breadcrumb","itemListElement":[{"@type":"ListItem","position":1,"name":"Home","item":"https:\/\/mozaikhub.hu\/"},{"@type":"ListItem","position":2,"name":"Trainings and workshops"}]},{"@type":"WebSite","@id":"https:\/\/mozaikhub.hu\/#website","url":"https:\/\/mozaikhub.hu\/","name":"Mozaik Hub","description":"Mozaik Zsid\u00f3 K\u00f6z\u00f6ss\u00e9gi Hub","publisher":{"@id":"https:\/\/mozaikhub.hu\/#organization"},"potentialAction":[{"@type":"SearchAction","target":{"@type":"EntryPoint","urlTemplate":"https:\/\/mozaikhub.hu\/?s={search_term_string}"},"query-input":{"@type":"PropertyValueSpecification","valueRequired":true,"valueName":"search_term_string"}}],"inLanguage":"en-US"},{"@type":"Organization","@id":"https:\/\/mozaikhub.hu\/#organization","name":"Mozaik Hub","url":"https:\/\/mozaikhub.hu\/","logo":{"@type":"ImageObject","inLanguage":"en-US","@id":"https:\/\/mozaikhub.hu\/#\/schema\/logo\/image\/","url":"https:\/\/mozaikhub.hu\/wp-content\/uploads\/2024\/03\/logo-hu.svg","contentUrl":"https:\/\/mozaikhub.hu\/wp-content\/uploads\/2024\/03\/logo-hu.svg","width":194,"height":50,"caption":"Mozaik Hub"},"image":{"@id":"https:\/\/mozaikhub.hu\/#\/schema\/logo\/image\/"},"sameAs":["https:\/\/www.facebook.com\/mozaikhub\/","https:\/\/x.com\/mozaikhub","https:\/\/www.instagram.com\/mozaik_hub\/","https:\/\/www.youtube.com\/channel\/UCWarUAYokOYV6Xs-jpcUUNw"]}]}},"_links":{"self":[{"href":"https:\/\/mozaikhub.hu\/en\/wp-json\/wp\/v2\/pages\/11848","targetHints":{"allow":["GET"]}}],"collection":[{"href":"https:\/\/mozaikhub.hu\/en\/wp-json\/wp\/v2\/pages"}],"about":[{"href":"https:\/\/mozaikhub.hu\/en\/wp-json\/wp\/v2\/types\/page"}],"author":[{"embeddable":true,"href":"https:\/\/mozaikhub.hu\/en\/wp-json\/wp\/v2\/users\/1"}],"replies":[{"embeddable":true,"href":"https:\/\/mozaikhub.hu\/en\/wp-json\/wp\/v2\/comments?post=11848"}],"version-history":[{"count":22,"href":"https:\/\/mozaikhub.hu\/en\/wp-json\/wp\/v2\/pages\/11848\/revisions"}],"predecessor-version":[{"id":12115,"href":"https:\/\/mozaikhub.hu\/en\/wp-json\/wp\/v2\/pages\/11848\/revisions\/12115"}],"wp:attachment":[{"href":"https:\/\/mozaikhub.hu\/en\/wp-json\/wp\/v2\/media?parent=11848"}],"curies":[{"name":"wp","href":"https:\/\/api.w.org\/{rel}","templated":true}]}}