{"id":11816,"date":"2024-03-13T09:46:51","date_gmt":"2024-03-13T08:46:51","guid":{"rendered":"https:\/\/keszul.mozaikhub.hu\/?page_id=11816"},"modified":"2025-02-12T10:57:54","modified_gmt":"2025-02-12T09:57:54","slug":"infrastructure-and-equipment","status":"publish","type":"page","link":"https:\/\/mozaikhub.hu\/en\/infrastructure-and-equipment\/","title":{"rendered":"Infrastructure and equipment"},"content":{"rendered":"\t\t<div data-elementor-type=\"wp-page\" data-elementor-id=\"11816\" class=\"elementor elementor-11816 elementor-44\" data-elementor-post-type=\"page\">\n\t\t\t\t<div class=\"elementor-element elementor-element-2f281bd e-flex e-con-boxed e-con e-parent\" data-id=\"2f281bd\" data-element_type=\"container\" data-e-type=\"container\" data-settings=\"{&quot;background_background&quot;:&quot;classic&quot;}\">\n\t\t\t\t\t<div class=\"e-con-inner\">\n\t\t\t\t<div class=\"elementor-element elementor-element-aa8a870 elementor-widget elementor-widget-heading\" data-id=\"aa8a870\" data-element_type=\"widget\" data-e-type=\"widget\" data-widget_type=\"heading.default\">\n\t\t\t\t<div class=\"elementor-widget-container\">\n\t\t\t\t\t<h1 class=\"elementor-heading-title elementor-size-default\">Infrastructure and equipment<\/h1>\t\t\t\t<\/div>\n\t\t\t\t<\/div>\n\t\t<div class=\"elementor-element elementor-element-675e49c e-flex e-con-boxed e-con e-child\" data-id=\"675e49c\" data-element_type=\"container\" data-e-type=\"container\" data-settings=\"{&quot;background_background&quot;:&quot;classic&quot;}\">\n\t\t\t\t\t<div class=\"e-con-inner\">\n\t\t\t\t<div class=\"elementor-element elementor-element-f39a087 elementor-widget elementor-widget-text-editor\" data-id=\"f39a087\" data-element_type=\"widget\" data-e-type=\"widget\" data-widget_type=\"text-editor.default\">\n\t\t\t\t<div class=\"elementor-widget-container\">\n\t\t\t\t\t\t\t\t\t<p>The Mozaik Hub provides infrastructure and equipment for Hub members on regular or temporary basis:<\/p>\t\t\t\t\t\t\t\t<\/div>\n\t\t\t\t<\/div>\n\t\t\t\t<div class=\"elementor-element elementor-element-c33844a elementor-widget elementor-widget-heading\" data-id=\"c33844a\" data-element_type=\"widget\" data-e-type=\"widget\" data-widget_type=\"heading.default\">\n\t\t\t\t<div class=\"elementor-widget-container\">\n\t\t\t\t\t<h3 class=\"elementor-heading-title elementor-size-default\">To fulfill these goals Mozaik Hub Offers:<\/h3>\t\t\t\t<\/div>\n\t\t\t\t<\/div>\n\t\t\t\t<div class=\"elementor-element elementor-element-f28b5f8 elementor-icon-list--layout-traditional elementor-list-item-link-full_width elementor-widget elementor-widget-icon-list\" data-id=\"f28b5f8\" data-element_type=\"widget\" data-e-type=\"widget\" data-widget_type=\"icon-list.default\">\n\t\t\t\t<div class=\"elementor-widget-container\">\n\t\t\t\t\t\t\t<ul class=\"elementor-icon-list-items\">\n\t\t\t\t\t\t\t<li class=\"elementor-icon-list-item\">\n\t\t\t\t\t\t\t\t\t\t\t<span class=\"elementor-icon-list-icon\">\n\t\t\t\t\t\t\t<svg xmlns=\"http:\/\/www.w3.org\/2000\/svg\" viewBox=\"0 0 200.03 223.98\"><title>triangle<\/title><g id=\"f83910a4-bf3a-43fa-ba45-274be1a58a4f\" data-name=\"Layer 2\"><g id=\"b013ec88-99f2-4a39-a111-9eec8ee86ea4\" data-name=\"Layer 1\"><path d=\"M36,220.69l152-87.9a24,24,0,0,0,0-41.6h0L36,3.29A23.9,23.9,0,0,0,0,24V200a23.9,23.9,0,0,0,36,20.7Z\"><\/path><\/g><\/g><\/svg>\t\t\t\t\t\t<\/span>\n\t\t\t\t\t\t\t\t\t\t<span class=\"elementor-icon-list-text\"> Workstation in the Mozaik Hub\u2019s co-working space<\/span>\n\t\t\t\t\t\t\t\t\t<\/li>\n\t\t\t\t\t\t\t\t<li class=\"elementor-icon-list-item\">\n\t\t\t\t\t\t\t\t\t\t\t<span class=\"elementor-icon-list-icon\">\n\t\t\t\t\t\t\t<svg xmlns=\"http:\/\/www.w3.org\/2000\/svg\" viewBox=\"0 0 200.03 223.98\"><title>triangle<\/title><g id=\"f83910a4-bf3a-43fa-ba45-274be1a58a4f\" data-name=\"Layer 2\"><g id=\"b013ec88-99f2-4a39-a111-9eec8ee86ea4\" data-name=\"Layer 1\"><path d=\"M36,220.69l152-87.9a24,24,0,0,0,0-41.6h0L36,3.29A23.9,23.9,0,0,0,0,24V200a23.9,23.9,0,0,0,36,20.7Z\"><\/path><\/g><\/g><\/svg>\t\t\t\t\t\t<\/span>\n\t\t\t\t\t\t\t\t\t\t<span class=\"elementor-icon-list-text\">Internet and printing <\/span>\n\t\t\t\t\t\t\t\t\t<\/li>\n\t\t\t\t\t\t\t\t<li class=\"elementor-icon-list-item\">\n\t\t\t\t\t\t\t\t\t\t\t<span class=\"elementor-icon-list-icon\">\n\t\t\t\t\t\t\t<svg xmlns=\"http:\/\/www.w3.org\/2000\/svg\" viewBox=\"0 0 200.03 223.98\"><title>triangle<\/title><g id=\"f83910a4-bf3a-43fa-ba45-274be1a58a4f\" data-name=\"Layer 2\"><g id=\"b013ec88-99f2-4a39-a111-9eec8ee86ea4\" data-name=\"Layer 1\"><path d=\"M36,220.69l152-87.9a24,24,0,0,0,0-41.6h0L36,3.29A23.9,23.9,0,0,0,0,24V200a23.9,23.9,0,0,0,36,20.7Z\"><\/path><\/g><\/g><\/svg>\t\t\t\t\t\t<\/span>\n\t\t\t\t\t\t\t\t\t\t<span class=\"elementor-icon-list-text\">Shared space for meetings and discussions<\/span>\n\t\t\t\t\t\t\t\t\t<\/li>\n\t\t\t\t\t\t\t\t<li class=\"elementor-icon-list-item\">\n\t\t\t\t\t\t\t\t\t\t\t<span class=\"elementor-icon-list-icon\">\n\t\t\t\t\t\t\t<svg xmlns=\"http:\/\/www.w3.org\/2000\/svg\" viewBox=\"0 0 200.03 223.98\"><title>triangle<\/title><g id=\"f83910a4-bf3a-43fa-ba45-274be1a58a4f\" data-name=\"Layer 2\"><g id=\"b013ec88-99f2-4a39-a111-9eec8ee86ea4\" data-name=\"Layer 1\"><path d=\"M36,220.69l152-87.9a24,24,0,0,0,0-41.6h0L36,3.29A23.9,23.9,0,0,0,0,24V200a23.9,23.9,0,0,0,36,20.7Z\"><\/path><\/g><\/g><\/svg>\t\t\t\t\t\t<\/span>\n\t\t\t\t\t\t\t\t\t\t<span class=\"elementor-icon-list-text\">Shared space for trainings and other events<\/span>\n\t\t\t\t\t\t\t\t\t<\/li>\n\t\t\t\t\t\t\t\t<li class=\"elementor-icon-list-item\">\n\t\t\t\t\t\t\t\t\t\t\t<span class=\"elementor-icon-list-icon\">\n\t\t\t\t\t\t\t<svg xmlns=\"http:\/\/www.w3.org\/2000\/svg\" viewBox=\"0 0 200.03 223.98\"><title>triangle<\/title><g id=\"f83910a4-bf3a-43fa-ba45-274be1a58a4f\" data-name=\"Layer 2\"><g id=\"b013ec88-99f2-4a39-a111-9eec8ee86ea4\" data-name=\"Layer 1\"><path d=\"M36,220.69l152-87.9a24,24,0,0,0,0-41.6h0L36,3.29A23.9,23.9,0,0,0,0,24V200a23.9,23.9,0,0,0,36,20.7Z\"><\/path><\/g><\/g><\/svg>\t\t\t\t\t\t<\/span>\n\t\t\t\t\t\t\t\t\t\t<span class=\"elementor-icon-list-text\">Storage space <\/span>\n\t\t\t\t\t\t\t\t\t<\/li>\n\t\t\t\t\t\t<\/ul>\n\t\t\t\t\t\t<\/div>\n\t\t\t\t<\/div>\n\t\t\t\t\t<\/div>\n\t\t\t\t<\/div>\n\t\t\t\t\t<\/div>\n\t\t\t\t<\/div>\n\t\t\t\t<\/div>\n\t\t","protected":false},"excerpt":{"rendered":"<p>Infrastructure and equipment The Mozaik Hub provides infrastructure and equipment for Hub members on regular or temporary basis: To fulfill these goals Mozaik Hub Offers: Workstation in the Mozaik Hub\u2019s [&hellip;]<\/p>\n","protected":false},"author":1,"featured_media":0,"parent":0,"menu_order":0,"comment_status":"closed","ping_status":"closed","template":"","meta":{"_acf_changed":false,"_glsr_average":0,"_glsr_ranking":0,"_glsr_reviews":0,"footnotes":""},"class_list":["post-11816","page","type-page","status-publish","hentry"],"acf":[],"yoast_head":"<!-- This site is optimized with the Yoast SEO Premium plugin v27.2 (Yoast SEO v27.2) - https:\/\/yoast.com\/product\/yoast-seo-premium-wordpress\/ -->\n<title>Infrastructure and equipment - Mozaik Hub<\/title>\n<meta name=\"description\" content=\"The Mozaik Hub provides infrastructure and equipment for Hub members on regular or temporary basis:\" \/>\n<meta name=\"robots\" content=\"index, follow, max-snippet:-1, max-image-preview:large, max-video-preview:-1\" \/>\n<link rel=\"canonical\" href=\"https:\/\/mozaikhub.hu\/en\/infrastructure-and-equipment\/\" \/>\n<meta property=\"og:locale\" content=\"en_US\" \/>\n<meta property=\"og:type\" content=\"article\" \/>\n<meta property=\"og:title\" content=\"Infrastructure and equipment\" \/>\n<meta property=\"og:description\" content=\"The Mozaik Hub provides infrastructure and equipment for Hub members on regular or temporary basis:\" \/>\n<meta property=\"og:url\" content=\"https:\/\/mozaikhub.hu\/en\/infrastructure-and-equipment\/\" \/>\n<meta property=\"og:site_name\" content=\"Mozaik Hub\" \/>\n<meta property=\"article:publisher\" content=\"https:\/\/www.facebook.com\/mozaikhub\/\" \/>\n<meta property=\"article:modified_time\" content=\"2025-02-12T09:57:54+00:00\" \/>\n<meta property=\"og:image\" content=\"https:\/\/mozaikhub.hu\/wp-content\/uploads\/2025\/01\/mozaik-hub.jpg\" \/>\n\t<meta property=\"og:image:width\" content=\"1200\" \/>\n\t<meta property=\"og:image:height\" content=\"675\" \/>\n\t<meta property=\"og:image:type\" content=\"image\/jpeg\" \/>\n<meta name=\"twitter:card\" content=\"summary_large_image\" \/>\n<meta name=\"twitter:site\" content=\"@mozaikhub\" \/>\n<meta name=\"twitter:label1\" content=\"Est. reading time\" \/>\n\t<meta name=\"twitter:data1\" content=\"1 minute\" \/>\n<script type=\"application\/ld+json\" class=\"yoast-schema-graph\">{\"@context\":\"https:\/\/schema.org\",\"@graph\":[{\"@type\":\"WebPage\",\"@id\":\"https:\/\/mozaikhub.hu\/en\/infrastructure-and-equipment\/\",\"url\":\"https:\/\/mozaikhub.hu\/en\/infrastructure-and-equipment\/\",\"name\":\"Infrastructure and equipment - Mozaik Hub\",\"isPartOf\":{\"@id\":\"https:\/\/mozaikhub.hu\/#website\"},\"datePublished\":\"2024-03-13T08:46:51+00:00\",\"dateModified\":\"2025-02-12T09:57:54+00:00\",\"description\":\"The Mozaik Hub provides infrastructure and equipment for Hub members on regular or temporary basis:\",\"breadcrumb\":{\"@id\":\"https:\/\/mozaikhub.hu\/en\/infrastructure-and-equipment\/#breadcrumb\"},\"inLanguage\":\"en-US\",\"potentialAction\":[{\"@type\":\"ReadAction\",\"target\":[\"https:\/\/mozaikhub.hu\/en\/infrastructure-and-equipment\/\"]}]},{\"@type\":\"BreadcrumbList\",\"@id\":\"https:\/\/mozaikhub.hu\/en\/infrastructure-and-equipment\/#breadcrumb\",\"itemListElement\":[{\"@type\":\"ListItem\",\"position\":1,\"name\":\"Home\",\"item\":\"https:\/\/mozaikhub.hu\/\"},{\"@type\":\"ListItem\",\"position\":2,\"name\":\"Infrastructure and equipment\"}]},{\"@type\":\"WebSite\",\"@id\":\"https:\/\/mozaikhub.hu\/#website\",\"url\":\"https:\/\/mozaikhub.hu\/\",\"name\":\"Mozaik Hub\",\"description\":\"Mozaik Zsid\u00f3 K\u00f6z\u00f6ss\u00e9gi Hub\",\"publisher\":{\"@id\":\"https:\/\/mozaikhub.hu\/#organization\"},\"potentialAction\":[{\"@type\":\"SearchAction\",\"target\":{\"@type\":\"EntryPoint\",\"urlTemplate\":\"https:\/\/mozaikhub.hu\/?s={search_term_string}\"},\"query-input\":{\"@type\":\"PropertyValueSpecification\",\"valueRequired\":true,\"valueName\":\"search_term_string\"}}],\"inLanguage\":\"en-US\"},{\"@type\":\"Organization\",\"@id\":\"https:\/\/mozaikhub.hu\/#organization\",\"name\":\"Mozaik Hub\",\"url\":\"https:\/\/mozaikhub.hu\/\",\"logo\":{\"@type\":\"ImageObject\",\"inLanguage\":\"en-US\",\"@id\":\"https:\/\/mozaikhub.hu\/#\/schema\/logo\/image\/\",\"url\":\"https:\/\/mozaikhub.hu\/wp-content\/uploads\/2024\/03\/logo-hu.svg\",\"contentUrl\":\"https:\/\/mozaikhub.hu\/wp-content\/uploads\/2024\/03\/logo-hu.svg\",\"width\":194,\"height\":50,\"caption\":\"Mozaik Hub\"},\"image\":{\"@id\":\"https:\/\/mozaikhub.hu\/#\/schema\/logo\/image\/\"},\"sameAs\":[\"https:\/\/www.facebook.com\/mozaikhub\/\",\"https:\/\/x.com\/mozaikhub\",\"https:\/\/www.instagram.com\/mozaik_hub\/\",\"https:\/\/www.youtube.com\/channel\/UCWarUAYokOYV6Xs-jpcUUNw\"]}]}<\/script>\n<!-- \/ Yoast SEO Premium plugin. -->","yoast_head_json":{"title":"Infrastructure and equipment - Mozaik Hub","description":"The Mozaik Hub provides infrastructure and equipment for Hub members on regular or temporary basis:","robots":{"index":"index","follow":"follow","max-snippet":"max-snippet:-1","max-image-preview":"max-image-preview:large","max-video-preview":"max-video-preview:-1"},"canonical":"https:\/\/mozaikhub.hu\/en\/infrastructure-and-equipment\/","og_locale":"en_US","og_type":"article","og_title":"Infrastructure and equipment","og_description":"The Mozaik Hub provides infrastructure and equipment for Hub members on regular or temporary basis:","og_url":"https:\/\/mozaikhub.hu\/en\/infrastructure-and-equipment\/","og_site_name":"Mozaik Hub","article_publisher":"https:\/\/www.facebook.com\/mozaikhub\/","article_modified_time":"2025-02-12T09:57:54+00:00","og_image":[{"width":1200,"height":675,"url":"https:\/\/mozaikhub.hu\/wp-content\/uploads\/2025\/01\/mozaik-hub.jpg","type":"image\/jpeg"}],"twitter_card":"summary_large_image","twitter_site":"@mozaikhub","twitter_misc":{"Est. reading time":"1 minute"},"schema":{"@context":"https:\/\/schema.org","@graph":[{"@type":"WebPage","@id":"https:\/\/mozaikhub.hu\/en\/infrastructure-and-equipment\/","url":"https:\/\/mozaikhub.hu\/en\/infrastructure-and-equipment\/","name":"Infrastructure and equipment - Mozaik Hub","isPartOf":{"@id":"https:\/\/mozaikhub.hu\/#website"},"datePublished":"2024-03-13T08:46:51+00:00","dateModified":"2025-02-12T09:57:54+00:00","description":"The Mozaik Hub provides infrastructure and equipment for Hub members on regular or temporary basis:","breadcrumb":{"@id":"https:\/\/mozaikhub.hu\/en\/infrastructure-and-equipment\/#breadcrumb"},"inLanguage":"en-US","potentialAction":[{"@type":"ReadAction","target":["https:\/\/mozaikhub.hu\/en\/infrastructure-and-equipment\/"]}]},{"@type":"BreadcrumbList","@id":"https:\/\/mozaikhub.hu\/en\/infrastructure-and-equipment\/#breadcrumb","itemListElement":[{"@type":"ListItem","position":1,"name":"Home","item":"https:\/\/mozaikhub.hu\/"},{"@type":"ListItem","position":2,"name":"Infrastructure and equipment"}]},{"@type":"WebSite","@id":"https:\/\/mozaikhub.hu\/#website","url":"https:\/\/mozaikhub.hu\/","name":"Mozaik Hub","description":"Mozaik Zsid\u00f3 K\u00f6z\u00f6ss\u00e9gi Hub","publisher":{"@id":"https:\/\/mozaikhub.hu\/#organization"},"potentialAction":[{"@type":"SearchAction","target":{"@type":"EntryPoint","urlTemplate":"https:\/\/mozaikhub.hu\/?s={search_term_string}"},"query-input":{"@type":"PropertyValueSpecification","valueRequired":true,"valueName":"search_term_string"}}],"inLanguage":"en-US"},{"@type":"Organization","@id":"https:\/\/mozaikhub.hu\/#organization","name":"Mozaik Hub","url":"https:\/\/mozaikhub.hu\/","logo":{"@type":"ImageObject","inLanguage":"en-US","@id":"https:\/\/mozaikhub.hu\/#\/schema\/logo\/image\/","url":"https:\/\/mozaikhub.hu\/wp-content\/uploads\/2024\/03\/logo-hu.svg","contentUrl":"https:\/\/mozaikhub.hu\/wp-content\/uploads\/2024\/03\/logo-hu.svg","width":194,"height":50,"caption":"Mozaik Hub"},"image":{"@id":"https:\/\/mozaikhub.hu\/#\/schema\/logo\/image\/"},"sameAs":["https:\/\/www.facebook.com\/mozaikhub\/","https:\/\/x.com\/mozaikhub","https:\/\/www.instagram.com\/mozaik_hub\/","https:\/\/www.youtube.com\/channel\/UCWarUAYokOYV6Xs-jpcUUNw"]}]}},"_links":{"self":[{"href":"https:\/\/mozaikhub.hu\/en\/wp-json\/wp\/v2\/pages\/11816","targetHints":{"allow":["GET"]}}],"collection":[{"href":"https:\/\/mozaikhub.hu\/en\/wp-json\/wp\/v2\/pages"}],"about":[{"href":"https:\/\/mozaikhub.hu\/en\/wp-json\/wp\/v2\/types\/page"}],"author":[{"embeddable":true,"href":"https:\/\/mozaikhub.hu\/en\/wp-json\/wp\/v2\/users\/1"}],"replies":[{"embeddable":true,"href":"https:\/\/mozaikhub.hu\/en\/wp-json\/wp\/v2\/comments?post=11816"}],"version-history":[{"count":15,"href":"https:\/\/mozaikhub.hu\/en\/wp-json\/wp\/v2\/pages\/11816\/revisions"}],"predecessor-version":[{"id":12238,"href":"https:\/\/mozaikhub.hu\/en\/wp-json\/wp\/v2\/pages\/11816\/revisions\/12238"}],"wp:attachment":[{"href":"https:\/\/mozaikhub.hu\/en\/wp-json\/wp\/v2\/media?parent=11816"}],"curies":[{"name":"wp","href":"https:\/\/api.w.org\/{rel}","templated":true}]}}