{"id":11767,"date":"2024-06-11T20:12:55","date_gmt":"2024-06-11T18:12:55","guid":{"rendered":"https:\/\/keszul.mozaikhub.hu\/affiliated-members\/"},"modified":"2025-02-02T11:36:56","modified_gmt":"2025-02-02T10:36:56","slug":"affiliated-members","status":"publish","type":"page","link":"https:\/\/mozaikhub.hu\/en\/affiliated-members\/","title":{"rendered":"Affiliated members"},"content":{"rendered":"\t\t<div data-elementor-type=\"wp-page\" data-elementor-id=\"11767\" class=\"elementor elementor-11767 elementor-1089\" data-elementor-post-type=\"page\">\n\t\t\t\t<div class=\"elementor-element elementor-element-e27f8a1 e-flex e-con-boxed e-con e-parent\" data-id=\"e27f8a1\" data-element_type=\"container\" data-e-type=\"container\" data-settings=\"{&quot;background_background&quot;:&quot;classic&quot;}\">\n\t\t\t\t\t<div class=\"e-con-inner\">\n\t\t\t\t<div class=\"elementor-element elementor-element-52569b7 elementor-widget elementor-widget-heading\" data-id=\"52569b7\" data-element_type=\"widget\" data-e-type=\"widget\" data-widget_type=\"heading.default\">\n\t\t\t\t<div class=\"elementor-widget-container\">\n\t\t\t\t\t<h1 class=\"elementor-heading-title elementor-size-default\">Affiliated members<\/h1>\t\t\t\t<\/div>\n\t\t\t\t<\/div>\n\t\t<div class=\"elementor-element elementor-element-a628ae2 e-flex e-con-boxed e-con e-child\" data-id=\"a628ae2\" data-element_type=\"container\" data-e-type=\"container\" data-settings=\"{&quot;background_background&quot;:&quot;classic&quot;}\">\n\t\t\t\t\t<div class=\"e-con-inner\">\n\t\t\t\t<div class=\"elementor-element elementor-element-2205ada elementor-widget elementor-widget-heading\" data-id=\"2205ada\" data-element_type=\"widget\" data-e-type=\"widget\" data-widget_type=\"heading.default\">\n\t\t\t\t<div class=\"elementor-widget-container\">\n\t\t\t\t\t<h3 class=\"elementor-heading-title elementor-size-default\"><a href=\"http:\/\/www.2b-org.hu\/\" target=\"_blank\">2B Foundation and Gallery<\/a><\/h3>\t\t\t\t<\/div>\n\t\t\t\t<\/div>\n\t\t\t\t<div class=\"elementor-element elementor-element-9dd9963 elementor-widget elementor-widget-text-editor\" data-id=\"9dd9963\" data-element_type=\"widget\" data-e-type=\"widget\" data-widget_type=\"text-editor.default\">\n\t\t\t\t<div class=\"elementor-widget-container\">\n\t\t\t\t\t\t\t\t\t<p>Contemporary representation of Jewish culture in art can often be challenging and difficult because of misunderstood tradition and rigid sets of expectations. 2B Foundation is intending to break down these barriers with its art programs, in which it displays tradition and historical events applying an irregular filter. We constantly aim to maintain the intellectual excitement among our audience with our thematic choices and also with the exhibiting artists \u2013 this helps us experience Jewish identity in the freest ways.   <br \/><a href=\"http:\/\/www.2b-org.hu\/\" target=\"_blank\" rel=\"noopener noreferrer\" data-wplink-edit=\"true\">Read more<\/a><\/p>\n\t\t\t\t\t\t\t\t<\/div>\n\t\t\t\t<\/div>\n\t\t\t\t<div class=\"elementor-element elementor-element-9934364 elementor-widget elementor-widget-heading\" data-id=\"9934364\" data-element_type=\"widget\" data-e-type=\"widget\" data-widget_type=\"heading.default\">\n\t\t\t\t<div class=\"elementor-widget-container\">\n\t\t\t\t\t<h3 class=\"elementor-heading-title elementor-size-default\"><a href=\"https:\/\/www.facebook.com\/betorim\" target=\"_blank\">Bet Orim Reform Jewish Community<\/a><\/h3>\t\t\t\t<\/div>\n\t\t\t\t<\/div>\n\t\t\t\t<div class=\"elementor-element elementor-element-789b6af elementor-widget elementor-widget-text-editor\" data-id=\"789b6af\" data-element_type=\"widget\" data-e-type=\"widget\" data-widget_type=\"text-editor.default\">\n\t\t\t\t<div class=\"elementor-widget-container\">\n\t\t\t\t\t\t\t\t\t<p>Bet Orim (House of Light), with approximately 50 members and about 100 supporters, was founded in 2005 to educate Hungarian Jews about Jewish traditions, history, practices, and ethics\u2014knowledge that had not been passed down to them from their parents and grandparents. We consider it our mission to make both members and drop-ins feel equally welcome. Shabbat services are led by Hungarian-born Rabbi Ferenc Raj (PhD, Rabbi Emeritus of Congregation Beth El in Berkeley, California) with humor, love, and a little extra Jewish teaching that makes everybody feel that they\u2019ve taken away more than they came in with.   <br \/><a href=\"https:\/\/www.facebook.com\/betorim\" target=\"_blank\" rel=\"noopener noreferrer\">Read more<\/a><\/p>\n\t\t\t\t\t\t\t\t<\/div>\n\t\t\t\t<\/div>\n\t\t\t\t<div class=\"elementor-element elementor-element-873c04c elementor-widget elementor-widget-heading\" data-id=\"873c04c\" data-element_type=\"widget\" data-e-type=\"widget\" data-widget_type=\"heading.default\">\n\t\t\t\t<div class=\"elementor-widget-container\">\n\t\t\t\t\t<h3 class=\"elementor-heading-title elementor-size-default\"><a href=\"http:\/\/www.golemszinhaz.hu\/\" target=\"_blank\">G\u00f3lem Theater<\/a><\/h3>\t\t\t\t<\/div>\n\t\t\t\t<\/div>\n\t\t\t\t<div class=\"elementor-element elementor-element-92c680d elementor-widget elementor-widget-text-editor\" data-id=\"92c680d\" data-element_type=\"widget\" data-e-type=\"widget\" data-widget_type=\"text-editor.default\">\n\t\t\t\t<div class=\"elementor-widget-container\">\n\t\t\t\t\t\t\t\t\t<p>The Golem Theatre \u2013 as the only professional Jewish theater company in Hungary \u2013 was founded in 2005 by Andr\u00e1s Borgula who has been being the artistic director since then. The troop has no permanent members, our goal is to work with the best actors and professionals in the Hungarian contemporary art scene. Golem is first and foremost a theatre. Similarly to any other artist or artistic endeavour, it strives to make the world a better place. Second of all, it is Jewish. Life, death, love, hate, passion and revenge stride across the stage, all reflecting on a religion, a culture, a people, a worldview. Thirdly, it is in Budapest. Golem regards the many thousands years of Jewish tradition and culture as its core, at the same time aware that it has a cultural mission to fulfil in Europe, in Hungary, in Budapest.     <br \/><a href=\"http:\/\/www.golemszinhaz.hu\/\" target=\"_blank\" rel=\"noopener noreferrer\">Read more<\/a><\/p>\n\t\t\t\t\t\t\t\t<\/div>\n\t\t\t\t<\/div>\n\t\t\t\t<div class=\"elementor-element elementor-element-6b5b94f elementor-widget elementor-widget-heading\" data-id=\"6b5b94f\" data-element_type=\"widget\" data-e-type=\"widget\" data-widget_type=\"heading.default\">\n\t\t\t\t<div class=\"elementor-widget-container\">\n\t\t\t\t\t<h3 class=\"elementor-heading-title elementor-size-default\"><a href=\"https:\/\/hanoar.hu\/\" target=\"_blank\">Hanoar Hatzioni Hungary<\/a><\/h3>\t\t\t\t<\/div>\n\t\t\t\t<\/div>\n\t\t\t\t<div class=\"elementor-element elementor-element-24c6adb elementor-widget elementor-widget-text-editor\" data-id=\"24c6adb\" data-element_type=\"widget\" data-e-type=\"widget\" data-widget_type=\"text-editor.default\">\n\t\t\t\t<div class=\"elementor-widget-container\">\n\t\t\t\t\t\t\t\t\t<p>In 2005 a few enthusiastic young adults decided that an organization like this should exist in Hungary. Since then Hanoar became an important part of the life of Jewish youth in Budapest. Our goal is to create something valuable and to playfully teach with methods of informal education. We aim to teach kids to shape their own opinions, think for themselves and make decisions based on core human values. Pluralism is one of our main values. We aim in each topic to show the kids all possible views, all possible ways and to listen to all possible opinions. After that we let each individual choose for themselves the view they like the most.    <br \/><a href=\"https:\/\/hanoar.hu\/\" target=\"_blank\" rel=\"noopener noreferrer\">Read more<\/a><\/p>\n\t\t\t\t\t\t\t\t<\/div>\n\t\t\t\t<\/div>\n\t\t\t\t<div class=\"elementor-element elementor-element-607bb45 elementor-widget elementor-widget-heading\" data-id=\"607bb45\" data-element_type=\"widget\" data-e-type=\"widget\" data-widget_type=\"heading.default\">\n\t\t\t\t<div class=\"elementor-widget-container\">\n\t\t\t\t\t<h3 class=\"elementor-heading-title elementor-size-default\"><a href=\"http:\/\/somer.hu\/\" target=\"_blank\">Hasomer Hacair Hungary<\/a><\/h3>\t\t\t\t<\/div>\n\t\t\t\t<\/div>\n\t\t\t\t<div class=\"elementor-element elementor-element-64e84a4 elementor-widget elementor-widget-text-editor\" data-id=\"64e84a4\" data-element_type=\"widget\" data-e-type=\"widget\" data-widget_type=\"text-editor.default\">\n\t\t\t\t<div class=\"elementor-widget-container\">\n\t\t\t\t\t\t\t\t\t<p>Hashomer Hatzair has been re-established in 1989 in Budapest. Today it\u2019s one of the Zionist youth movements in Hungary. Hasomer Hatzair Hungary organizes two camps every year and also offers various programs for Jewish youngsters: bringing charity to Hungarian Holocaust Survivors, cleaning out Jewish cemeteries in the countryside etc. Our organzation was the first Jewish youth movement to be re-established in Hungary after the fall of Communism (1989). <br \/><a href=\"http:\/\/somer.hu\/\" target=\"_blank\" rel=\"noopener noreferrer\">Read more<\/a><\/p>\n\t\t\t\t\t\t\t\t<\/div>\n\t\t\t\t<\/div>\n\t\t\t\t<div class=\"elementor-element elementor-element-ed527dd elementor-widget elementor-widget-heading\" data-id=\"ed527dd\" data-element_type=\"widget\" data-e-type=\"widget\" data-widget_type=\"heading.default\">\n\t\t\t\t<div class=\"elementor-widget-container\">\n\t\t\t\t\t<h3 class=\"elementor-heading-title elementor-size-default\"><a href=\"https:\/\/www.facebook.com\/hillelhungary\" target=\"_blank\">Hillel Hungary<\/a><\/h3>\t\t\t\t<\/div>\n\t\t\t\t<\/div>\n\t\t\t\t<div class=\"elementor-element elementor-element-790151e elementor-widget elementor-widget-text-editor\" data-id=\"790151e\" data-element_type=\"widget\" data-e-type=\"widget\" data-widget_type=\"text-editor.default\">\n\t\t\t\t<div class=\"elementor-widget-container\">\n\t\t\t\t\t\t\t\t\t<p>Hillel Hungary\u2019s mission is to create a young intellectual and professional Jewish community in which young Jews can help and support each other both personally and professionally. As a Jewish university student organization Hillel operates in the universities and also outside of them, to create a community for people between the age of 18 and 30 where they can belong. <br \/><a href=\"https:\/\/www.facebook.com\/hillelhungary\" target=\"_blank\" rel=\"noopener noreferrer\" data-wplink-edit=\"true\">Read more<\/a><\/p>\n\t\t\t\t\t\t\t\t<\/div>\n\t\t\t\t<\/div>\n\t\t\t\t<div class=\"elementor-element elementor-element-ac0c2e7 elementor-widget elementor-widget-heading\" data-id=\"ac0c2e7\" data-element_type=\"widget\" data-e-type=\"widget\" data-widget_type=\"heading.default\">\n\t\t\t\t<div class=\"elementor-widget-container\">\n\t\t\t\t\t<h3 class=\"elementor-heading-title elementor-size-default\"><a href=\"http:\/\/akibic.hu\/\" target=\"_blank\">Kibic Online Portal<\/a><\/h3>\t\t\t\t<\/div>\n\t\t\t\t<\/div>\n\t\t\t\t<div class=\"elementor-element elementor-element-54cb750 elementor-widget elementor-widget-text-editor\" data-id=\"54cb750\" data-element_type=\"widget\" data-e-type=\"widget\" data-widget_type=\"text-editor.default\">\n\t\t\t\t<div class=\"elementor-widget-container\">\n\t\t\t\t\t\t\t\t\t<p>The primary goal of the Kibic online portal (<a href=\"http:\/\/akibic.hu\/\" target=\"_blank\" rel=\"noopener noreferrer\">www.akibic.hu<\/a>) is to amplify the voice of Jewish community NGOs which are marginalized from the official Jewish discourse. Operating the portal we would like to strengthen the dialog among groups and NGOs in the community, and work towards creating a more pluralistic Jewish community in Hungary. Besides this, we also find it important to share the activities and news from the organizations to a wider audience. With the promoting of the organizations\u2019 programs, we hope to expand their circle of participants and also to broaden our membership.   <br \/><a href=\"http:\/\/akibic.hu\/\" target=\"_blank\" rel=\"noopener noreferrer\" data-wplink-edit=\"true\">Read more<\/a><\/p>\n\t\t\t\t\t\t\t\t<\/div>\n\t\t\t\t<\/div>\n\t\t\t\t<div class=\"elementor-element elementor-element-bd6d208 elementor-widget elementor-widget-heading\" data-id=\"bd6d208\" data-element_type=\"widget\" data-e-type=\"widget\" data-widget_type=\"heading.default\">\n\t\t\t\t<div class=\"elementor-widget-container\">\n\t\t\t\t\t<h3 class=\"elementor-heading-title elementor-size-default\"><a href=\"http:\/\/marom.hu\" target=\"_blank\">Marom Association<\/a><\/h3>\t\t\t\t<\/div>\n\t\t\t\t<\/div>\n\t\t\t\t<div class=\"elementor-element elementor-element-11b83ff elementor-widget elementor-widget-text-editor\" data-id=\"11b83ff\" data-element_type=\"widget\" data-e-type=\"widget\" data-widget_type=\"text-editor.default\">\n\t\t\t\t<div class=\"elementor-widget-container\">\n\t\t\t\t\t\t\t\t\t<p>Marom was founded as a grass-roots NGO in 2002 by Jewish university students for the regeneration and reinvention of Jewish culture in Hungary. The main goal of Marom is to connect Jewish art, history and religious traditions, and re-interpret them according to contemporary Hungarian (and global) context. During the past 16 years Marom Budapest organized hundreds of larger and smaller events, initiated projects, and co-operated with over a hundred part organizations. Between 2006-2012 Marom organized its programs at the independent community squat called \u201cSir\u00e1ly\u201d, a project that found its continuation at Aur\u00f3ra in the fall of 2014.   <br \/><a href=\"http:\/\/marom.hu\/#\" target=\"_blank\" rel=\"noopener noreferrer\">Read more<\/a><\/p>\n\t\t\t\t\t\t\t\t<\/div>\n\t\t\t\t<\/div>\n\t\t\t\t<div class=\"elementor-element elementor-element-e28a58c elementor-widget elementor-widget-heading\" data-id=\"e28a58c\" data-element_type=\"widget\" data-e-type=\"widget\" data-widget_type=\"heading.default\">\n\t\t\t\t<div class=\"elementor-widget-container\">\n\t\t\t\t\t<h3 class=\"elementor-heading-title elementor-size-default\"><a href=\"http:\/\/www.mazsike.hu\/\" target=\"_blank\">MAZSIKE \u2013 Hungarian Jewish Cultural Association<\/a><\/h3>\t\t\t\t<\/div>\n\t\t\t\t<\/div>\n\t\t\t\t<div class=\"elementor-element elementor-element-aacfed5 elementor-widget elementor-widget-text-editor\" data-id=\"aacfed5\" data-element_type=\"widget\" data-e-type=\"widget\" data-widget_type=\"text-editor.default\">\n\t\t\t\t<div class=\"elementor-widget-container\">\n\t\t\t\t\t\t\t\t\t<p>Our association permanently covers up the heritage and tradition of the Hungarian Jewry, contributes to renewal of communal life and develops the cultural efforts. Our events are dedicated to local cultural pilgrims who participate at our organized trips, as well as to local audience. By our events we show the colorful Jewish community, we make stronger cultural bounds among Jewish people. It is highly important for us to attract many young people beyond the borders as well so they get know each other\u2019s culture, past, present, problems and joy.   <br \/><a href=\"http:\/\/www.mazsike.hu\/\" target=\"_blank\" rel=\"noopener noreferrer\" data-wplink-edit=\"true\">Read more<\/a><\/p>\n\t\t\t\t\t\t\t\t<\/div>\n\t\t\t\t<\/div>\n\t\t\t\t<div class=\"elementor-element elementor-element-0e34bb6 elementor-widget elementor-widget-heading\" data-id=\"0e34bb6\" data-element_type=\"widget\" data-e-type=\"widget\" data-widget_type=\"heading.default\">\n\t\t\t\t<div class=\"elementor-widget-container\">\n\t\t\t\t\t<h3 class=\"elementor-heading-title elementor-size-default\"><a href=\"https:\/\/www.sim-shalom.org\/\" target=\"_blank\">Sim Shalom Progressive Jewish Congregation<\/a><\/h3>\t\t\t\t<\/div>\n\t\t\t\t<\/div>\n\t\t\t\t<div class=\"elementor-element elementor-element-dd83e52 elementor-widget elementor-widget-text-editor\" data-id=\"dd83e52\" data-element_type=\"widget\" data-e-type=\"widget\" data-widget_type=\"text-editor.default\">\n\t\t\t\t<div class=\"elementor-widget-container\">\n\t\t\t\t\t\t\t\t\t<p>Sim Shalom (or Szim Salom in Hungarian) is a member of World Union (WUPJ) and European Union (EUPJ) for Progressive Judaism. Sim Shalom, close to 20 years old now, was the first Progressive Jewish congregation in Hungary, with historic Reform presence in Hungary already in the middle of 19th century. Our community follows the tenets and practices of the Progressive (or Reform) movement of Judaism, which has the largest number of members worldwide. Progressive Judaism owes its popularity to the fact that it sees our Jewish heritage as a living, continuously developing tradition, which has something important to say to the people of today. <br \/><a href=\"http:\/\/www.szimsalom.hu\/\" target=\"_blank\" rel=\"noopener noreferrer\">Read more<\/a><\/p>\t\t\t\t\t\t\t\t<\/div>\n\t\t\t\t<\/div>\n\t\t\t\t\t<\/div>\n\t\t\t\t<\/div>\n\t\t\t\t\t<\/div>\n\t\t\t\t<\/div>\n\t\t\t\t<\/div>\n\t\t","protected":false},"excerpt":{"rendered":"<p>Affiliated members 2B Foundation and Gallery Contemporary representation of Jewish culture in art can often be challenging and difficult because of misunderstood tradition and rigid sets of expectations. 2B Foundation [&hellip;]<\/p>\n","protected":false},"author":1,"featured_media":0,"parent":0,"menu_order":0,"comment_status":"closed","ping_status":"closed","template":"","meta":{"_acf_changed":false,"_glsr_average":0,"_glsr_ranking":0,"_glsr_reviews":0,"footnotes":""},"class_list":["post-11767","page","type-page","status-publish","hentry"],"acf":[],"yoast_head":"<!-- This site is optimized with the Yoast SEO Premium plugin v27.2 (Yoast SEO v27.2) - https:\/\/yoast.com\/product\/yoast-seo-premium-wordpress\/ -->\n<title>Affiliated members - Mozaik Hub<\/title>\n<meta name=\"robots\" content=\"index, follow, max-snippet:-1, max-image-preview:large, max-video-preview:-1\" \/>\n<link rel=\"canonical\" href=\"https:\/\/mozaikhub.hu\/csatlakozo-tagok\/\" \/>\n<meta property=\"og:locale\" content=\"en_US\" \/>\n<meta property=\"og:type\" content=\"article\" \/>\n<meta property=\"og:title\" content=\"Affiliated members\" \/>\n<meta property=\"og:description\" content=\"Affiliated members 2B Foundation and Gallery Contemporary representation of Jewish culture in art can often be challenging and difficult because of misunderstood tradition and rigid sets of expectations. 2B Foundation [&hellip;]\" \/>\n<meta property=\"og:url\" content=\"https:\/\/mozaikhub.hu\/csatlakozo-tagok\/\" \/>\n<meta property=\"og:site_name\" content=\"Mozaik Hub\" \/>\n<meta property=\"article:publisher\" content=\"https:\/\/www.facebook.com\/mozaikhub\/\" \/>\n<meta property=\"article:modified_time\" content=\"2025-02-02T10:36:56+00:00\" \/>\n<meta property=\"og:image\" content=\"https:\/\/mozaikhub.hu\/wp-content\/uploads\/2025\/01\/mozaik-hub.jpg\" \/>\n\t<meta property=\"og:image:width\" content=\"1200\" \/>\n\t<meta property=\"og:image:height\" content=\"675\" \/>\n\t<meta property=\"og:image:type\" content=\"image\/jpeg\" \/>\n<meta name=\"twitter:card\" content=\"summary_large_image\" \/>\n<meta name=\"twitter:site\" content=\"@mozaikhub\" \/>\n<meta name=\"twitter:label1\" content=\"Est. reading time\" \/>\n\t<meta name=\"twitter:data1\" content=\"5 minutes\" \/>\n<script type=\"application\/ld+json\" class=\"yoast-schema-graph\">{\"@context\":\"https:\/\/schema.org\",\"@graph\":[{\"@type\":\"WebPage\",\"@id\":\"https:\/\/mozaikhub.hu\/csatlakozo-tagok\/\",\"url\":\"https:\/\/mozaikhub.hu\/csatlakozo-tagok\/\",\"name\":\"Affiliated members - Mozaik Hub\",\"isPartOf\":{\"@id\":\"https:\/\/mozaikhub.hu\/#website\"},\"datePublished\":\"2024-06-11T18:12:55+00:00\",\"dateModified\":\"2025-02-02T10:36:56+00:00\",\"breadcrumb\":{\"@id\":\"https:\/\/mozaikhub.hu\/csatlakozo-tagok\/#breadcrumb\"},\"inLanguage\":\"en-US\",\"potentialAction\":[{\"@type\":\"ReadAction\",\"target\":[\"https:\/\/mozaikhub.hu\/csatlakozo-tagok\/\"]}]},{\"@type\":\"BreadcrumbList\",\"@id\":\"https:\/\/mozaikhub.hu\/csatlakozo-tagok\/#breadcrumb\",\"itemListElement\":[{\"@type\":\"ListItem\",\"position\":1,\"name\":\"Home\",\"item\":\"https:\/\/mozaikhub.hu\/\"},{\"@type\":\"ListItem\",\"position\":2,\"name\":\"Affiliated members\"}]},{\"@type\":\"WebSite\",\"@id\":\"https:\/\/mozaikhub.hu\/#website\",\"url\":\"https:\/\/mozaikhub.hu\/\",\"name\":\"Mozaik Hub\",\"description\":\"Mozaik Zsid\u00f3 K\u00f6z\u00f6ss\u00e9gi Hub\",\"publisher\":{\"@id\":\"https:\/\/mozaikhub.hu\/#organization\"},\"potentialAction\":[{\"@type\":\"SearchAction\",\"target\":{\"@type\":\"EntryPoint\",\"urlTemplate\":\"https:\/\/mozaikhub.hu\/?s={search_term_string}\"},\"query-input\":{\"@type\":\"PropertyValueSpecification\",\"valueRequired\":true,\"valueName\":\"search_term_string\"}}],\"inLanguage\":\"en-US\"},{\"@type\":\"Organization\",\"@id\":\"https:\/\/mozaikhub.hu\/#organization\",\"name\":\"Mozaik Hub\",\"url\":\"https:\/\/mozaikhub.hu\/\",\"logo\":{\"@type\":\"ImageObject\",\"inLanguage\":\"en-US\",\"@id\":\"https:\/\/mozaikhub.hu\/#\/schema\/logo\/image\/\",\"url\":\"https:\/\/mozaikhub.hu\/wp-content\/uploads\/2024\/03\/logo-hu.svg\",\"contentUrl\":\"https:\/\/mozaikhub.hu\/wp-content\/uploads\/2024\/03\/logo-hu.svg\",\"width\":194,\"height\":50,\"caption\":\"Mozaik Hub\"},\"image\":{\"@id\":\"https:\/\/mozaikhub.hu\/#\/schema\/logo\/image\/\"},\"sameAs\":[\"https:\/\/www.facebook.com\/mozaikhub\/\",\"https:\/\/x.com\/mozaikhub\",\"https:\/\/www.instagram.com\/mozaik_hub\/\",\"https:\/\/www.youtube.com\/channel\/UCWarUAYokOYV6Xs-jpcUUNw\"]}]}<\/script>\n<!-- \/ Yoast SEO Premium plugin. -->","yoast_head_json":{"title":"Affiliated members - Mozaik Hub","robots":{"index":"index","follow":"follow","max-snippet":"max-snippet:-1","max-image-preview":"max-image-preview:large","max-video-preview":"max-video-preview:-1"},"canonical":"https:\/\/mozaikhub.hu\/csatlakozo-tagok\/","og_locale":"en_US","og_type":"article","og_title":"Affiliated members","og_description":"Affiliated members 2B Foundation and Gallery Contemporary representation of Jewish culture in art can often be challenging and difficult because of misunderstood tradition and rigid sets of expectations. 2B Foundation [&hellip;]","og_url":"https:\/\/mozaikhub.hu\/csatlakozo-tagok\/","og_site_name":"Mozaik Hub","article_publisher":"https:\/\/www.facebook.com\/mozaikhub\/","article_modified_time":"2025-02-02T10:36:56+00:00","og_image":[{"width":1200,"height":675,"url":"https:\/\/mozaikhub.hu\/wp-content\/uploads\/2025\/01\/mozaik-hub.jpg","type":"image\/jpeg"}],"twitter_card":"summary_large_image","twitter_site":"@mozaikhub","twitter_misc":{"Est. reading time":"5 minutes"},"schema":{"@context":"https:\/\/schema.org","@graph":[{"@type":"WebPage","@id":"https:\/\/mozaikhub.hu\/csatlakozo-tagok\/","url":"https:\/\/mozaikhub.hu\/csatlakozo-tagok\/","name":"Affiliated members - Mozaik Hub","isPartOf":{"@id":"https:\/\/mozaikhub.hu\/#website"},"datePublished":"2024-06-11T18:12:55+00:00","dateModified":"2025-02-02T10:36:56+00:00","breadcrumb":{"@id":"https:\/\/mozaikhub.hu\/csatlakozo-tagok\/#breadcrumb"},"inLanguage":"en-US","potentialAction":[{"@type":"ReadAction","target":["https:\/\/mozaikhub.hu\/csatlakozo-tagok\/"]}]},{"@type":"BreadcrumbList","@id":"https:\/\/mozaikhub.hu\/csatlakozo-tagok\/#breadcrumb","itemListElement":[{"@type":"ListItem","position":1,"name":"Home","item":"https:\/\/mozaikhub.hu\/"},{"@type":"ListItem","position":2,"name":"Affiliated members"}]},{"@type":"WebSite","@id":"https:\/\/mozaikhub.hu\/#website","url":"https:\/\/mozaikhub.hu\/","name":"Mozaik Hub","description":"Mozaik Zsid\u00f3 K\u00f6z\u00f6ss\u00e9gi Hub","publisher":{"@id":"https:\/\/mozaikhub.hu\/#organization"},"potentialAction":[{"@type":"SearchAction","target":{"@type":"EntryPoint","urlTemplate":"https:\/\/mozaikhub.hu\/?s={search_term_string}"},"query-input":{"@type":"PropertyValueSpecification","valueRequired":true,"valueName":"search_term_string"}}],"inLanguage":"en-US"},{"@type":"Organization","@id":"https:\/\/mozaikhub.hu\/#organization","name":"Mozaik Hub","url":"https:\/\/mozaikhub.hu\/","logo":{"@type":"ImageObject","inLanguage":"en-US","@id":"https:\/\/mozaikhub.hu\/#\/schema\/logo\/image\/","url":"https:\/\/mozaikhub.hu\/wp-content\/uploads\/2024\/03\/logo-hu.svg","contentUrl":"https:\/\/mozaikhub.hu\/wp-content\/uploads\/2024\/03\/logo-hu.svg","width":194,"height":50,"caption":"Mozaik Hub"},"image":{"@id":"https:\/\/mozaikhub.hu\/#\/schema\/logo\/image\/"},"sameAs":["https:\/\/www.facebook.com\/mozaikhub\/","https:\/\/x.com\/mozaikhub","https:\/\/www.instagram.com\/mozaik_hub\/","https:\/\/www.youtube.com\/channel\/UCWarUAYokOYV6Xs-jpcUUNw"]}]}},"_links":{"self":[{"href":"https:\/\/mozaikhub.hu\/en\/wp-json\/wp\/v2\/pages\/11767","targetHints":{"allow":["GET"]}}],"collection":[{"href":"https:\/\/mozaikhub.hu\/en\/wp-json\/wp\/v2\/pages"}],"about":[{"href":"https:\/\/mozaikhub.hu\/en\/wp-json\/wp\/v2\/types\/page"}],"author":[{"embeddable":true,"href":"https:\/\/mozaikhub.hu\/en\/wp-json\/wp\/v2\/users\/1"}],"replies":[{"embeddable":true,"href":"https:\/\/mozaikhub.hu\/en\/wp-json\/wp\/v2\/comments?post=11767"}],"version-history":[{"count":4,"href":"https:\/\/mozaikhub.hu\/en\/wp-json\/wp\/v2\/pages\/11767\/revisions"}],"predecessor-version":[{"id":12015,"href":"https:\/\/mozaikhub.hu\/en\/wp-json\/wp\/v2\/pages\/11767\/revisions\/12015"}],"wp:attachment":[{"href":"https:\/\/mozaikhub.hu\/en\/wp-json\/wp\/v2\/media?parent=11767"}],"curies":[{"name":"wp","href":"https:\/\/api.w.org\/{rel}","templated":true}]}}