{"id":11765,"date":"2024-06-11T20:12:36","date_gmt":"2024-06-11T18:12:36","guid":{"rendered":"https:\/\/keszul.mozaikhub.hu\/resident-members\/"},"modified":"2025-02-12T10:56:09","modified_gmt":"2025-02-12T09:56:09","slug":"resident-members","status":"publish","type":"page","link":"https:\/\/mozaikhub.hu\/en\/resident-members\/","title":{"rendered":"Resident members"},"content":{"rendered":"\t\t<div data-elementor-type=\"wp-page\" data-elementor-id=\"11765\" class=\"elementor elementor-11765 elementor-1087\" data-elementor-post-type=\"page\">\n\t\t\t\t<div class=\"elementor-element elementor-element-2ae1881 e-flex e-con-boxed e-con e-parent\" data-id=\"2ae1881\" data-element_type=\"container\" data-e-type=\"container\" data-settings=\"{&quot;background_background&quot;:&quot;classic&quot;}\">\n\t\t\t\t\t<div class=\"e-con-inner\">\n\t\t\t\t<div class=\"elementor-element elementor-element-4f15adb elementor-widget elementor-widget-heading\" data-id=\"4f15adb\" data-element_type=\"widget\" data-e-type=\"widget\" data-widget_type=\"heading.default\">\n\t\t\t\t<div class=\"elementor-widget-container\">\n\t\t\t\t\t<h1 class=\"elementor-heading-title elementor-size-default\">Resident members<\/h1>\t\t\t\t<\/div>\n\t\t\t\t<\/div>\n\t\t<div class=\"elementor-element elementor-element-37b78ea e-flex e-con-boxed e-con e-child\" data-id=\"37b78ea\" data-element_type=\"container\" data-e-type=\"container\" data-settings=\"{&quot;background_background&quot;:&quot;classic&quot;}\">\n\t\t\t\t\t<div class=\"e-con-inner\">\n\t\t\t\t<div class=\"elementor-element elementor-element-dad4868 elementor-widget elementor-widget-heading\" data-id=\"dad4868\" data-element_type=\"widget\" data-e-type=\"widget\" data-widget_type=\"heading.default\">\n\t\t\t\t<div class=\"elementor-widget-container\">\n\t\t\t\t\t<h3 class=\"elementor-heading-title elementor-size-default\"><a href=\"https:\/\/adomanytaxi.hu\/charity-taxi\/\" target=\"_blank\">Charity Taxi<\/a><\/h3>\t\t\t\t<\/div>\n\t\t\t\t<\/div>\n\t\t\t\t<div class=\"elementor-element elementor-element-2c4c68b elementor-widget elementor-widget-text-editor\" data-id=\"2c4c68b\" data-element_type=\"widget\" data-e-type=\"widget\" data-widget_type=\"text-editor.default\">\n\t\t\t\t<div class=\"elementor-widget-container\">\n\t\t\t\t\t\t\t\t\t<p>City and village. Surplus and need. Stereotype and reality \u2013 those are the gaps over which Charity Taxi builds bridges. This unique initiative makes people interested in donation by going straight to their home, picking up their unneeded objects and giving it to those in need. Despite the project\u2019s name it\u2019s more than a social service, it involves people by giving them a chance of meeting others from different backgrounds. <br \/><a href=\"https:\/\/adomanytaxi.hu\/charity-taxi\/\" target=\"_blank\" rel=\"noopener noreferrer\">Read more<\/a><\/p>\t\t\t\t\t\t\t\t<\/div>\n\t\t\t\t<\/div>\n\t\t\t\t<div class=\"elementor-element elementor-element-8fd854f elementor-widget elementor-widget-heading\" data-id=\"8fd854f\" data-element_type=\"widget\" data-e-type=\"widget\" data-widget_type=\"heading.default\">\n\t\t\t\t<div class=\"elementor-widget-container\">\n\t\t\t\t\t<h3 class=\"elementor-heading-title elementor-size-default\"><a href=\"https:\/\/www.centropa.org\/en\" target=\"_blank\">Centropa Hungary<\/a><\/h3>\t\t\t\t<\/div>\n\t\t\t\t<\/div>\n\t\t\t\t<div class=\"elementor-element elementor-element-55a2b3e elementor-widget elementor-widget-text-editor\" data-id=\"55a2b3e\" data-element_type=\"widget\" data-e-type=\"widget\" data-widget_type=\"text-editor.default\">\n\t\t\t\t<div class=\"elementor-widget-container\">\n\t\t\t\t\t\t\t\t\t<p>Centropa is a non-profit, Jewish historical institute dedicated to preserving 20th century Jewish family stories and photos from Central and Eastern Europe and the Balkans, and disseminating these stories and photos through films, books and exhibitions. Centropa\u2019s goal is to preserve Jewish memory and heritage, and also to develop and make available methods and tools that help using new technologies in education. With our unique program we create innovative materials that are useful in both formal and informal education. <br \/><a href=\"https:\/\/www.centropa.org\/en\">Read more<\/a><\/p>\t\t\t\t\t\t\t\t<\/div>\n\t\t\t\t<\/div>\n\t\t\t\t<div class=\"elementor-element elementor-element-c6be0e3 elementor-widget elementor-widget-heading\" data-id=\"c6be0e3\" data-element_type=\"widget\" data-e-type=\"widget\" data-widget_type=\"heading.default\">\n\t\t\t\t<div class=\"elementor-widget-container\">\n\t\t\t\t\t<h3 class=\"elementor-heading-title elementor-size-default\"><a href=\"https:\/\/www.facebook.com\/freekey8\/\" target=\"_blank\">Freekey<\/a><\/h3>\t\t\t\t<\/div>\n\t\t\t\t<\/div>\n\t\t\t\t<div class=\"elementor-element elementor-element-245cf56 elementor-widget elementor-widget-text-editor\" data-id=\"245cf56\" data-element_type=\"widget\" data-e-type=\"widget\" data-widget_type=\"text-editor.default\">\n\t\t\t\t<div class=\"elementor-widget-container\">\n\t\t\t\t\t\t\t\t\t<p>Freekey is a movement created to institutionalize and advance the availability of the personal assistant system in Hungary. This empowering system would help integrate the biggest minority in need.  <br \/><a href=\"https:\/\/www.facebook.com\/freekey8\/\" target=\"_blank\" rel=\"noopener noreferrer\">Read more<\/a><\/p>\n\t\t\t\t\t\t\t\t<\/div>\n\t\t\t\t<\/div>\n\t\t\t\t<div class=\"elementor-element elementor-element-cd3fda5 elementor-widget elementor-widget-heading\" data-id=\"cd3fda5\" data-element_type=\"widget\" data-e-type=\"widget\" data-widget_type=\"heading.default\">\n\t\t\t\t<div class=\"elementor-widget-container\">\n\t\t\t\t\t<h3 class=\"elementor-heading-title elementor-size-default\"><a href=\"https:\/\/jakabglasermemorialfoundation.com\/\" target=\"_blank\">Jakab Glaser Memorial Foundation<\/a><\/h3>\t\t\t\t<\/div>\n\t\t\t\t<\/div>\n\t\t\t\t<div class=\"elementor-element elementor-element-544d5d7 elementor-widget elementor-widget-text-editor\" data-id=\"544d5d7\" data-element_type=\"widget\" data-e-type=\"widget\" data-widget_type=\"text-editor.default\">\n\t\t\t\t<div class=\"elementor-widget-container\">\n\t\t\t\t\t\t\t\t\t<p>Established in 2010, Jakab Glaser Memorial Foundation is the organization of the community at the Teleki Square Shtiebel. The shtiebel is a traditional center of learning, worship and community of Eastern European Jews. The main goals of the organization are to promote tradition and religious life and the rehabilitation and operation of the Teleki T\u00e9r Shtiebel. Moreover to educate about Jewish culture through documents, archive materials and documentary films. <br \/><a href=\"https:\/\/jakabglasermemorialfoundation.com\/\" target=\"_blank\" rel=\"noopener noreferrer\">Read more<\/a><\/p>\t\t\t\t\t\t\t\t<\/div>\n\t\t\t\t<\/div>\n\t\t\t\t<div class=\"elementor-element elementor-element-81167d6 elementor-widget elementor-widget-heading\" data-id=\"81167d6\" data-element_type=\"widget\" data-e-type=\"widget\" data-widget_type=\"heading.default\">\n\t\t\t\t<div class=\"elementor-widget-container\">\n\t\t\t\t\t<h3 class=\"elementor-heading-title elementor-size-default\"><a href=\"https:\/\/haver.hu\/english\" target=\"_blank\">Haver<\/a><\/h3>\t\t\t\t<\/div>\n\t\t\t\t<\/div>\n\t\t\t\t<div class=\"elementor-element elementor-element-5c77668 elementor-widget elementor-widget-text-editor\" data-id=\"5c77668\" data-element_type=\"widget\" data-e-type=\"widget\" data-widget_type=\"text-editor.default\">\n\t\t\t\t<div class=\"elementor-widget-container\">\n\t\t\t\t\t\t\t\t\t<p>A non-profit organization established in 2002, Haver Foundation stands with individuals and educational organizations and institutions \u2013 mostly high schools and universities \u2013 to promote a diverse and inclusive society in Hungary. Haver works to combat anti-semitism and discrimination and to promote social cohesion through dialogue, training, and education. We aim to start an open and honest discussion and dialog between Jews and non-Jews that leads to tolerance and common understanding. <br \/><a href=\"https:\/\/haver.hu\/english\" target=\"_blank\" rel=\"noopener noreferrer\">Read more<\/a><\/p>\t\t\t\t\t\t\t\t<\/div>\n\t\t\t\t<\/div>\n\t\t\t\t<div class=\"elementor-element elementor-element-54c2737 elementor-widget elementor-widget-heading\" data-id=\"54c2737\" data-element_type=\"widget\" data-e-type=\"widget\" data-widget_type=\"heading.default\">\n\t\t\t\t<div class=\"elementor-widget-container\">\n\t\t\t\t\t<h3 class=\"elementor-heading-title elementor-size-default\"><a href=\"https:\/\/limmud.hu\/index_en\/\" target=\"_blank\">Limmud Hungary<\/a><\/h3>\t\t\t\t<\/div>\n\t\t\t\t<\/div>\n\t\t\t\t<div class=\"elementor-element elementor-element-badc75a elementor-widget elementor-widget-text-editor\" data-id=\"badc75a\" data-element_type=\"widget\" data-e-type=\"widget\" data-widget_type=\"text-editor.default\">\n\t\t\t\t<div class=\"elementor-widget-container\">\n\t\t\t\t\t\t\t\t\t<p>Limmud is a voluntary based and organized festival and collective learning event, which strives to present and explore every aspect of Judaism \u2013 from religion to sport, from culinary to theater. Limmud\u2019s mission is to allow each Jew to take one step forward on his or her Jewish journey. Limmud seeks to create a space in which all Jews can explore the various facets of Jewish culture and their Jewish identity. Limmud Hungary has been operating based on the UK modell from 2009. <br \/><a href=\"http:\/\/limmud.hu\/\" target=\"_blank\" rel=\"noopener noreferrer\">Read more<\/a><\/p>\t\t\t\t\t\t\t\t<\/div>\n\t\t\t\t<\/div>\n\t\t\t\t<div class=\"elementor-element elementor-element-430bbba elementor-widget elementor-widget-heading\" data-id=\"430bbba\" data-element_type=\"widget\" data-e-type=\"widget\" data-widget_type=\"heading.default\">\n\t\t\t\t<div class=\"elementor-widget-container\">\n\t\t\t\t\t<h3 class=\"elementor-heading-title elementor-size-default\"><a href=\"https:\/\/nestingplay.com\/\" target=\"_blank\">Nestingplay<\/a><\/h3>\t\t\t\t<\/div>\n\t\t\t\t<\/div>\n\t\t\t\t<div class=\"elementor-element elementor-element-086d0e7 elementor-widget elementor-widget-text-editor\" data-id=\"086d0e7\" data-element_type=\"widget\" data-e-type=\"widget\" data-widget_type=\"text-editor.default\">\n\t\t\t\t<div class=\"elementor-widget-container\">\n\t\t\t\t\t\t\t\t\t<p>The goal of NestingPlay is the early integration of youth with special educational needs. Through the methods of educating kindergarten workers and attendants and developing innovative playground tools they are striving to create environments that fosters integration.  <br \/><a href=\"https:\/\/nestingplay.com\/\" target=\"_blank\" rel=\"noopener noreferrer\" data-wplink-edit=\"true\">Read more<\/a><\/p>\n\t\t\t\t\t\t\t\t<\/div>\n\t\t\t\t<\/div>\n\t\t\t\t<div class=\"elementor-element elementor-element-8e1b154 elementor-widget elementor-widget-heading\" data-id=\"8e1b154\" data-element_type=\"widget\" data-e-type=\"widget\" data-widget_type=\"heading.default\">\n\t\t\t\t<div class=\"elementor-widget-container\">\n\t\t\t\t\t<h3 class=\"elementor-heading-title elementor-size-default\"><a href=\"https:\/\/skillyjobs.org\/en\/\" target=\"_blank\">Skilly<\/a><\/h3>\t\t\t\t<\/div>\n\t\t\t\t<\/div>\n\t\t\t\t<div class=\"elementor-element elementor-element-e9df8d4 elementor-widget elementor-widget-text-editor\" data-id=\"e9df8d4\" data-element_type=\"widget\" data-e-type=\"widget\" data-widget_type=\"text-editor.default\">\n\t\t\t\t<div class=\"elementor-widget-container\">\n\t\t\t\t\t\t\t\t\t<p>Skilly (formerly Jamba Hungary) aims to support the social and workplace integration of people with disabilities in Hungary and internationally. Skilly also works to raise awareness in the wider society and to reduce stigma and discrimination against people with disabilities. <br \/><a href=\"https:\/\/skillyjobs.org\/\" target=\"_blank\" rel=\"noopener noreferrer\">Read more<\/a><\/p>\t\t\t\t\t\t\t\t<\/div>\n\t\t\t\t<\/div>\n\t\t\t\t\t<\/div>\n\t\t\t\t<\/div>\n\t\t\t\t\t<\/div>\n\t\t\t\t<\/div>\n\t\t\t\t<\/div>\n\t\t","protected":false},"excerpt":{"rendered":"<p>Resident members Charity Taxi City and village. Surplus and need. Stereotype and reality \u2013 those are the gaps over which Charity Taxi builds bridges. This unique initiative makes people interested [&hellip;]<\/p>\n","protected":false},"author":1,"featured_media":0,"parent":0,"menu_order":0,"comment_status":"closed","ping_status":"closed","template":"","meta":{"_acf_changed":false,"_glsr_average":0,"_glsr_ranking":0,"_glsr_reviews":0,"footnotes":""},"class_list":["post-11765","page","type-page","status-publish","hentry"],"acf":[],"yoast_head":"<!-- This site is optimized with the Yoast SEO Premium plugin v27.2 (Yoast SEO v27.2) - https:\/\/yoast.com\/product\/yoast-seo-premium-wordpress\/ -->\n<title>Resident members - Mozaik Hub<\/title>\n<meta name=\"description\" content=\"Resident members are at the core of the Mozaik Hub. These are the NGOs based in the Hub, using the co-working space and infrastructure regularly. In addition they benefit from the customized professional support and the training events offered by the Hub.\" \/>\n<meta name=\"robots\" content=\"index, follow, max-snippet:-1, max-image-preview:large, max-video-preview:-1\" \/>\n<link rel=\"canonical\" href=\"https:\/\/mozaikhub.hu\/en\/resident-members\/\" \/>\n<meta property=\"og:locale\" content=\"en_US\" \/>\n<meta property=\"og:type\" content=\"article\" \/>\n<meta property=\"og:title\" content=\"Resident members\" \/>\n<meta property=\"og:description\" content=\"Resident members are at the core of the Mozaik Hub. These are the NGOs based in the Hub, using the co-working space and infrastructure regularly. In addition they benefit from the customized professional support and the training events offered by the Hub.\" \/>\n<meta property=\"og:url\" content=\"https:\/\/mozaikhub.hu\/en\/resident-members\/\" \/>\n<meta property=\"og:site_name\" content=\"Mozaik Hub\" \/>\n<meta property=\"article:publisher\" content=\"https:\/\/www.facebook.com\/mozaikhub\/\" \/>\n<meta property=\"article:modified_time\" content=\"2025-02-12T09:56:09+00:00\" \/>\n<meta property=\"og:image\" content=\"https:\/\/mozaikhub.hu\/wp-content\/uploads\/2025\/01\/mozaik-hub.jpg\" \/>\n\t<meta property=\"og:image:width\" content=\"1200\" \/>\n\t<meta property=\"og:image:height\" content=\"675\" \/>\n\t<meta property=\"og:image:type\" content=\"image\/jpeg\" \/>\n<meta name=\"twitter:card\" content=\"summary_large_image\" \/>\n<meta name=\"twitter:site\" content=\"@mozaikhub\" \/>\n<meta name=\"twitter:label1\" content=\"Est. reading time\" \/>\n\t<meta name=\"twitter:data1\" content=\"3 minutes\" \/>\n<script type=\"application\/ld+json\" class=\"yoast-schema-graph\">{\"@context\":\"https:\/\/schema.org\",\"@graph\":[{\"@type\":\"WebPage\",\"@id\":\"https:\/\/mozaikhub.hu\/en\/resident-members\/\",\"url\":\"https:\/\/mozaikhub.hu\/en\/resident-members\/\",\"name\":\"Resident members - Mozaik Hub\",\"isPartOf\":{\"@id\":\"https:\/\/mozaikhub.hu\/#website\"},\"datePublished\":\"2024-06-11T18:12:36+00:00\",\"dateModified\":\"2025-02-12T09:56:09+00:00\",\"description\":\"Resident members are at the core of the Mozaik Hub. These are the NGOs based in the Hub, using the co-working space and infrastructure regularly. In addition they benefit from the customized professional support and the training events offered by the Hub.\",\"breadcrumb\":{\"@id\":\"https:\/\/mozaikhub.hu\/en\/resident-members\/#breadcrumb\"},\"inLanguage\":\"en-US\",\"potentialAction\":[{\"@type\":\"ReadAction\",\"target\":[\"https:\/\/mozaikhub.hu\/en\/resident-members\/\"]}]},{\"@type\":\"BreadcrumbList\",\"@id\":\"https:\/\/mozaikhub.hu\/en\/resident-members\/#breadcrumb\",\"itemListElement\":[{\"@type\":\"ListItem\",\"position\":1,\"name\":\"Home\",\"item\":\"https:\/\/mozaikhub.hu\/\"},{\"@type\":\"ListItem\",\"position\":2,\"name\":\"Resident members\"}]},{\"@type\":\"WebSite\",\"@id\":\"https:\/\/mozaikhub.hu\/#website\",\"url\":\"https:\/\/mozaikhub.hu\/\",\"name\":\"Mozaik Hub\",\"description\":\"Mozaik Zsid\u00f3 K\u00f6z\u00f6ss\u00e9gi Hub\",\"publisher\":{\"@id\":\"https:\/\/mozaikhub.hu\/#organization\"},\"potentialAction\":[{\"@type\":\"SearchAction\",\"target\":{\"@type\":\"EntryPoint\",\"urlTemplate\":\"https:\/\/mozaikhub.hu\/?s={search_term_string}\"},\"query-input\":{\"@type\":\"PropertyValueSpecification\",\"valueRequired\":true,\"valueName\":\"search_term_string\"}}],\"inLanguage\":\"en-US\"},{\"@type\":\"Organization\",\"@id\":\"https:\/\/mozaikhub.hu\/#organization\",\"name\":\"Mozaik Hub\",\"url\":\"https:\/\/mozaikhub.hu\/\",\"logo\":{\"@type\":\"ImageObject\",\"inLanguage\":\"en-US\",\"@id\":\"https:\/\/mozaikhub.hu\/#\/schema\/logo\/image\/\",\"url\":\"https:\/\/mozaikhub.hu\/wp-content\/uploads\/2024\/03\/logo-hu.svg\",\"contentUrl\":\"https:\/\/mozaikhub.hu\/wp-content\/uploads\/2024\/03\/logo-hu.svg\",\"width\":194,\"height\":50,\"caption\":\"Mozaik Hub\"},\"image\":{\"@id\":\"https:\/\/mozaikhub.hu\/#\/schema\/logo\/image\/\"},\"sameAs\":[\"https:\/\/www.facebook.com\/mozaikhub\/\",\"https:\/\/x.com\/mozaikhub\",\"https:\/\/www.instagram.com\/mozaik_hub\/\",\"https:\/\/www.youtube.com\/channel\/UCWarUAYokOYV6Xs-jpcUUNw\"]}]}<\/script>\n<!-- \/ Yoast SEO Premium plugin. -->","yoast_head_json":{"title":"Resident members - Mozaik Hub","description":"Resident members are at the core of the Mozaik Hub. These are the NGOs based in the Hub, using the co-working space and infrastructure regularly. In addition they benefit from the customized professional support and the training events offered by the Hub.","robots":{"index":"index","follow":"follow","max-snippet":"max-snippet:-1","max-image-preview":"max-image-preview:large","max-video-preview":"max-video-preview:-1"},"canonical":"https:\/\/mozaikhub.hu\/en\/resident-members\/","og_locale":"en_US","og_type":"article","og_title":"Resident members","og_description":"Resident members are at the core of the Mozaik Hub. These are the NGOs based in the Hub, using the co-working space and infrastructure regularly. In addition they benefit from the customized professional support and the training events offered by the Hub.","og_url":"https:\/\/mozaikhub.hu\/en\/resident-members\/","og_site_name":"Mozaik Hub","article_publisher":"https:\/\/www.facebook.com\/mozaikhub\/","article_modified_time":"2025-02-12T09:56:09+00:00","og_image":[{"width":1200,"height":675,"url":"https:\/\/mozaikhub.hu\/wp-content\/uploads\/2025\/01\/mozaik-hub.jpg","type":"image\/jpeg"}],"twitter_card":"summary_large_image","twitter_site":"@mozaikhub","twitter_misc":{"Est. reading time":"3 minutes"},"schema":{"@context":"https:\/\/schema.org","@graph":[{"@type":"WebPage","@id":"https:\/\/mozaikhub.hu\/en\/resident-members\/","url":"https:\/\/mozaikhub.hu\/en\/resident-members\/","name":"Resident members - Mozaik Hub","isPartOf":{"@id":"https:\/\/mozaikhub.hu\/#website"},"datePublished":"2024-06-11T18:12:36+00:00","dateModified":"2025-02-12T09:56:09+00:00","description":"Resident members are at the core of the Mozaik Hub. These are the NGOs based in the Hub, using the co-working space and infrastructure regularly. In addition they benefit from the customized professional support and the training events offered by the Hub.","breadcrumb":{"@id":"https:\/\/mozaikhub.hu\/en\/resident-members\/#breadcrumb"},"inLanguage":"en-US","potentialAction":[{"@type":"ReadAction","target":["https:\/\/mozaikhub.hu\/en\/resident-members\/"]}]},{"@type":"BreadcrumbList","@id":"https:\/\/mozaikhub.hu\/en\/resident-members\/#breadcrumb","itemListElement":[{"@type":"ListItem","position":1,"name":"Home","item":"https:\/\/mozaikhub.hu\/"},{"@type":"ListItem","position":2,"name":"Resident members"}]},{"@type":"WebSite","@id":"https:\/\/mozaikhub.hu\/#website","url":"https:\/\/mozaikhub.hu\/","name":"Mozaik Hub","description":"Mozaik Zsid\u00f3 K\u00f6z\u00f6ss\u00e9gi Hub","publisher":{"@id":"https:\/\/mozaikhub.hu\/#organization"},"potentialAction":[{"@type":"SearchAction","target":{"@type":"EntryPoint","urlTemplate":"https:\/\/mozaikhub.hu\/?s={search_term_string}"},"query-input":{"@type":"PropertyValueSpecification","valueRequired":true,"valueName":"search_term_string"}}],"inLanguage":"en-US"},{"@type":"Organization","@id":"https:\/\/mozaikhub.hu\/#organization","name":"Mozaik Hub","url":"https:\/\/mozaikhub.hu\/","logo":{"@type":"ImageObject","inLanguage":"en-US","@id":"https:\/\/mozaikhub.hu\/#\/schema\/logo\/image\/","url":"https:\/\/mozaikhub.hu\/wp-content\/uploads\/2024\/03\/logo-hu.svg","contentUrl":"https:\/\/mozaikhub.hu\/wp-content\/uploads\/2024\/03\/logo-hu.svg","width":194,"height":50,"caption":"Mozaik Hub"},"image":{"@id":"https:\/\/mozaikhub.hu\/#\/schema\/logo\/image\/"},"sameAs":["https:\/\/www.facebook.com\/mozaikhub\/","https:\/\/x.com\/mozaikhub","https:\/\/www.instagram.com\/mozaik_hub\/","https:\/\/www.youtube.com\/channel\/UCWarUAYokOYV6Xs-jpcUUNw"]}]}},"_links":{"self":[{"href":"https:\/\/mozaikhub.hu\/en\/wp-json\/wp\/v2\/pages\/11765","targetHints":{"allow":["GET"]}}],"collection":[{"href":"https:\/\/mozaikhub.hu\/en\/wp-json\/wp\/v2\/pages"}],"about":[{"href":"https:\/\/mozaikhub.hu\/en\/wp-json\/wp\/v2\/types\/page"}],"author":[{"embeddable":true,"href":"https:\/\/mozaikhub.hu\/en\/wp-json\/wp\/v2\/users\/1"}],"replies":[{"embeddable":true,"href":"https:\/\/mozaikhub.hu\/en\/wp-json\/wp\/v2\/comments?post=11765"}],"version-history":[{"count":6,"href":"https:\/\/mozaikhub.hu\/en\/wp-json\/wp\/v2\/pages\/11765\/revisions"}],"predecessor-version":[{"id":13230,"href":"https:\/\/mozaikhub.hu\/en\/wp-json\/wp\/v2\/pages\/11765\/revisions\/13230"}],"wp:attachment":[{"href":"https:\/\/mozaikhub.hu\/en\/wp-json\/wp\/v2\/media?parent=11765"}],"curies":[{"name":"wp","href":"https:\/\/api.w.org\/{rel}","templated":true}]}}