{"id":11754,"date":"2024-03-13T09:48:16","date_gmt":"2024-03-13T08:48:16","guid":{"rendered":"https:\/\/keszul.mozaikhub.hu\/?page_id=11754"},"modified":"2025-02-12T10:53:57","modified_gmt":"2025-02-12T09:53:57","slug":"nonprofit-management-shots","status":"publish","type":"page","link":"https:\/\/mozaikhub.hu\/en\/nonprofit-management-shots\/","title":{"rendered":"Nonprofit management shots"},"content":{"rendered":"\t\t<div data-elementor-type=\"wp-page\" data-elementor-id=\"11754\" class=\"elementor elementor-11754 elementor-47\" data-elementor-post-type=\"page\">\n\t\t\t\t<div class=\"elementor-element elementor-element-e56262e e-flex e-con-boxed e-con e-parent\" data-id=\"e56262e\" data-element_type=\"container\" data-e-type=\"container\" data-settings=\"{&quot;background_background&quot;:&quot;classic&quot;}\">\n\t\t\t\t\t<div class=\"e-con-inner\">\n\t\t\t\t<div class=\"elementor-element elementor-element-6d49176 elementor-widget elementor-widget-heading\" data-id=\"6d49176\" data-element_type=\"widget\" data-e-type=\"widget\" data-widget_type=\"heading.default\">\n\t\t\t\t<div class=\"elementor-widget-container\">\n\t\t\t\t\t<h1 class=\"elementor-heading-title elementor-size-default\">Nonprofit management shots<\/h1>\t\t\t\t<\/div>\n\t\t\t\t<\/div>\n\t\t<div class=\"elementor-element elementor-element-26aa2f5 e-flex e-con-boxed e-con e-child\" data-id=\"26aa2f5\" data-element_type=\"container\" data-e-type=\"container\" data-settings=\"{&quot;background_background&quot;:&quot;classic&quot;}\">\n\t\t\t\t\t<div class=\"e-con-inner\">\n\t\t\t\t<div class=\"elementor-element elementor-element-bccacbe elementor-widget elementor-widget-text-editor\" data-id=\"bccacbe\" data-element_type=\"widget\" data-e-type=\"widget\" data-widget_type=\"text-editor.default\">\n\t\t\t\t<div class=\"elementor-widget-container\">\n\t\t\t\t\t\t\t\t\t<p>Besides the learning events we organize in the Mozaik Hub, we find it important to collect our knowledge in the field of nonprofit management and share it in a way that is informative and easily accessible. The nonprofit management shots, as the name suggests, are short, introductory materials, which can help to bring closer the different areas of nonprofit management, and can provide specific help and guidance for NGOs and activists throughout their work. On the\u00a0<a href=\"https:\/\/mozaikhub.hu\/nonprofit-menedzsment-egypercesek\/\">Hungarian version<\/a>\u00a0of this page you can find manauls about strategic planning, resource development, financial management, organizational communication etc. Currently the manuals are only available in Hungarian.<\/p>\t\t\t\t\t\t\t\t<\/div>\n\t\t\t\t<\/div>\n\t\t\t\t\t<\/div>\n\t\t\t\t<\/div>\n\t\t\t\t\t<\/div>\n\t\t\t\t<\/div>\n\t\t\t\t<\/div>\n\t\t","protected":false},"excerpt":{"rendered":"<p>Nonprofit management shots Besides the learning events we organize in the Mozaik Hub, we find it important to collect our knowledge in the field of nonprofit management and share it [&hellip;]<\/p>\n","protected":false},"author":1,"featured_media":0,"parent":0,"menu_order":0,"comment_status":"closed","ping_status":"closed","template":"","meta":{"_acf_changed":false,"_glsr_average":0,"_glsr_ranking":0,"_glsr_reviews":0,"footnotes":""},"class_list":["post-11754","page","type-page","status-publish","hentry"],"acf":[],"yoast_head":"<!-- This site is optimized with the Yoast SEO Premium plugin v27.2 (Yoast SEO v27.2) - https:\/\/yoast.com\/product\/yoast-seo-premium-wordpress\/ -->\n<title>Nonprofit management shots - Mozaik Hub<\/title>\n<meta name=\"description\" content=\"The nonprofit management shots, as the name suggests, are short, introductory materials, which can help to bring closer the different areas of nonprofit management, and can provide specific help and guidance for NGOs and activists throughout their work.\" \/>\n<meta name=\"robots\" content=\"index, follow, max-snippet:-1, max-image-preview:large, max-video-preview:-1\" \/>\n<link rel=\"canonical\" href=\"https:\/\/mozaikhub.hu\/en\/nonprofit-management-shots\/\" \/>\n<meta property=\"og:locale\" content=\"en_US\" \/>\n<meta property=\"og:type\" content=\"article\" \/>\n<meta property=\"og:title\" content=\"Nonprofit management shots\" \/>\n<meta property=\"og:description\" content=\"The nonprofit management shots, as the name suggests, are short, introductory materials, which can help to bring closer the different areas of nonprofit management, and can provide specific help and guidance for NGOs and activists throughout their work.\" \/>\n<meta property=\"og:url\" content=\"https:\/\/mozaikhub.hu\/en\/nonprofit-management-shots\/\" \/>\n<meta property=\"og:site_name\" content=\"Mozaik Hub\" \/>\n<meta property=\"article:publisher\" content=\"https:\/\/www.facebook.com\/mozaikhub\/\" \/>\n<meta property=\"article:modified_time\" content=\"2025-02-12T09:53:57+00:00\" \/>\n<meta property=\"og:image\" content=\"https:\/\/mozaikhub.hu\/wp-content\/uploads\/2025\/01\/mozaik-hub.jpg\" \/>\n\t<meta property=\"og:image:width\" content=\"1200\" \/>\n\t<meta property=\"og:image:height\" content=\"675\" \/>\n\t<meta property=\"og:image:type\" content=\"image\/jpeg\" \/>\n<meta name=\"twitter:card\" content=\"summary_large_image\" \/>\n<meta name=\"twitter:site\" content=\"@mozaikhub\" \/>\n<meta name=\"twitter:label1\" content=\"Est. reading time\" \/>\n\t<meta name=\"twitter:data1\" content=\"1 minute\" \/>\n<script type=\"application\/ld+json\" class=\"yoast-schema-graph\">{\"@context\":\"https:\/\/schema.org\",\"@graph\":[{\"@type\":\"WebPage\",\"@id\":\"https:\/\/mozaikhub.hu\/en\/nonprofit-management-shots\/\",\"url\":\"https:\/\/mozaikhub.hu\/en\/nonprofit-management-shots\/\",\"name\":\"Nonprofit management shots - Mozaik Hub\",\"isPartOf\":{\"@id\":\"https:\/\/mozaikhub.hu\/#website\"},\"datePublished\":\"2024-03-13T08:48:16+00:00\",\"dateModified\":\"2025-02-12T09:53:57+00:00\",\"description\":\"The nonprofit management shots, as the name suggests, are short, introductory materials, which can help to bring closer the different areas of nonprofit management, and can provide specific help and guidance for NGOs and activists throughout their work.\",\"breadcrumb\":{\"@id\":\"https:\/\/mozaikhub.hu\/en\/nonprofit-management-shots\/#breadcrumb\"},\"inLanguage\":\"en-US\",\"potentialAction\":[{\"@type\":\"ReadAction\",\"target\":[\"https:\/\/mozaikhub.hu\/en\/nonprofit-management-shots\/\"]}]},{\"@type\":\"BreadcrumbList\",\"@id\":\"https:\/\/mozaikhub.hu\/en\/nonprofit-management-shots\/#breadcrumb\",\"itemListElement\":[{\"@type\":\"ListItem\",\"position\":1,\"name\":\"Home\",\"item\":\"https:\/\/mozaikhub.hu\/\"},{\"@type\":\"ListItem\",\"position\":2,\"name\":\"Nonprofit management shots\"}]},{\"@type\":\"WebSite\",\"@id\":\"https:\/\/mozaikhub.hu\/#website\",\"url\":\"https:\/\/mozaikhub.hu\/\",\"name\":\"Mozaik Hub\",\"description\":\"Mozaik Zsid\u00f3 K\u00f6z\u00f6ss\u00e9gi Hub\",\"publisher\":{\"@id\":\"https:\/\/mozaikhub.hu\/#organization\"},\"potentialAction\":[{\"@type\":\"SearchAction\",\"target\":{\"@type\":\"EntryPoint\",\"urlTemplate\":\"https:\/\/mozaikhub.hu\/?s={search_term_string}\"},\"query-input\":{\"@type\":\"PropertyValueSpecification\",\"valueRequired\":true,\"valueName\":\"search_term_string\"}}],\"inLanguage\":\"en-US\"},{\"@type\":\"Organization\",\"@id\":\"https:\/\/mozaikhub.hu\/#organization\",\"name\":\"Mozaik Hub\",\"url\":\"https:\/\/mozaikhub.hu\/\",\"logo\":{\"@type\":\"ImageObject\",\"inLanguage\":\"en-US\",\"@id\":\"https:\/\/mozaikhub.hu\/#\/schema\/logo\/image\/\",\"url\":\"https:\/\/mozaikhub.hu\/wp-content\/uploads\/2024\/03\/logo-hu.svg\",\"contentUrl\":\"https:\/\/mozaikhub.hu\/wp-content\/uploads\/2024\/03\/logo-hu.svg\",\"width\":194,\"height\":50,\"caption\":\"Mozaik Hub\"},\"image\":{\"@id\":\"https:\/\/mozaikhub.hu\/#\/schema\/logo\/image\/\"},\"sameAs\":[\"https:\/\/www.facebook.com\/mozaikhub\/\",\"https:\/\/x.com\/mozaikhub\",\"https:\/\/www.instagram.com\/mozaik_hub\/\",\"https:\/\/www.youtube.com\/channel\/UCWarUAYokOYV6Xs-jpcUUNw\"]}]}<\/script>\n<!-- \/ Yoast SEO Premium plugin. -->","yoast_head_json":{"title":"Nonprofit management shots - Mozaik Hub","description":"The nonprofit management shots, as the name suggests, are short, introductory materials, which can help to bring closer the different areas of nonprofit management, and can provide specific help and guidance for NGOs and activists throughout their work.","robots":{"index":"index","follow":"follow","max-snippet":"max-snippet:-1","max-image-preview":"max-image-preview:large","max-video-preview":"max-video-preview:-1"},"canonical":"https:\/\/mozaikhub.hu\/en\/nonprofit-management-shots\/","og_locale":"en_US","og_type":"article","og_title":"Nonprofit management shots","og_description":"The nonprofit management shots, as the name suggests, are short, introductory materials, which can help to bring closer the different areas of nonprofit management, and can provide specific help and guidance for NGOs and activists throughout their work.","og_url":"https:\/\/mozaikhub.hu\/en\/nonprofit-management-shots\/","og_site_name":"Mozaik Hub","article_publisher":"https:\/\/www.facebook.com\/mozaikhub\/","article_modified_time":"2025-02-12T09:53:57+00:00","og_image":[{"width":1200,"height":675,"url":"https:\/\/mozaikhub.hu\/wp-content\/uploads\/2025\/01\/mozaik-hub.jpg","type":"image\/jpeg"}],"twitter_card":"summary_large_image","twitter_site":"@mozaikhub","twitter_misc":{"Est. reading time":"1 minute"},"schema":{"@context":"https:\/\/schema.org","@graph":[{"@type":"WebPage","@id":"https:\/\/mozaikhub.hu\/en\/nonprofit-management-shots\/","url":"https:\/\/mozaikhub.hu\/en\/nonprofit-management-shots\/","name":"Nonprofit management shots - Mozaik Hub","isPartOf":{"@id":"https:\/\/mozaikhub.hu\/#website"},"datePublished":"2024-03-13T08:48:16+00:00","dateModified":"2025-02-12T09:53:57+00:00","description":"The nonprofit management shots, as the name suggests, are short, introductory materials, which can help to bring closer the different areas of nonprofit management, and can provide specific help and guidance for NGOs and activists throughout their work.","breadcrumb":{"@id":"https:\/\/mozaikhub.hu\/en\/nonprofit-management-shots\/#breadcrumb"},"inLanguage":"en-US","potentialAction":[{"@type":"ReadAction","target":["https:\/\/mozaikhub.hu\/en\/nonprofit-management-shots\/"]}]},{"@type":"BreadcrumbList","@id":"https:\/\/mozaikhub.hu\/en\/nonprofit-management-shots\/#breadcrumb","itemListElement":[{"@type":"ListItem","position":1,"name":"Home","item":"https:\/\/mozaikhub.hu\/"},{"@type":"ListItem","position":2,"name":"Nonprofit management shots"}]},{"@type":"WebSite","@id":"https:\/\/mozaikhub.hu\/#website","url":"https:\/\/mozaikhub.hu\/","name":"Mozaik Hub","description":"Mozaik Zsid\u00f3 K\u00f6z\u00f6ss\u00e9gi Hub","publisher":{"@id":"https:\/\/mozaikhub.hu\/#organization"},"potentialAction":[{"@type":"SearchAction","target":{"@type":"EntryPoint","urlTemplate":"https:\/\/mozaikhub.hu\/?s={search_term_string}"},"query-input":{"@type":"PropertyValueSpecification","valueRequired":true,"valueName":"search_term_string"}}],"inLanguage":"en-US"},{"@type":"Organization","@id":"https:\/\/mozaikhub.hu\/#organization","name":"Mozaik Hub","url":"https:\/\/mozaikhub.hu\/","logo":{"@type":"ImageObject","inLanguage":"en-US","@id":"https:\/\/mozaikhub.hu\/#\/schema\/logo\/image\/","url":"https:\/\/mozaikhub.hu\/wp-content\/uploads\/2024\/03\/logo-hu.svg","contentUrl":"https:\/\/mozaikhub.hu\/wp-content\/uploads\/2024\/03\/logo-hu.svg","width":194,"height":50,"caption":"Mozaik Hub"},"image":{"@id":"https:\/\/mozaikhub.hu\/#\/schema\/logo\/image\/"},"sameAs":["https:\/\/www.facebook.com\/mozaikhub\/","https:\/\/x.com\/mozaikhub","https:\/\/www.instagram.com\/mozaik_hub\/","https:\/\/www.youtube.com\/channel\/UCWarUAYokOYV6Xs-jpcUUNw"]}]}},"_links":{"self":[{"href":"https:\/\/mozaikhub.hu\/en\/wp-json\/wp\/v2\/pages\/11754","targetHints":{"allow":["GET"]}}],"collection":[{"href":"https:\/\/mozaikhub.hu\/en\/wp-json\/wp\/v2\/pages"}],"about":[{"href":"https:\/\/mozaikhub.hu\/en\/wp-json\/wp\/v2\/types\/page"}],"author":[{"embeddable":true,"href":"https:\/\/mozaikhub.hu\/en\/wp-json\/wp\/v2\/users\/1"}],"replies":[{"embeddable":true,"href":"https:\/\/mozaikhub.hu\/en\/wp-json\/wp\/v2\/comments?post=11754"}],"version-history":[{"count":6,"href":"https:\/\/mozaikhub.hu\/en\/wp-json\/wp\/v2\/pages\/11754\/revisions"}],"predecessor-version":[{"id":12234,"href":"https:\/\/mozaikhub.hu\/en\/wp-json\/wp\/v2\/pages\/11754\/revisions\/12234"}],"wp:attachment":[{"href":"https:\/\/mozaikhub.hu\/en\/wp-json\/wp\/v2\/media?parent=11754"}],"curies":[{"name":"wp","href":"https:\/\/api.w.org\/{rel}","templated":true}]}}