{"id":11706,"date":"2024-06-11T20:12:00","date_gmt":"2024-06-11T18:12:00","guid":{"rendered":"https:\/\/keszul.mozaikhub.hu\/what-we-do\/"},"modified":"2025-02-12T10:52:15","modified_gmt":"2025-02-12T09:52:15","slug":"what-we-do","status":"publish","type":"page","link":"https:\/\/mozaikhub.hu\/en\/what-we-do\/","title":{"rendered":"What we do"},"content":{"rendered":"\t\t<div data-elementor-type=\"wp-page\" data-elementor-id=\"11706\" class=\"elementor elementor-11706 elementor-1081\" data-elementor-post-type=\"page\">\n\t\t\t\t<div class=\"elementor-element elementor-element-3dfe211f e-flex e-con-boxed e-con e-parent\" data-id=\"3dfe211f\" data-element_type=\"container\" data-e-type=\"container\" data-settings=\"{&quot;background_background&quot;:&quot;classic&quot;}\">\n\t\t\t\t\t<div class=\"e-con-inner\">\n\t\t\t\t<div class=\"elementor-element elementor-element-4c55b06 elementor-widget elementor-widget-heading\" data-id=\"4c55b06\" data-element_type=\"widget\" data-e-type=\"widget\" data-widget_type=\"heading.default\">\n\t\t\t\t<div class=\"elementor-widget-container\">\n\t\t\t\t\t<h1 class=\"elementor-heading-title elementor-size-default\">What we do<\/h1>\t\t\t\t<\/div>\n\t\t\t\t<\/div>\n\t\t<div class=\"elementor-element elementor-element-75d2acac e-flex e-con-boxed e-con e-child\" data-id=\"75d2acac\" data-element_type=\"container\" data-e-type=\"container\" data-settings=\"{&quot;background_background&quot;:&quot;classic&quot;}\">\n\t\t\t\t\t<div class=\"e-con-inner\">\n\t\t\t\t<div class=\"elementor-element elementor-element-13c11ebf elementor-widget elementor-widget-text-editor\" data-id=\"13c11ebf\" data-element_type=\"widget\" data-e-type=\"widget\" data-widget_type=\"text-editor.default\">\n\t\t\t\t<div class=\"elementor-widget-container\">\n\t\t\t\t\t\t\t\t\t<p>The primary goal of the Mozaik Hub is to incubate and build the capacity of NGOs working to advance Jewish community life and Jewish values. With its activities the Mozaik Hub is committed to creating a more networked ecosystem of NGOs and a more collaborative environment for them to operate within. <\/p>\n\t\t\t\t\t\t\t\t<\/div>\n\t\t\t\t<\/div>\n\t\t\t\t<div class=\"elementor-element elementor-element-2450105 elementor-widget elementor-widget-heading\" data-id=\"2450105\" data-element_type=\"widget\" data-e-type=\"widget\" data-widget_type=\"heading.default\">\n\t\t\t\t<div class=\"elementor-widget-container\">\n\t\t\t\t\t<h3 class=\"elementor-heading-title elementor-size-default\">To fulfill these goals the Mozaik Hub is offering plenty of services and opportunities:<\/h3>\t\t\t\t<\/div>\n\t\t\t\t<\/div>\n\t\t\t\t<div class=\"elementor-element elementor-element-adacfb5 elementor-icon-list--layout-traditional elementor-list-item-link-full_width elementor-widget elementor-widget-icon-list\" data-id=\"adacfb5\" data-element_type=\"widget\" data-e-type=\"widget\" data-widget_type=\"icon-list.default\">\n\t\t\t\t<div class=\"elementor-widget-container\">\n\t\t\t\t\t\t\t<ul class=\"elementor-icon-list-items\">\n\t\t\t\t\t\t\t<li class=\"elementor-icon-list-item\">\n\t\t\t\t\t\t\t\t\t\t\t<span class=\"elementor-icon-list-icon\">\n\t\t\t\t\t\t\t<svg xmlns=\"http:\/\/www.w3.org\/2000\/svg\" viewBox=\"0 0 200.03 223.98\"><title>triangle<\/title><g id=\"f83910a4-bf3a-43fa-ba45-274be1a58a4f\" data-name=\"Layer 2\"><g id=\"b013ec88-99f2-4a39-a111-9eec8ee86ea4\" data-name=\"Layer 1\"><path d=\"M36,220.69l152-87.9a24,24,0,0,0,0-41.6h0L36,3.29A23.9,23.9,0,0,0,0,24V200a23.9,23.9,0,0,0,36,20.7Z\"><\/path><\/g><\/g><\/svg>\t\t\t\t\t\t<\/span>\n\t\t\t\t\t\t\t\t\t\t<span class=\"elementor-icon-list-text\"><span>Infrastructure and tools:<\/span> shared office space, workstations, multimedia equipment for permanent or temporary use<\/span>\n\t\t\t\t\t\t\t\t\t<\/li>\n\t\t\t\t\t\t\t\t<li class=\"elementor-icon-list-item\">\n\t\t\t\t\t\t\t\t\t\t\t<span class=\"elementor-icon-list-icon\">\n\t\t\t\t\t\t\t<svg xmlns=\"http:\/\/www.w3.org\/2000\/svg\" viewBox=\"0 0 200.03 223.98\"><title>triangle<\/title><g id=\"f83910a4-bf3a-43fa-ba45-274be1a58a4f\" data-name=\"Layer 2\"><g id=\"b013ec88-99f2-4a39-a111-9eec8ee86ea4\" data-name=\"Layer 1\"><path d=\"M36,220.69l152-87.9a24,24,0,0,0,0-41.6h0L36,3.29A23.9,23.9,0,0,0,0,24V200a23.9,23.9,0,0,0,36,20.7Z\"><\/path><\/g><\/g><\/svg>\t\t\t\t\t\t<\/span>\n\t\t\t\t\t\t\t\t\t\t<span class=\"elementor-icon-list-text\"><span>Professional support: <\/span>mentoring and consultancy in strategic planning, communication, resource development, project management volunteer management and more<\/span>\n\t\t\t\t\t\t\t\t\t<\/li>\n\t\t\t\t\t\t\t\t<li class=\"elementor-icon-list-item\">\n\t\t\t\t\t\t\t\t\t\t\t<span class=\"elementor-icon-list-icon\">\n\t\t\t\t\t\t\t<svg xmlns=\"http:\/\/www.w3.org\/2000\/svg\" viewBox=\"0 0 200.03 223.98\"><title>triangle<\/title><g id=\"f83910a4-bf3a-43fa-ba45-274be1a58a4f\" data-name=\"Layer 2\"><g id=\"b013ec88-99f2-4a39-a111-9eec8ee86ea4\" data-name=\"Layer 1\"><path d=\"M36,220.69l152-87.9a24,24,0,0,0,0-41.6h0L36,3.29A23.9,23.9,0,0,0,0,24V200a23.9,23.9,0,0,0,36,20.7Z\"><\/path><\/g><\/g><\/svg>\t\t\t\t\t\t<\/span>\n\t\t\t\t\t\t\t\t\t\t<span class=\"elementor-icon-list-text\"><span>Trainings and workshops:<\/span> regular public learning opportunities in the field of nonprofit management, community development, soft skills and other topics<\/span>\n\t\t\t\t\t\t\t\t\t<\/li>\n\t\t\t\t\t\t\t\t<li class=\"elementor-icon-list-item\">\n\t\t\t\t\t\t\t\t\t\t\t<span class=\"elementor-icon-list-icon\">\n\t\t\t\t\t\t\t<svg xmlns=\"http:\/\/www.w3.org\/2000\/svg\" viewBox=\"0 0 200.03 223.98\"><title>triangle<\/title><g id=\"f83910a4-bf3a-43fa-ba45-274be1a58a4f\" data-name=\"Layer 2\"><g id=\"b013ec88-99f2-4a39-a111-9eec8ee86ea4\" data-name=\"Layer 1\"><path d=\"M36,220.69l152-87.9a24,24,0,0,0,0-41.6h0L36,3.29A23.9,23.9,0,0,0,0,24V200a23.9,23.9,0,0,0,36,20.7Z\"><\/path><\/g><\/g><\/svg>\t\t\t\t\t\t<\/span>\n\t\t\t\t\t\t\t\t\t\t<span class=\"elementor-icon-list-text\"><span>Community forums:<\/span> meetings, roundtable discussions on community issues and topics, opportunities for sharing good practices and for networking<\/span>\n\t\t\t\t\t\t\t\t\t<\/li>\n\t\t\t\t\t\t\t\t<li class=\"elementor-icon-list-item\">\n\t\t\t\t\t\t\t\t\t\t\t<span class=\"elementor-icon-list-icon\">\n\t\t\t\t\t\t\t<svg xmlns=\"http:\/\/www.w3.org\/2000\/svg\" viewBox=\"0 0 200.03 223.98\"><title>triangle<\/title><g id=\"f83910a4-bf3a-43fa-ba45-274be1a58a4f\" data-name=\"Layer 2\"><g id=\"b013ec88-99f2-4a39-a111-9eec8ee86ea4\" data-name=\"Layer 1\"><path d=\"M36,220.69l152-87.9a24,24,0,0,0,0-41.6h0L36,3.29A23.9,23.9,0,0,0,0,24V200a23.9,23.9,0,0,0,36,20.7Z\"><\/path><\/g><\/g><\/svg>\t\t\t\t\t\t<\/span>\n\t\t\t\t\t\t\t\t\t\t<span class=\"elementor-icon-list-text\"><span>Online platform: <\/span>opportunities for publicity, sharing information, capacity building and resource development<\/span>\n\t\t\t\t\t\t\t\t\t<\/li>\n\t\t\t\t\t\t\t\t<li class=\"elementor-icon-list-item\">\n\t\t\t\t\t\t\t\t\t\t\t<span class=\"elementor-icon-list-icon\">\n\t\t\t\t\t\t\t<svg xmlns=\"http:\/\/www.w3.org\/2000\/svg\" viewBox=\"0 0 200.03 223.98\"><title>triangle<\/title><g id=\"f83910a4-bf3a-43fa-ba45-274be1a58a4f\" data-name=\"Layer 2\"><g id=\"b013ec88-99f2-4a39-a111-9eec8ee86ea4\" data-name=\"Layer 1\"><path d=\"M36,220.69l152-87.9a24,24,0,0,0,0-41.6h0L36,3.29A23.9,23.9,0,0,0,0,24V200a23.9,23.9,0,0,0,36,20.7Z\"><\/path><\/g><\/g><\/svg>\t\t\t\t\t\t<\/span>\n\t\t\t\t\t\t\t\t\t\t<span class=\"elementor-icon-list-text\"><span>Know-how: <\/span>free access to materials, manuals, articles and books both online and offline<\/span>\n\t\t\t\t\t\t\t\t\t<\/li>\n\t\t\t\t\t\t\t\t<li class=\"elementor-icon-list-item\">\n\t\t\t\t\t\t\t\t\t\t\t<span class=\"elementor-icon-list-icon\">\n\t\t\t\t\t\t\t<svg xmlns=\"http:\/\/www.w3.org\/2000\/svg\" viewBox=\"0 0 200.03 223.98\"><title>triangle<\/title><g id=\"f83910a4-bf3a-43fa-ba45-274be1a58a4f\" data-name=\"Layer 2\"><g id=\"b013ec88-99f2-4a39-a111-9eec8ee86ea4\" data-name=\"Layer 1\"><path d=\"M36,220.69l152-87.9a24,24,0,0,0,0-41.6h0L36,3.29A23.9,23.9,0,0,0,0,24V200a23.9,23.9,0,0,0,36,20.7Z\"><\/path><\/g><\/g><\/svg>\t\t\t\t\t\t<\/span>\n\t\t\t\t\t\t\t\t\t\t<span class=\"elementor-icon-list-text\"><span>Resource development: <\/span>networking and meetings with potential donors, online fundraising campaigns and up to date data of funds and grants<\/span>\n\t\t\t\t\t\t\t\t\t<\/li>\n\t\t\t\t\t\t\t\t<li class=\"elementor-icon-list-item\">\n\t\t\t\t\t\t\t\t\t\t\t<span class=\"elementor-icon-list-icon\">\n\t\t\t\t\t\t\t<svg xmlns=\"http:\/\/www.w3.org\/2000\/svg\" viewBox=\"0 0 200.03 223.98\"><title>triangle<\/title><g id=\"f83910a4-bf3a-43fa-ba45-274be1a58a4f\" data-name=\"Layer 2\"><g id=\"b013ec88-99f2-4a39-a111-9eec8ee86ea4\" data-name=\"Layer 1\"><path d=\"M36,220.69l152-87.9a24,24,0,0,0,0-41.6h0L36,3.29A23.9,23.9,0,0,0,0,24V200a23.9,23.9,0,0,0,36,20.7Z\"><\/path><\/g><\/g><\/svg>\t\t\t\t\t\t<\/span>\n\t\t\t\t\t\t\t\t\t\t<span class=\"elementor-icon-list-text\"><span>Financial support:<\/span> grant opportunities for organizations and new initiatives<\/span>\n\t\t\t\t\t\t\t\t\t<\/li>\n\t\t\t\t\t\t<\/ul>\n\t\t\t\t\t\t<\/div>\n\t\t\t\t<\/div>\n\t\t\t\t\t<\/div>\n\t\t\t\t<\/div>\n\t\t\t\t\t<\/div>\n\t\t\t\t<\/div>\n\t\t\t\t<\/div>\n\t\t","protected":false},"excerpt":{"rendered":"<p>What we do The primary goal of the Mozaik Hub is to incubate and build the capacity of NGOs working to advance Jewish community life and Jewish values. With its [&hellip;]<\/p>\n","protected":false},"author":1,"featured_media":0,"parent":0,"menu_order":0,"comment_status":"closed","ping_status":"closed","template":"","meta":{"_acf_changed":false,"_glsr_average":0,"_glsr_ranking":0,"_glsr_reviews":0,"footnotes":""},"class_list":["post-11706","page","type-page","status-publish","hentry"],"acf":[],"yoast_head":"<!-- This site is optimized with the Yoast SEO Premium plugin v27.2 (Yoast SEO v27.2) - https:\/\/yoast.com\/product\/yoast-seo-premium-wordpress\/ -->\n<title>What we do - Mozaik Hub<\/title>\n<meta name=\"description\" content=\"The Mozaik Jewish Community Hub is a program of JDC. The Mozaik Hub is a professional platform that provides infrastructure, co-working space, customized professional support, learning opportunities and financial support for Jewish community NGOs and initiatives in Hungary.\" \/>\n<meta name=\"robots\" content=\"index, follow, max-snippet:-1, max-image-preview:large, max-video-preview:-1\" \/>\n<link rel=\"canonical\" href=\"https:\/\/mozaikhub.hu\/en\/what-we-do\/\" \/>\n<meta property=\"og:locale\" content=\"en_US\" \/>\n<meta property=\"og:type\" content=\"article\" \/>\n<meta property=\"og:title\" content=\"What we do\" \/>\n<meta property=\"og:description\" content=\"The Mozaik Jewish Community Hub is a program of JDC. The Mozaik Hub is a professional platform that provides infrastructure, co-working space, customized professional support, learning opportunities and financial support for Jewish community NGOs and initiatives in Hungary.\" \/>\n<meta property=\"og:url\" content=\"https:\/\/mozaikhub.hu\/en\/what-we-do\/\" \/>\n<meta property=\"og:site_name\" content=\"Mozaik Hub\" \/>\n<meta property=\"article:publisher\" content=\"https:\/\/www.facebook.com\/mozaikhub\/\" \/>\n<meta property=\"article:modified_time\" content=\"2025-02-12T09:52:15+00:00\" \/>\n<meta property=\"og:image\" content=\"https:\/\/mozaikhub.hu\/wp-content\/uploads\/2025\/01\/mozaik-hub.jpg\" \/>\n\t<meta property=\"og:image:width\" content=\"1200\" \/>\n\t<meta property=\"og:image:height\" content=\"675\" \/>\n\t<meta property=\"og:image:type\" content=\"image\/jpeg\" \/>\n<meta name=\"twitter:card\" content=\"summary_large_image\" \/>\n<meta name=\"twitter:site\" content=\"@mozaikhub\" \/>\n<meta name=\"twitter:label1\" content=\"Est. reading time\" \/>\n\t<meta name=\"twitter:data1\" content=\"2 minutes\" \/>\n<script type=\"application\/ld+json\" class=\"yoast-schema-graph\">{\"@context\":\"https:\/\/schema.org\",\"@graph\":[{\"@type\":\"WebPage\",\"@id\":\"https:\/\/mozaikhub.hu\/en\/what-we-do\/\",\"url\":\"https:\/\/mozaikhub.hu\/en\/what-we-do\/\",\"name\":\"What we do - Mozaik Hub\",\"isPartOf\":{\"@id\":\"https:\/\/mozaikhub.hu\/#website\"},\"datePublished\":\"2024-06-11T18:12:00+00:00\",\"dateModified\":\"2025-02-12T09:52:15+00:00\",\"description\":\"The Mozaik Jewish Community Hub is a program of JDC. The Mozaik Hub is a professional platform that provides infrastructure, co-working space, customized professional support, learning opportunities and financial support for Jewish community NGOs and initiatives in Hungary.\",\"breadcrumb\":{\"@id\":\"https:\/\/mozaikhub.hu\/en\/what-we-do\/#breadcrumb\"},\"inLanguage\":\"en-US\",\"potentialAction\":[{\"@type\":\"ReadAction\",\"target\":[\"https:\/\/mozaikhub.hu\/en\/what-we-do\/\"]}]},{\"@type\":\"BreadcrumbList\",\"@id\":\"https:\/\/mozaikhub.hu\/en\/what-we-do\/#breadcrumb\",\"itemListElement\":[{\"@type\":\"ListItem\",\"position\":1,\"name\":\"Home\",\"item\":\"https:\/\/mozaikhub.hu\/\"},{\"@type\":\"ListItem\",\"position\":2,\"name\":\"What we do\"}]},{\"@type\":\"WebSite\",\"@id\":\"https:\/\/mozaikhub.hu\/#website\",\"url\":\"https:\/\/mozaikhub.hu\/\",\"name\":\"Mozaik Hub\",\"description\":\"Mozaik Zsid\u00f3 K\u00f6z\u00f6ss\u00e9gi Hub\",\"publisher\":{\"@id\":\"https:\/\/mozaikhub.hu\/#organization\"},\"potentialAction\":[{\"@type\":\"SearchAction\",\"target\":{\"@type\":\"EntryPoint\",\"urlTemplate\":\"https:\/\/mozaikhub.hu\/?s={search_term_string}\"},\"query-input\":{\"@type\":\"PropertyValueSpecification\",\"valueRequired\":true,\"valueName\":\"search_term_string\"}}],\"inLanguage\":\"en-US\"},{\"@type\":\"Organization\",\"@id\":\"https:\/\/mozaikhub.hu\/#organization\",\"name\":\"Mozaik Hub\",\"url\":\"https:\/\/mozaikhub.hu\/\",\"logo\":{\"@type\":\"ImageObject\",\"inLanguage\":\"en-US\",\"@id\":\"https:\/\/mozaikhub.hu\/#\/schema\/logo\/image\/\",\"url\":\"https:\/\/mozaikhub.hu\/wp-content\/uploads\/2024\/03\/logo-hu.svg\",\"contentUrl\":\"https:\/\/mozaikhub.hu\/wp-content\/uploads\/2024\/03\/logo-hu.svg\",\"width\":194,\"height\":50,\"caption\":\"Mozaik Hub\"},\"image\":{\"@id\":\"https:\/\/mozaikhub.hu\/#\/schema\/logo\/image\/\"},\"sameAs\":[\"https:\/\/www.facebook.com\/mozaikhub\/\",\"https:\/\/x.com\/mozaikhub\",\"https:\/\/www.instagram.com\/mozaik_hub\/\",\"https:\/\/www.youtube.com\/channel\/UCWarUAYokOYV6Xs-jpcUUNw\"]}]}<\/script>\n<!-- \/ Yoast SEO Premium plugin. -->","yoast_head_json":{"title":"What we do - Mozaik Hub","description":"The Mozaik Jewish Community Hub is a program of JDC. The Mozaik Hub is a professional platform that provides infrastructure, co-working space, customized professional support, learning opportunities and financial support for Jewish community NGOs and initiatives in Hungary.","robots":{"index":"index","follow":"follow","max-snippet":"max-snippet:-1","max-image-preview":"max-image-preview:large","max-video-preview":"max-video-preview:-1"},"canonical":"https:\/\/mozaikhub.hu\/en\/what-we-do\/","og_locale":"en_US","og_type":"article","og_title":"What we do","og_description":"The Mozaik Jewish Community Hub is a program of JDC. The Mozaik Hub is a professional platform that provides infrastructure, co-working space, customized professional support, learning opportunities and financial support for Jewish community NGOs and initiatives in Hungary.","og_url":"https:\/\/mozaikhub.hu\/en\/what-we-do\/","og_site_name":"Mozaik Hub","article_publisher":"https:\/\/www.facebook.com\/mozaikhub\/","article_modified_time":"2025-02-12T09:52:15+00:00","og_image":[{"width":1200,"height":675,"url":"https:\/\/mozaikhub.hu\/wp-content\/uploads\/2025\/01\/mozaik-hub.jpg","type":"image\/jpeg"}],"twitter_card":"summary_large_image","twitter_site":"@mozaikhub","twitter_misc":{"Est. reading time":"2 minutes"},"schema":{"@context":"https:\/\/schema.org","@graph":[{"@type":"WebPage","@id":"https:\/\/mozaikhub.hu\/en\/what-we-do\/","url":"https:\/\/mozaikhub.hu\/en\/what-we-do\/","name":"What we do - Mozaik Hub","isPartOf":{"@id":"https:\/\/mozaikhub.hu\/#website"},"datePublished":"2024-06-11T18:12:00+00:00","dateModified":"2025-02-12T09:52:15+00:00","description":"The Mozaik Jewish Community Hub is a program of JDC. The Mozaik Hub is a professional platform that provides infrastructure, co-working space, customized professional support, learning opportunities and financial support for Jewish community NGOs and initiatives in Hungary.","breadcrumb":{"@id":"https:\/\/mozaikhub.hu\/en\/what-we-do\/#breadcrumb"},"inLanguage":"en-US","potentialAction":[{"@type":"ReadAction","target":["https:\/\/mozaikhub.hu\/en\/what-we-do\/"]}]},{"@type":"BreadcrumbList","@id":"https:\/\/mozaikhub.hu\/en\/what-we-do\/#breadcrumb","itemListElement":[{"@type":"ListItem","position":1,"name":"Home","item":"https:\/\/mozaikhub.hu\/"},{"@type":"ListItem","position":2,"name":"What we do"}]},{"@type":"WebSite","@id":"https:\/\/mozaikhub.hu\/#website","url":"https:\/\/mozaikhub.hu\/","name":"Mozaik Hub","description":"Mozaik Zsid\u00f3 K\u00f6z\u00f6ss\u00e9gi Hub","publisher":{"@id":"https:\/\/mozaikhub.hu\/#organization"},"potentialAction":[{"@type":"SearchAction","target":{"@type":"EntryPoint","urlTemplate":"https:\/\/mozaikhub.hu\/?s={search_term_string}"},"query-input":{"@type":"PropertyValueSpecification","valueRequired":true,"valueName":"search_term_string"}}],"inLanguage":"en-US"},{"@type":"Organization","@id":"https:\/\/mozaikhub.hu\/#organization","name":"Mozaik Hub","url":"https:\/\/mozaikhub.hu\/","logo":{"@type":"ImageObject","inLanguage":"en-US","@id":"https:\/\/mozaikhub.hu\/#\/schema\/logo\/image\/","url":"https:\/\/mozaikhub.hu\/wp-content\/uploads\/2024\/03\/logo-hu.svg","contentUrl":"https:\/\/mozaikhub.hu\/wp-content\/uploads\/2024\/03\/logo-hu.svg","width":194,"height":50,"caption":"Mozaik Hub"},"image":{"@id":"https:\/\/mozaikhub.hu\/#\/schema\/logo\/image\/"},"sameAs":["https:\/\/www.facebook.com\/mozaikhub\/","https:\/\/x.com\/mozaikhub","https:\/\/www.instagram.com\/mozaik_hub\/","https:\/\/www.youtube.com\/channel\/UCWarUAYokOYV6Xs-jpcUUNw"]}]}},"_links":{"self":[{"href":"https:\/\/mozaikhub.hu\/en\/wp-json\/wp\/v2\/pages\/11706","targetHints":{"allow":["GET"]}}],"collection":[{"href":"https:\/\/mozaikhub.hu\/en\/wp-json\/wp\/v2\/pages"}],"about":[{"href":"https:\/\/mozaikhub.hu\/en\/wp-json\/wp\/v2\/types\/page"}],"author":[{"embeddable":true,"href":"https:\/\/mozaikhub.hu\/en\/wp-json\/wp\/v2\/users\/1"}],"replies":[{"embeddable":true,"href":"https:\/\/mozaikhub.hu\/en\/wp-json\/wp\/v2\/comments?post=11706"}],"version-history":[{"count":2,"href":"https:\/\/mozaikhub.hu\/en\/wp-json\/wp\/v2\/pages\/11706\/revisions"}],"predecessor-version":[{"id":12232,"href":"https:\/\/mozaikhub.hu\/en\/wp-json\/wp\/v2\/pages\/11706\/revisions\/12232"}],"wp:attachment":[{"href":"https:\/\/mozaikhub.hu\/en\/wp-json\/wp\/v2\/media?parent=11706"}],"curies":[{"name":"wp","href":"https:\/\/api.w.org\/{rel}","templated":true}]}}